{"id":999,"date":"2025-02-24T17:51:22","date_gmt":"2025-02-24T16:51:22","guid":{"rendered":"https:\/\/webstaging.spka.ch\/jeunessesport\/pour-les-clubs-de-parkour\/"},"modified":"2025-09-03T13:54:52","modified_gmt":"2025-09-03T11:54:52","slug":"js-for-parkour-clubs","status":"publish","type":"page","link":"https:\/\/webstaging.spka.ch\/fr\/js\/js-for-parkour-clubs\/","title":{"rendered":"Pour les clubs de Parkour"},"content":{"rendered":"\n<h2 class=\"wp-block-heading\">Pour les clubs de Parkour<\/h2>\n\n<h3 class=\"wp-block-heading\">Pourquoi Jeunesse+Sport ?<\/h3>\n\n<p>Jeunesse+Sport soutient les clubs de sport en Suisse par des subventions, ce qui permet \u00e0 chaque club de parkour ayant des moniteurs J+S form\u00e9s d&rsquo;en b\u00e9n\u00e9ficier. D\u00e8s qu&rsquo;un club utilise des moniteurs J+S dans des cours actifs, le Coach J+S (chaque club a son propre coach) ouvre un cours dans la base de donn\u00e9es nationale pour le sport. \u00c0 la fin du cours (dur\u00e9e minimale du cours : 14 semaines), le club re\u00e7oit un premier paiement partiel de 80 % des subventions. Le paiement restant, d&rsquo;un maximum de 20 %, est ensuite effectu\u00e9 au d\u00e9but de l&rsquo;ann\u00e9e suivante. Ces subventions sont accord\u00e9es parce que le parkour a \u00e9t\u00e9 propos\u00e9 dans le cadre de J+S. Vous trouverez toutes les informations dans le guide suivant :       <\/p>\n\n<blockquote class=\"wp-block-quote is-layout-flow wp-block-quote-is-layout-flow\">\n<p><em><a href=\"https:\/\/www.jugendundsport.ch\/fr\/guide-coach\" target=\"_blank\" rel=\"noreferrer noopener\">Lignes directrices pour les Coachs Jeunesse+Sport <\/a><\/em><\/p>\n<\/blockquote>\n\n<p>Pour pouvoir facturer les cours J+S en tant qu&rsquo;organisation, chaque club a besoin de son propre Y+S-Coach qui g\u00e8re l&rsquo;administration des cours internes du club. Une formation J+S-Coach ne dure que quelques heures et peut \u00eatre effectu\u00e9e dans de nombreux endroits en Suisse. Identifiez dans votre club une personne qui souhaite assumer cette t\u00e2che et choisissez un cours J+S-Coach adapt\u00e9. Lien vers l&rsquo;offre de cours de coach :   <\/p>\n\n<blockquote class=\"wp-block-quote is-layout-flow wp-block-quote-is-layout-flow\">\n<p><em><a href=\"https:\/\/www.nds.baspo.admin.ch\/publicArea\/cadreEducationStructure\/cadre\/education-structure\/jsCoach\/structure\" target=\"_blank\" rel=\"noreferrer noopener\">Plan de cours pour les Coachs<\/a><\/em><\/p>\n<\/blockquote>\n\n<p>D\u00e8s que vous avez un Coach J+S dans votre club, vous pouvez inscrire vos moniteurs J+S potentiels aux cours de moniteurs de parkour. Apr\u00e8s le cours d&rsquo;instructeur, l&rsquo;entra\u00eeneur peut enregistrer les cours des moniteurs J+S et demander des subventions. <\/p>\n\n<p>Pour plus d&rsquo;informations ou pour toute question, vous pouvez nous contacter \u00e0 tout moment. Contactez-nous par e-mail \u00e0 l&rsquo;adresse suivante <em><a href=\"mailto:info@spka.ch\">info@spka.ch<\/a><\/em>. <\/p>\n\n<figure class=\"wp-block-image alignfull size-full\"><img loading=\"lazy\" decoding=\"async\" width=\"2560\" height=\"980\" src=\"\/wp-content\/uploads\/JS_Lager-138-scaled.jpg\" alt=\"\" class=\"wp-image-164\" srcset=\"\/wp-content\/uploads\/JS_Lager-138-scaled.jpg 2560w, \/wp-content\/uploads\/JS_Lager-138-300x115.jpg 300w, \/wp-content\/uploads\/JS_Lager-138-1024x392.jpg 1024w, \/wp-content\/uploads\/JS_Lager-138-768x294.jpg 768w, \/wp-content\/uploads\/JS_Lager-138-1536x588.jpg 1536w, \/wp-content\/uploads\/JS_Lager-138-2048x784.jpg 2048w\" sizes=\"auto, (max-width: 2560px) 100vw, 2560px\" \/><\/figure>\n","protected":false},"excerpt":{"rendered":"<p>Pour les clubs de Parkour Pourquoi Jeunesse+Sport ? Jeunesse+Sport soutient les clubs de sport en Suisse par des subventions, ce qui permet \u00e0 chaque club de parkour ayant des moniteurs J+S form\u00e9s d&rsquo;en b\u00e9n\u00e9ficier. D\u00e8s qu&rsquo;un club utilise des moniteurs J+S dans des cours actifs, le Coach J+S (chaque club a son propre coach) ouvre [&hellip;]<\/p>\n","protected":false},"author":2,"featured_media":0,"parent":914,"menu_order":0,"comment_status":"closed","ping_status":"closed","template":"","meta":{"footnotes":""},"class_list":["post-999","page","type-page","status-publish","hentry"],"blocksy_meta":[],"yoast_head":"<!-- This site is optimized with the Yoast SEO plugin v27.2 - https:\/\/yoast.com\/product\/yoast-seo-wordpress\/ -->\n<title>Pour les clubs de Parkour - Swiss Parkour Association<\/title>\n<meta name=\"robots\" content=\"index, follow, max-snippet:-1, max-image-preview:large, max-video-preview:-1\" \/>\n<link rel=\"canonical\" href=\"https:\/\/webstaging.spka.ch\/fr\/js\/js-for-parkour-clubs\/\" \/>\n<meta property=\"og:locale\" content=\"fr_FR\" \/>\n<meta property=\"og:type\" content=\"article\" \/>\n<meta property=\"og:title\" content=\"Pour les clubs de Parkour - Swiss Parkour Association\" \/>\n<meta property=\"og:description\" content=\"Pour les clubs de Parkour Pourquoi Jeunesse+Sport ? Jeunesse+Sport soutient les clubs de sport en Suisse par des subventions, ce qui permet \u00e0 chaque club de parkour ayant des moniteurs J+S form\u00e9s d&rsquo;en b\u00e9n\u00e9ficier. D\u00e8s qu&rsquo;un club utilise des moniteurs J+S dans des cours actifs, le Coach J+S (chaque club a son propre coach) ouvre [&hellip;]\" \/>\n<meta property=\"og:url\" content=\"https:\/\/webstaging.spka.ch\/fr\/js\/js-for-parkour-clubs\/\" \/>\n<meta property=\"og:site_name\" content=\"Swiss Parkour Association\" \/>\n<meta property=\"article:modified_time\" content=\"2025-09-03T11:54:52+00:00\" \/>\n<meta name=\"twitter:card\" content=\"summary_large_image\" \/>\n<meta name=\"twitter:label1\" content=\"Dur\u00e9e de lecture estim\u00e9e\" \/>\n\t<meta name=\"twitter:data1\" content=\"1 minute\" \/>\n<script type=\"application\/ld+json\" class=\"yoast-schema-graph\">{\"@context\":\"https:\/\/schema.org\",\"@graph\":[{\"@type\":\"WebPage\",\"@id\":\"https:\/\/webstaging.spka.ch\/fr\/js\/js-for-parkour-clubs\/\",\"url\":\"https:\/\/webstaging.spka.ch\/fr\/js\/js-for-parkour-clubs\/\",\"name\":\"Pour les clubs de Parkour - Swiss Parkour Association\",\"isPartOf\":{\"@id\":\"https:\/\/spka-wordpress-fhf0e0dzb2bveydb.switzerlandnorth-01.azurewebsites.net\/en\/#website\"},\"datePublished\":\"2025-02-24T16:51:22+00:00\",\"dateModified\":\"2025-09-03T11:54:52+00:00\",\"breadcrumb\":{\"@id\":\"https:\/\/webstaging.spka.ch\/fr\/js\/js-for-parkour-clubs\/#breadcrumb\"},\"inLanguage\":\"fr-FR\",\"potentialAction\":[{\"@type\":\"ReadAction\",\"target\":[\"https:\/\/webstaging.spka.ch\/fr\/js\/js-for-parkour-clubs\/\"]}]},{\"@type\":\"BreadcrumbList\",\"@id\":\"https:\/\/webstaging.spka.ch\/fr\/js\/js-for-parkour-clubs\/#breadcrumb\",\"itemListElement\":[{\"@type\":\"ListItem\",\"position\":1,\"name\":\"Home\",\"item\":\"https:\/\/spka.ch\/fr\/\"},{\"@type\":\"ListItem\",\"position\":2,\"name\":\"Jeunesse+Sport Information G\u00e9n\u00e9rale\",\"item\":\"https:\/\/spka.ch\/fr\/js\/\"},{\"@type\":\"ListItem\",\"position\":3,\"name\":\"Pour les clubs de Parkour\"}]},{\"@type\":\"WebSite\",\"@id\":\"https:\/\/spka-wordpress-fhf0e0dzb2bveydb.switzerlandnorth-01.azurewebsites.net\/en\/#website\",\"url\":\"https:\/\/spka-wordpress-fhf0e0dzb2bveydb.switzerlandnorth-01.azurewebsites.net\/en\/\",\"name\":\"Swiss Parkour Association\",\"description\":\"\",\"publisher\":{\"@id\":\"https:\/\/spka-wordpress-fhf0e0dzb2bveydb.switzerlandnorth-01.azurewebsites.net\/en\/#organization\"},\"potentialAction\":[{\"@type\":\"SearchAction\",\"target\":{\"@type\":\"EntryPoint\",\"urlTemplate\":\"https:\/\/spka-wordpress-fhf0e0dzb2bveydb.switzerlandnorth-01.azurewebsites.net\/en\/?s={search_term_string}\"},\"query-input\":{\"@type\":\"PropertyValueSpecification\",\"valueRequired\":true,\"valueName\":\"search_term_string\"}}],\"inLanguage\":\"fr-FR\"},{\"@type\":\"Organization\",\"@id\":\"https:\/\/spka-wordpress-fhf0e0dzb2bveydb.switzerlandnorth-01.azurewebsites.net\/en\/#organization\",\"name\":\"Swiss Parkour Association\",\"url\":\"https:\/\/spka-wordpress-fhf0e0dzb2bveydb.switzerlandnorth-01.azurewebsites.net\/en\/\",\"logo\":{\"@type\":\"ImageObject\",\"inLanguage\":\"fr-FR\",\"@id\":\"https:\/\/spka-wordpress-fhf0e0dzb2bveydb.switzerlandnorth-01.azurewebsites.net\/en\/#\/schema\/logo\/image\/\",\"url\":\"\/wp-content\/uploads\/logo-dark-circle.png\",\"contentUrl\":\"\/wp-content\/uploads\/logo-dark-circle.png\",\"width\":527,\"height\":527,\"caption\":\"Swiss Parkour Association\"},\"image\":{\"@id\":\"https:\/\/spka-wordpress-fhf0e0dzb2bveydb.switzerlandnorth-01.azurewebsites.net\/en\/#\/schema\/logo\/image\/\"},\"sameAs\":[\"https:\/\/www.instagram.com\/spka.swiss\/\"]}]}<\/script>\n<!-- \/ Yoast SEO plugin. -->","yoast_head_json":{"title":"Pour les clubs de Parkour - Swiss Parkour Association","robots":{"index":"index","follow":"follow","max-snippet":"max-snippet:-1","max-image-preview":"max-image-preview:large","max-video-preview":"max-video-preview:-1"},"canonical":"https:\/\/webstaging.spka.ch\/fr\/js\/js-for-parkour-clubs\/","og_locale":"fr_FR","og_type":"article","og_title":"Pour les clubs de Parkour - Swiss Parkour Association","og_description":"Pour les clubs de Parkour Pourquoi Jeunesse+Sport ? Jeunesse+Sport soutient les clubs de sport en Suisse par des subventions, ce qui permet \u00e0 chaque club de parkour ayant des moniteurs J+S form\u00e9s d&rsquo;en b\u00e9n\u00e9ficier. D\u00e8s qu&rsquo;un club utilise des moniteurs J+S dans des cours actifs, le Coach J+S (chaque club a son propre coach) ouvre [&hellip;]","og_url":"https:\/\/webstaging.spka.ch\/fr\/js\/js-for-parkour-clubs\/","og_site_name":"Swiss Parkour Association","article_modified_time":"2025-09-03T11:54:52+00:00","twitter_card":"summary_large_image","twitter_misc":{"Dur\u00e9e de lecture estim\u00e9e":"1 minute"},"schema":{"@context":"https:\/\/schema.org","@graph":[{"@type":"WebPage","@id":"https:\/\/webstaging.spka.ch\/fr\/js\/js-for-parkour-clubs\/","url":"https:\/\/webstaging.spka.ch\/fr\/js\/js-for-parkour-clubs\/","name":"Pour les clubs de Parkour - Swiss Parkour Association","isPartOf":{"@id":"https:\/\/spka-wordpress-fhf0e0dzb2bveydb.switzerlandnorth-01.azurewebsites.net\/en\/#website"},"datePublished":"2025-02-24T16:51:22+00:00","dateModified":"2025-09-03T11:54:52+00:00","breadcrumb":{"@id":"https:\/\/webstaging.spka.ch\/fr\/js\/js-for-parkour-clubs\/#breadcrumb"},"inLanguage":"fr-FR","potentialAction":[{"@type":"ReadAction","target":["https:\/\/webstaging.spka.ch\/fr\/js\/js-for-parkour-clubs\/"]}]},{"@type":"BreadcrumbList","@id":"https:\/\/webstaging.spka.ch\/fr\/js\/js-for-parkour-clubs\/#breadcrumb","itemListElement":[{"@type":"ListItem","position":1,"name":"Home","item":"https:\/\/spka.ch\/fr\/"},{"@type":"ListItem","position":2,"name":"Jeunesse+Sport Information G\u00e9n\u00e9rale","item":"https:\/\/spka.ch\/fr\/js\/"},{"@type":"ListItem","position":3,"name":"Pour les clubs de Parkour"}]},{"@type":"WebSite","@id":"https:\/\/spka-wordpress-fhf0e0dzb2bveydb.switzerlandnorth-01.azurewebsites.net\/en\/#website","url":"https:\/\/spka-wordpress-fhf0e0dzb2bveydb.switzerlandnorth-01.azurewebsites.net\/en\/","name":"Swiss Parkour Association","description":"","publisher":{"@id":"https:\/\/spka-wordpress-fhf0e0dzb2bveydb.switzerlandnorth-01.azurewebsites.net\/en\/#organization"},"potentialAction":[{"@type":"SearchAction","target":{"@type":"EntryPoint","urlTemplate":"https:\/\/spka-wordpress-fhf0e0dzb2bveydb.switzerlandnorth-01.azurewebsites.net\/en\/?s={search_term_string}"},"query-input":{"@type":"PropertyValueSpecification","valueRequired":true,"valueName":"search_term_string"}}],"inLanguage":"fr-FR"},{"@type":"Organization","@id":"https:\/\/spka-wordpress-fhf0e0dzb2bveydb.switzerlandnorth-01.azurewebsites.net\/en\/#organization","name":"Swiss Parkour Association","url":"https:\/\/spka-wordpress-fhf0e0dzb2bveydb.switzerlandnorth-01.azurewebsites.net\/en\/","logo":{"@type":"ImageObject","inLanguage":"fr-FR","@id":"https:\/\/spka-wordpress-fhf0e0dzb2bveydb.switzerlandnorth-01.azurewebsites.net\/en\/#\/schema\/logo\/image\/","url":"\/wp-content\/uploads\/logo-dark-circle.png","contentUrl":"\/wp-content\/uploads\/logo-dark-circle.png","width":527,"height":527,"caption":"Swiss Parkour Association"},"image":{"@id":"https:\/\/spka-wordpress-fhf0e0dzb2bveydb.switzerlandnorth-01.azurewebsites.net\/en\/#\/schema\/logo\/image\/"},"sameAs":["https:\/\/www.instagram.com\/spka.swiss\/"]}]}},"jetpack_sharing_enabled":true,"jetpack_shortlink":"https:\/\/wp.me\/PgGha7-g7","_links":{"self":[{"href":"https:\/\/webstaging.spka.ch\/fr\/wp-json\/wp\/v2\/pages\/999","targetHints":{"allow":["GET"]}}],"collection":[{"href":"https:\/\/webstaging.spka.ch\/fr\/wp-json\/wp\/v2\/pages"}],"about":[{"href":"https:\/\/webstaging.spka.ch\/fr\/wp-json\/wp\/v2\/types\/page"}],"author":[{"embeddable":true,"href":"https:\/\/webstaging.spka.ch\/fr\/wp-json\/wp\/v2\/users\/2"}],"replies":[{"embeddable":true,"href":"https:\/\/webstaging.spka.ch\/fr\/wp-json\/wp\/v2\/comments?post=999"}],"version-history":[{"count":4,"href":"https:\/\/webstaging.spka.ch\/fr\/wp-json\/wp\/v2\/pages\/999\/revisions"}],"predecessor-version":[{"id":1296,"href":"https:\/\/webstaging.spka.ch\/fr\/wp-json\/wp\/v2\/pages\/999\/revisions\/1296"}],"up":[{"embeddable":true,"href":"https:\/\/webstaging.spka.ch\/fr\/wp-json\/wp\/v2\/pages\/914"}],"wp:attachment":[{"href":"https:\/\/webstaging.spka.ch\/fr\/wp-json\/wp\/v2\/media?parent=999"}],"curies":[{"name":"wp","href":"https:\/\/api.w.org\/{rel}","templated":true}]}}