{"id":959,"date":"2025-02-24T17:52:59","date_gmt":"2025-02-24T16:52:59","guid":{"rendered":"https:\/\/webstaging.spka.ch\/valeurs-et-ethique\/"},"modified":"2025-10-08T01:24:46","modified_gmt":"2025-10-07T23:24:46","slug":"values-ethics","status":"publish","type":"page","link":"https:\/\/webstaging.spka.ch\/fr\/values-ethics\/","title":{"rendered":"Valeurs et \u00e9thique"},"content":{"rendered":"\n<div class=\"wp-block-cover alignfull has-parallax\"><div class=\"wp-block-cover__image-background wp-image-248 size-large has-parallax\" style=\"background-position:50% 50%;background-image:url(\/wp-content\/uploads\/Gros-SPTgenf_-36-1024x682.jpeg)\"><\/div><span aria-hidden=\"true\" class=\"wp-block-cover__background has-palette-color-3-background-color has-background-dim\"><\/span><div class=\"wp-block-cover__inner-container is-layout-constrained wp-block-cover-is-layout-constrained\">\n<p class=\"has-text-align-center has-palette-color-2-color has-text-color has-link-color has-x-large-font-size wp-elements-2da7dab374d3a7d83e6b7f43eeff061c\"><strong>VALEURS &amp; \u00c9THIQUE<\/strong><\/p>\n<\/div><\/div>\n\n<blockquote class=\"wp-block-quote is-layout-flow wp-block-quote-is-layout-flow\">\n<p>\u00ab\u00a0La SPKA s&rsquo;engage sans r\u00e9serve en faveur d&rsquo;un sport respectueux, sain, \u00e9quitable et performant.\u00a0\u00bb<\/p>\n<\/blockquote>\n\n<p>Le <a href=\"https:\/\/www.swissolympic.ch\/fr\/federations\/valeurs-ethique\/ethik-statut\" target=\"_blank\" rel=\"noreferrer noopener\">statut \u00e9thique de Swiss Sport<\/a> a cr\u00e9\u00e9 une base uniforme et fondamentale pour signaler, enqu\u00eater et sanctionner les incidents \u00e9thiques. Nous sommes guid\u00e9s par ces r\u00e8gles car le statut se fonde sur les valeurs olympiques, ainsi que sur la Charte \u00e9thique, \u00e0 laquelle nous adh\u00e9rons dans le domaine de Jeunesse+Sport. <\/p>\n\n<p>La SPKA s&rsquo;engage pour que les valeurs et les principes \u00e9thiques fondamentaux soient respect\u00e9s dans chaque club de parkour en Suisse et dans chaque programme de parkour. Ainsi, chaque traceur contribue \u00e0 un sport durable et pr\u00e9cieux.   <br\/>Nous ne tol\u00e9rons aucun manquement \u00e0 l&rsquo;\u00e9thique, mais vivons l&rsquo;amiti\u00e9 et le sport sous toutes ses facettes.<\/p>\n\n<h3 class=\"wp-block-heading\">Signaler un incident<\/h3>\n\n<p>Toute personne peut signaler \u00e0 <a href=\"https:\/\/www.sportintegrity.ch\/\" target=\"_blank\" rel=\"noreferrer noopener\">Swiss Sport Integrity<\/a>, dans les plus brefs d\u00e9lais, les incidents \u00e9thiques et les violations des r\u00e8gles antidopage dans le sport. L&rsquo;unit\u00e9 de rapport et d&rsquo;enqu\u00eate de Swiss Sport Integrity traite ces rapports de mani\u00e8re ind\u00e9pendante et confidentielle et permet l&rsquo;anonymat si n\u00e9cessaire. Les personnes qui observent, vivent ou ont connaissance de tels incidents dans le sport sont pri\u00e9es de les signaler \u00e0 Swiss Sport Integrity. Les personnes ayant un r\u00f4le de supervision dans le sport, telles que les Coachs, les entra\u00eeneurs ou les superviseurs, ont un devoir suppl\u00e9mentaire de signalement. Swiss Sport Integrity peut \u00eatre contact\u00e9 via le site Internet <a href=\"https:\/\/www.sportintegrity.ch\/\" target=\"_blank\" rel=\"noreferrer noopener\">www.sportintegrity.ch<\/a> et le num\u00e9ro de t\u00e9l\u00e9phone <strong>031 550 21 31<\/strong>.    <\/p>\n","protected":false},"excerpt":{"rendered":"<p>\u00ab\u00a0La SPKA s&rsquo;engage sans r\u00e9serve en faveur d&rsquo;un sport respectueux, sain, \u00e9quitable et performant.\u00a0\u00bb Le statut \u00e9thique de Swiss Sport a cr\u00e9\u00e9 une base uniforme et fondamentale pour signaler, enqu\u00eater et sanctionner les incidents \u00e9thiques. Nous sommes guid\u00e9s par ces r\u00e8gles car le statut se fonde sur les valeurs olympiques, ainsi que sur la Charte [&hellip;]<\/p>\n","protected":false},"author":2,"featured_media":0,"parent":0,"menu_order":0,"comment_status":"closed","ping_status":"closed","template":"","meta":{"footnotes":""},"class_list":["post-959","page","type-page","status-publish","hentry"],"blocksy_meta":[],"yoast_head":"<!-- This site is optimized with the Yoast SEO plugin v27.2 - https:\/\/yoast.com\/product\/yoast-seo-wordpress\/ -->\n<title>Valeurs et \u00e9thique - Swiss Parkour Association<\/title>\n<meta name=\"robots\" content=\"index, follow, max-snippet:-1, max-image-preview:large, max-video-preview:-1\" \/>\n<link rel=\"canonical\" href=\"https:\/\/webstaging.spka.ch\/fr\/values-ethics\/\" \/>\n<meta property=\"og:locale\" content=\"fr_FR\" \/>\n<meta property=\"og:type\" content=\"article\" \/>\n<meta property=\"og:title\" content=\"Valeurs et \u00e9thique - Swiss Parkour Association\" \/>\n<meta property=\"og:description\" content=\"\u00ab\u00a0La SPKA s&rsquo;engage sans r\u00e9serve en faveur d&rsquo;un sport respectueux, sain, \u00e9quitable et performant.\u00a0\u00bb Le statut \u00e9thique de Swiss Sport a cr\u00e9\u00e9 une base uniforme et fondamentale pour signaler, enqu\u00eater et sanctionner les incidents \u00e9thiques. Nous sommes guid\u00e9s par ces r\u00e8gles car le statut se fonde sur les valeurs olympiques, ainsi que sur la Charte [&hellip;]\" \/>\n<meta property=\"og:url\" content=\"https:\/\/webstaging.spka.ch\/fr\/values-ethics\/\" \/>\n<meta property=\"og:site_name\" content=\"Swiss Parkour Association\" \/>\n<meta property=\"article:modified_time\" content=\"2025-10-07T23:24:46+00:00\" \/>\n<meta name=\"twitter:card\" content=\"summary_large_image\" \/>\n<meta name=\"twitter:label1\" content=\"Dur\u00e9e de lecture estim\u00e9e\" \/>\n\t<meta name=\"twitter:data1\" content=\"1 minute\" \/>\n<script type=\"application\/ld+json\" class=\"yoast-schema-graph\">{\"@context\":\"https:\/\/schema.org\",\"@graph\":[{\"@type\":\"WebPage\",\"@id\":\"https:\/\/webstaging.spka.ch\/fr\/values-ethics\/\",\"url\":\"https:\/\/webstaging.spka.ch\/fr\/values-ethics\/\",\"name\":\"Valeurs et \u00e9thique - Swiss Parkour Association\",\"isPartOf\":{\"@id\":\"https:\/\/spka-wordpress-fhf0e0dzb2bveydb.switzerlandnorth-01.azurewebsites.net\/en\/#website\"},\"datePublished\":\"2025-02-24T16:52:59+00:00\",\"dateModified\":\"2025-10-07T23:24:46+00:00\",\"breadcrumb\":{\"@id\":\"https:\/\/webstaging.spka.ch\/fr\/values-ethics\/#breadcrumb\"},\"inLanguage\":\"fr-FR\",\"potentialAction\":[{\"@type\":\"ReadAction\",\"target\":[\"https:\/\/webstaging.spka.ch\/fr\/values-ethics\/\"]}]},{\"@type\":\"BreadcrumbList\",\"@id\":\"https:\/\/webstaging.spka.ch\/fr\/values-ethics\/#breadcrumb\",\"itemListElement\":[{\"@type\":\"ListItem\",\"position\":1,\"name\":\"Home\",\"item\":\"https:\/\/spka.ch\/fr\/\"},{\"@type\":\"ListItem\",\"position\":2,\"name\":\"Valeurs et \u00e9thique\"}]},{\"@type\":\"WebSite\",\"@id\":\"https:\/\/spka-wordpress-fhf0e0dzb2bveydb.switzerlandnorth-01.azurewebsites.net\/en\/#website\",\"url\":\"https:\/\/spka-wordpress-fhf0e0dzb2bveydb.switzerlandnorth-01.azurewebsites.net\/en\/\",\"name\":\"Swiss Parkour Association\",\"description\":\"\",\"publisher\":{\"@id\":\"https:\/\/spka-wordpress-fhf0e0dzb2bveydb.switzerlandnorth-01.azurewebsites.net\/en\/#organization\"},\"potentialAction\":[{\"@type\":\"SearchAction\",\"target\":{\"@type\":\"EntryPoint\",\"urlTemplate\":\"https:\/\/spka-wordpress-fhf0e0dzb2bveydb.switzerlandnorth-01.azurewebsites.net\/en\/?s={search_term_string}\"},\"query-input\":{\"@type\":\"PropertyValueSpecification\",\"valueRequired\":true,\"valueName\":\"search_term_string\"}}],\"inLanguage\":\"fr-FR\"},{\"@type\":\"Organization\",\"@id\":\"https:\/\/spka-wordpress-fhf0e0dzb2bveydb.switzerlandnorth-01.azurewebsites.net\/en\/#organization\",\"name\":\"Swiss Parkour Association\",\"url\":\"https:\/\/spka-wordpress-fhf0e0dzb2bveydb.switzerlandnorth-01.azurewebsites.net\/en\/\",\"logo\":{\"@type\":\"ImageObject\",\"inLanguage\":\"fr-FR\",\"@id\":\"https:\/\/spka-wordpress-fhf0e0dzb2bveydb.switzerlandnorth-01.azurewebsites.net\/en\/#\/schema\/logo\/image\/\",\"url\":\"\/wp-content\/uploads\/logo-dark-circle.png\",\"contentUrl\":\"\/wp-content\/uploads\/logo-dark-circle.png\",\"width\":527,\"height\":527,\"caption\":\"Swiss Parkour Association\"},\"image\":{\"@id\":\"https:\/\/spka-wordpress-fhf0e0dzb2bveydb.switzerlandnorth-01.azurewebsites.net\/en\/#\/schema\/logo\/image\/\"},\"sameAs\":[\"https:\/\/www.instagram.com\/spka.swiss\/\"]}]}<\/script>\n<!-- \/ Yoast SEO plugin. -->","yoast_head_json":{"title":"Valeurs et \u00e9thique - Swiss Parkour Association","robots":{"index":"index","follow":"follow","max-snippet":"max-snippet:-1","max-image-preview":"max-image-preview:large","max-video-preview":"max-video-preview:-1"},"canonical":"https:\/\/webstaging.spka.ch\/fr\/values-ethics\/","og_locale":"fr_FR","og_type":"article","og_title":"Valeurs et \u00e9thique - Swiss Parkour Association","og_description":"\u00ab\u00a0La SPKA s&rsquo;engage sans r\u00e9serve en faveur d&rsquo;un sport respectueux, sain, \u00e9quitable et performant.\u00a0\u00bb Le statut \u00e9thique de Swiss Sport a cr\u00e9\u00e9 une base uniforme et fondamentale pour signaler, enqu\u00eater et sanctionner les incidents \u00e9thiques. Nous sommes guid\u00e9s par ces r\u00e8gles car le statut se fonde sur les valeurs olympiques, ainsi que sur la Charte [&hellip;]","og_url":"https:\/\/webstaging.spka.ch\/fr\/values-ethics\/","og_site_name":"Swiss Parkour Association","article_modified_time":"2025-10-07T23:24:46+00:00","twitter_card":"summary_large_image","twitter_misc":{"Dur\u00e9e de lecture estim\u00e9e":"1 minute"},"schema":{"@context":"https:\/\/schema.org","@graph":[{"@type":"WebPage","@id":"https:\/\/webstaging.spka.ch\/fr\/values-ethics\/","url":"https:\/\/webstaging.spka.ch\/fr\/values-ethics\/","name":"Valeurs et \u00e9thique - Swiss Parkour Association","isPartOf":{"@id":"https:\/\/spka-wordpress-fhf0e0dzb2bveydb.switzerlandnorth-01.azurewebsites.net\/en\/#website"},"datePublished":"2025-02-24T16:52:59+00:00","dateModified":"2025-10-07T23:24:46+00:00","breadcrumb":{"@id":"https:\/\/webstaging.spka.ch\/fr\/values-ethics\/#breadcrumb"},"inLanguage":"fr-FR","potentialAction":[{"@type":"ReadAction","target":["https:\/\/webstaging.spka.ch\/fr\/values-ethics\/"]}]},{"@type":"BreadcrumbList","@id":"https:\/\/webstaging.spka.ch\/fr\/values-ethics\/#breadcrumb","itemListElement":[{"@type":"ListItem","position":1,"name":"Home","item":"https:\/\/spka.ch\/fr\/"},{"@type":"ListItem","position":2,"name":"Valeurs et \u00e9thique"}]},{"@type":"WebSite","@id":"https:\/\/spka-wordpress-fhf0e0dzb2bveydb.switzerlandnorth-01.azurewebsites.net\/en\/#website","url":"https:\/\/spka-wordpress-fhf0e0dzb2bveydb.switzerlandnorth-01.azurewebsites.net\/en\/","name":"Swiss Parkour Association","description":"","publisher":{"@id":"https:\/\/spka-wordpress-fhf0e0dzb2bveydb.switzerlandnorth-01.azurewebsites.net\/en\/#organization"},"potentialAction":[{"@type":"SearchAction","target":{"@type":"EntryPoint","urlTemplate":"https:\/\/spka-wordpress-fhf0e0dzb2bveydb.switzerlandnorth-01.azurewebsites.net\/en\/?s={search_term_string}"},"query-input":{"@type":"PropertyValueSpecification","valueRequired":true,"valueName":"search_term_string"}}],"inLanguage":"fr-FR"},{"@type":"Organization","@id":"https:\/\/spka-wordpress-fhf0e0dzb2bveydb.switzerlandnorth-01.azurewebsites.net\/en\/#organization","name":"Swiss Parkour Association","url":"https:\/\/spka-wordpress-fhf0e0dzb2bveydb.switzerlandnorth-01.azurewebsites.net\/en\/","logo":{"@type":"ImageObject","inLanguage":"fr-FR","@id":"https:\/\/spka-wordpress-fhf0e0dzb2bveydb.switzerlandnorth-01.azurewebsites.net\/en\/#\/schema\/logo\/image\/","url":"\/wp-content\/uploads\/logo-dark-circle.png","contentUrl":"\/wp-content\/uploads\/logo-dark-circle.png","width":527,"height":527,"caption":"Swiss Parkour Association"},"image":{"@id":"https:\/\/spka-wordpress-fhf0e0dzb2bveydb.switzerlandnorth-01.azurewebsites.net\/en\/#\/schema\/logo\/image\/"},"sameAs":["https:\/\/www.instagram.com\/spka.swiss\/"]}]}},"jetpack_sharing_enabled":true,"jetpack_shortlink":"https:\/\/wp.me\/PgGha7-ft","_links":{"self":[{"href":"https:\/\/webstaging.spka.ch\/fr\/wp-json\/wp\/v2\/pages\/959","targetHints":{"allow":["GET"]}}],"collection":[{"href":"https:\/\/webstaging.spka.ch\/fr\/wp-json\/wp\/v2\/pages"}],"about":[{"href":"https:\/\/webstaging.spka.ch\/fr\/wp-json\/wp\/v2\/types\/page"}],"author":[{"embeddable":true,"href":"https:\/\/webstaging.spka.ch\/fr\/wp-json\/wp\/v2\/users\/2"}],"replies":[{"embeddable":true,"href":"https:\/\/webstaging.spka.ch\/fr\/wp-json\/wp\/v2\/comments?post=959"}],"version-history":[{"count":6,"href":"https:\/\/webstaging.spka.ch\/fr\/wp-json\/wp\/v2\/pages\/959\/revisions"}],"predecessor-version":[{"id":1400,"href":"https:\/\/webstaging.spka.ch\/fr\/wp-json\/wp\/v2\/pages\/959\/revisions\/1400"}],"wp:attachment":[{"href":"https:\/\/webstaging.spka.ch\/fr\/wp-json\/wp\/v2\/media?parent=959"}],"curies":[{"name":"wp","href":"https:\/\/api.w.org\/{rel}","templated":true}]}}