{"id":941,"date":"2025-02-24T18:04:50","date_gmt":"2025-02-24T17:04:50","guid":{"rendered":"https:\/\/webstaging.spka.ch\/swiss-parkour-tour\/"},"modified":"2025-09-03T15:02:23","modified_gmt":"2025-09-03T13:02:23","slug":"spt","status":"publish","type":"page","link":"https:\/\/webstaging.spka.ch\/fr\/spt\/","title":{"rendered":"Swiss Parkour Tour"},"content":{"rendered":"\n<div class=\"wp-block-cover alignfull has-parallax\"><span aria-hidden=\"true\" class=\"wp-block-cover__background has-palette-color-3-background-color has-background-dim\"><\/span><div class=\"wp-block-cover__image-background wp-image-662 has-parallax\" style=\"background-position:50% 50%;background-image:url(\/wp-content\/uploads\/SPT_DSC1554-scaled.jpg);\"><\/div><div class=\"wp-block-cover__inner-container is-layout-constrained wp-block-cover-is-layout-constrained\">\n<p class=\"has-text-align-center has-palette-color-2-color has-text-color has-x-large-font-size\"><strong>SWISS PARKOUR TOUR<\/strong><\/p>\n<\/div><\/div>\n\n<h4 class=\"wp-block-heading\">Le Swiss Parkour Tour (SPT) est la plateforme \u00e9v\u00e9nementielle du parkour en Suisse. Depuis 2019, nous promouvons le sport fascinant qu&rsquo;est le parkour en collaboration avec nos organisations membres dans toute la Suisse.   <\/h4>\n\n<h3 class=\"wp-block-heading\">Lignes directrices :<\/h3>\n\n<ul class=\"wp-block-list\">\n<li>Rester fid\u00e8le \u00e0 la culture<\/li>\n\n\n\n<li>La comp\u00e9tition suit la pratique <\/li>\n<\/ul>\n\n<h3 class=\"wp-block-heading\">Objectifs :<\/h3>\n\n<ul class=\"wp-block-list\">\n<li>Promouvoir le Parkour \u00e0 l&rsquo;int\u00e9rieur et \u00e0 l&rsquo;ext\u00e9rieur de la communaut\u00e9 suisse du parkour.<\/li>\n\n\n\n<li>Mise en place d&rsquo;un syst\u00e8me d&rsquo;\u00e9v\u00e9nements pour promouvoir les sessions.<\/li>\n\n\n\n<li>Fournir un syst\u00e8me de comp\u00e9tition r\u00e9glement\u00e9 et adapt\u00e9 au sport du parkour.<\/li>\n\n\n\n<li>Soutenir nos membres dans l&rsquo;organisation de sessions et de comp\u00e9titions.<\/li>\n<\/ul>\n\n<h3 class=\"wp-block-heading\">Session | fid\u00e8le \u00e0 la culture<\/h3>\n\n<p>Les sessions sont les \u00e9v\u00e9nements principaux du parkour. Lors d&rsquo;une Session de Parkour, diff\u00e9rents traceurs se r\u00e9unissent au m\u00eame endroit pour s&rsquo;entra\u00eener ensemble, s&rsquo;inspirer les uns des autres, apprendre \u00e0 se conna\u00eetre et \u00e9changer des id\u00e9es. Les sessions sont organis\u00e9es par des clubs de parkour, des \u00e9quipes, mais aussi par des individus.  <\/p>\n\n<h3 class=\"wp-block-heading\">COMP\u00c9TITION | la comp\u00e9tition suit la pratique<\/h3>\n\n<p>Les comp\u00e9titions constituent la deuxi\u00e8me cat\u00e9gorie d&rsquo;\u00e9v\u00e9nements dans le parkour. Il existe actuellement trois formats de comp\u00e9tition populaires o\u00f9 les athl\u00e8tes s&rsquo;affrontent : <\/p>\n\n<ul class=\"wp-block-list\">\n<li>Comp\u00e9tition Skill<\/li>\n\n\n\n<li>Comp\u00e9tition Speed<\/li>\n\n\n\n<li>Comp\u00e9tition Freestyle<\/li>\n<\/ul>\n\n<figure class=\"wp-block-gallery aligncenter has-nested-images columns-5 is-cropped wp-block-gallery-1 is-layout-flex wp-block-gallery-is-layout-flex\">\n<figure class=\"wp-block-image size-large\"><img loading=\"lazy\" decoding=\"async\" width=\"683\" height=\"1024\" data-id=\"204\" src=\"\/wp-content\/uploads\/SPT_2022_08_13-Parkour-SPKA-Jam-Aarau-20220813_DSC_0107_exp-683x1024.jpg\" alt=\"\" class=\"wp-image-204\" srcset=\"\/wp-content\/uploads\/SPT_2022_08_13-Parkour-SPKA-Jam-Aarau-20220813_DSC_0107_exp-683x1024.jpg 683w, \/wp-content\/uploads\/SPT_2022_08_13-Parkour-SPKA-Jam-Aarau-20220813_DSC_0107_exp-200x300.jpg 200w, \/wp-content\/uploads\/SPT_2022_08_13-Parkour-SPKA-Jam-Aarau-20220813_DSC_0107_exp-768x1152.jpg 768w, \/wp-content\/uploads\/SPT_2022_08_13-Parkour-SPKA-Jam-Aarau-20220813_DSC_0107_exp-1024x1536.jpg 1024w, \/wp-content\/uploads\/SPT_2022_08_13-Parkour-SPKA-Jam-Aarau-20220813_DSC_0107_exp-1365x2048.jpg 1365w, \/wp-content\/uploads\/SPT_2022_08_13-Parkour-SPKA-Jam-Aarau-20220813_DSC_0107_exp-scaled.jpg 1707w\" sizes=\"auto, (max-width: 683px) 100vw, 683px\" \/><\/figure>\n\n\n\n<figure class=\"wp-block-image size-full\"><img loading=\"lazy\" decoding=\"async\" width=\"1707\" height=\"2560\" data-id=\"205\" src=\"\/wp-content\/uploads\/SPT_DSC07683-scaled.jpg\" alt=\"\" class=\"wp-image-205\" srcset=\"\/wp-content\/uploads\/SPT_DSC07683-scaled.jpg 1707w, \/wp-content\/uploads\/SPT_DSC07683-200x300.jpg 200w, \/wp-content\/uploads\/SPT_DSC07683-683x1024.jpg 683w, \/wp-content\/uploads\/SPT_DSC07683-768x1152.jpg 768w, \/wp-content\/uploads\/SPT_DSC07683-1024x1536.jpg 1024w, \/wp-content\/uploads\/SPT_DSC07683-1365x2048.jpg 1365w\" sizes=\"auto, (max-width: 1707px) 100vw, 1707px\" \/><\/figure>\n\n\n\n<figure class=\"wp-block-image size-full\"><img loading=\"lazy\" decoding=\"async\" width=\"2560\" height=\"1707\" data-id=\"99\" src=\"\/wp-content\/uploads\/2022_08_13-Parkour-SPKA-Jam-Aarau-20220813_DSC_0198-2_exp-scaled.jpeg\" alt=\"Enfant franchissant des obstacles\" class=\"wp-image-99\" srcset=\"\/wp-content\/uploads\/2022_08_13-Parkour-SPKA-Jam-Aarau-20220813_DSC_0198-2_exp-scaled.jpeg 2560w, \/wp-content\/uploads\/2022_08_13-Parkour-SPKA-Jam-Aarau-20220813_DSC_0198-2_exp-300x200.jpeg 300w, \/wp-content\/uploads\/2022_08_13-Parkour-SPKA-Jam-Aarau-20220813_DSC_0198-2_exp-1024x683.jpeg 1024w, \/wp-content\/uploads\/2022_08_13-Parkour-SPKA-Jam-Aarau-20220813_DSC_0198-2_exp-768x512.jpeg 768w, \/wp-content\/uploads\/2022_08_13-Parkour-SPKA-Jam-Aarau-20220813_DSC_0198-2_exp-1536x1024.jpeg 1536w, \/wp-content\/uploads\/2022_08_13-Parkour-SPKA-Jam-Aarau-20220813_DSC_0198-2_exp-2048x1365.jpeg 2048w\" sizes=\"auto, (max-width: 2560px) 100vw, 2560px\" \/><\/figure>\n\n\n\n<figure class=\"wp-block-image size-full\"><img loading=\"lazy\" decoding=\"async\" width=\"1709\" height=\"2560\" data-id=\"203\" src=\"\/wp-content\/uploads\/SPT_DSC1453-scaled.jpg\" alt=\"\" class=\"wp-image-203\" srcset=\"\/wp-content\/uploads\/SPT_DSC1453-scaled.jpg 1709w, \/wp-content\/uploads\/SPT_DSC1453-200x300.jpg 200w, \/wp-content\/uploads\/SPT_DSC1453-683x1024.jpg 683w, \/wp-content\/uploads\/SPT_DSC1453-768x1151.jpg 768w, \/wp-content\/uploads\/SPT_DSC1453-1025x1536.jpg 1025w, \/wp-content\/uploads\/SPT_DSC1453-1367x2048.jpg 1367w\" sizes=\"auto, (max-width: 1709px) 100vw, 1709px\" \/><\/figure>\n<\/figure>\n\n<p><\/p>\n","protected":false},"excerpt":{"rendered":"<p>Le Swiss Parkour Tour (SPT) est la plateforme \u00e9v\u00e9nementielle du parkour en Suisse. Depuis 2019, nous promouvons le sport fascinant qu&rsquo;est le parkour en collaboration avec nos organisations membres dans toute la Suisse. Lignes directrices : Objectifs : Session | fid\u00e8le \u00e0 la culture Les sessions sont les \u00e9v\u00e9nements principaux du parkour. Lors d&rsquo;une Session [&hellip;]<\/p>\n","protected":false},"author":2,"featured_media":662,"parent":0,"menu_order":0,"comment_status":"closed","ping_status":"closed","template":"","meta":{"footnotes":""},"class_list":["post-941","page","type-page","status-publish","has-post-thumbnail","hentry"],"blocksy_meta":[],"yoast_head":"<!-- This site is optimized with the Yoast SEO plugin v27.2 - https:\/\/yoast.com\/product\/yoast-seo-wordpress\/ -->\n<title>Swiss Parkour Tour - Swiss Parkour Association<\/title>\n<meta name=\"robots\" content=\"index, follow, max-snippet:-1, max-image-preview:large, max-video-preview:-1\" \/>\n<link rel=\"canonical\" href=\"https:\/\/webstaging.spka.ch\/fr\/spt\/\" \/>\n<meta property=\"og:locale\" content=\"fr_FR\" \/>\n<meta property=\"og:type\" content=\"article\" \/>\n<meta property=\"og:title\" content=\"Swiss Parkour Tour - Swiss Parkour Association\" \/>\n<meta property=\"og:description\" content=\"Le Swiss Parkour Tour (SPT) est la plateforme \u00e9v\u00e9nementielle du parkour en Suisse. Depuis 2019, nous promouvons le sport fascinant qu&rsquo;est le parkour en collaboration avec nos organisations membres dans toute la Suisse. Lignes directrices : Objectifs : Session | fid\u00e8le \u00e0 la culture Les sessions sont les \u00e9v\u00e9nements principaux du parkour. Lors d&rsquo;une Session [&hellip;]\" \/>\n<meta property=\"og:url\" content=\"https:\/\/webstaging.spka.ch\/fr\/spt\/\" \/>\n<meta property=\"og:site_name\" content=\"Swiss Parkour Association\" \/>\n<meta property=\"article:modified_time\" content=\"2025-09-03T13:02:23+00:00\" \/>\n<meta property=\"og:image\" content=\"https:\/\/webstaging.spka.ch\/wp-content\/uploads\/SPT_DSC1554-scaled.jpg\" \/>\n\t<meta property=\"og:image:width\" content=\"2560\" \/>\n\t<meta property=\"og:image:height\" content=\"1709\" \/>\n\t<meta property=\"og:image:type\" content=\"image\/jpeg\" \/>\n<meta name=\"twitter:card\" content=\"summary_large_image\" \/>\n<meta name=\"twitter:label1\" content=\"Dur\u00e9e de lecture estim\u00e9e\" \/>\n\t<meta name=\"twitter:data1\" content=\"1 minute\" \/>\n<script type=\"application\/ld+json\" class=\"yoast-schema-graph\">{\"@context\":\"https:\/\/schema.org\",\"@graph\":[{\"@type\":\"WebPage\",\"@id\":\"https:\/\/webstaging.spka.ch\/fr\/spt\/\",\"url\":\"https:\/\/webstaging.spka.ch\/fr\/spt\/\",\"name\":\"Swiss Parkour Tour - Swiss Parkour Association\",\"isPartOf\":{\"@id\":\"https:\/\/spka-wordpress-fhf0e0dzb2bveydb.switzerlandnorth-01.azurewebsites.net\/en\/#website\"},\"primaryImageOfPage\":{\"@id\":\"https:\/\/webstaging.spka.ch\/fr\/spt\/#primaryimage\"},\"image\":{\"@id\":\"https:\/\/webstaging.spka.ch\/fr\/spt\/#primaryimage\"},\"thumbnailUrl\":\"\/wp-content\/uploads\/SPT_DSC1554-scaled.jpg\",\"datePublished\":\"2025-02-24T17:04:50+00:00\",\"dateModified\":\"2025-09-03T13:02:23+00:00\",\"breadcrumb\":{\"@id\":\"https:\/\/webstaging.spka.ch\/fr\/spt\/#breadcrumb\"},\"inLanguage\":\"fr-FR\",\"potentialAction\":[{\"@type\":\"ReadAction\",\"target\":[\"https:\/\/webstaging.spka.ch\/fr\/spt\/\"]}]},{\"@type\":\"ImageObject\",\"inLanguage\":\"fr-FR\",\"@id\":\"https:\/\/webstaging.spka.ch\/fr\/spt\/#primaryimage\",\"url\":\"\/wp-content\/uploads\/SPT_DSC1554-scaled.jpg\",\"contentUrl\":\"\/wp-content\/uploads\/SPT_DSC1554-scaled.jpg\",\"width\":2560,\"height\":1709},{\"@type\":\"BreadcrumbList\",\"@id\":\"https:\/\/webstaging.spka.ch\/fr\/spt\/#breadcrumb\",\"itemListElement\":[{\"@type\":\"ListItem\",\"position\":1,\"name\":\"Home\",\"item\":\"https:\/\/spka.ch\/fr\/\"},{\"@type\":\"ListItem\",\"position\":2,\"name\":\"Swiss Parkour Tour\"}]},{\"@type\":\"WebSite\",\"@id\":\"https:\/\/spka-wordpress-fhf0e0dzb2bveydb.switzerlandnorth-01.azurewebsites.net\/en\/#website\",\"url\":\"https:\/\/spka-wordpress-fhf0e0dzb2bveydb.switzerlandnorth-01.azurewebsites.net\/en\/\",\"name\":\"Swiss Parkour Association\",\"description\":\"\",\"publisher\":{\"@id\":\"https:\/\/spka-wordpress-fhf0e0dzb2bveydb.switzerlandnorth-01.azurewebsites.net\/en\/#organization\"},\"potentialAction\":[{\"@type\":\"SearchAction\",\"target\":{\"@type\":\"EntryPoint\",\"urlTemplate\":\"https:\/\/spka-wordpress-fhf0e0dzb2bveydb.switzerlandnorth-01.azurewebsites.net\/en\/?s={search_term_string}\"},\"query-input\":{\"@type\":\"PropertyValueSpecification\",\"valueRequired\":true,\"valueName\":\"search_term_string\"}}],\"inLanguage\":\"fr-FR\"},{\"@type\":\"Organization\",\"@id\":\"https:\/\/spka-wordpress-fhf0e0dzb2bveydb.switzerlandnorth-01.azurewebsites.net\/en\/#organization\",\"name\":\"Swiss Parkour Association\",\"url\":\"https:\/\/spka-wordpress-fhf0e0dzb2bveydb.switzerlandnorth-01.azurewebsites.net\/en\/\",\"logo\":{\"@type\":\"ImageObject\",\"inLanguage\":\"fr-FR\",\"@id\":\"https:\/\/spka-wordpress-fhf0e0dzb2bveydb.switzerlandnorth-01.azurewebsites.net\/en\/#\/schema\/logo\/image\/\",\"url\":\"\/wp-content\/uploads\/logo-dark-circle.png\",\"contentUrl\":\"\/wp-content\/uploads\/logo-dark-circle.png\",\"width\":527,\"height\":527,\"caption\":\"Swiss Parkour Association\"},\"image\":{\"@id\":\"https:\/\/spka-wordpress-fhf0e0dzb2bveydb.switzerlandnorth-01.azurewebsites.net\/en\/#\/schema\/logo\/image\/\"},\"sameAs\":[\"https:\/\/www.instagram.com\/spka.swiss\/\"]}]}<\/script>\n<!-- \/ Yoast SEO plugin. -->","yoast_head_json":{"title":"Swiss Parkour Tour - Swiss Parkour Association","robots":{"index":"index","follow":"follow","max-snippet":"max-snippet:-1","max-image-preview":"max-image-preview:large","max-video-preview":"max-video-preview:-1"},"canonical":"https:\/\/webstaging.spka.ch\/fr\/spt\/","og_locale":"fr_FR","og_type":"article","og_title":"Swiss Parkour Tour - Swiss Parkour Association","og_description":"Le Swiss Parkour Tour (SPT) est la plateforme \u00e9v\u00e9nementielle du parkour en Suisse. Depuis 2019, nous promouvons le sport fascinant qu&rsquo;est le parkour en collaboration avec nos organisations membres dans toute la Suisse. Lignes directrices : Objectifs : Session | fid\u00e8le \u00e0 la culture Les sessions sont les \u00e9v\u00e9nements principaux du parkour. Lors d&rsquo;une Session [&hellip;]","og_url":"https:\/\/webstaging.spka.ch\/fr\/spt\/","og_site_name":"Swiss Parkour Association","article_modified_time":"2025-09-03T13:02:23+00:00","og_image":[{"width":2560,"height":1709,"url":"https:\/\/webstaging.spka.ch\/wp-content\/uploads\/SPT_DSC1554-scaled.jpg","type":"image\/jpeg"}],"twitter_card":"summary_large_image","twitter_misc":{"Dur\u00e9e de lecture estim\u00e9e":"1 minute"},"schema":{"@context":"https:\/\/schema.org","@graph":[{"@type":"WebPage","@id":"https:\/\/webstaging.spka.ch\/fr\/spt\/","url":"https:\/\/webstaging.spka.ch\/fr\/spt\/","name":"Swiss Parkour Tour - Swiss Parkour Association","isPartOf":{"@id":"https:\/\/spka-wordpress-fhf0e0dzb2bveydb.switzerlandnorth-01.azurewebsites.net\/en\/#website"},"primaryImageOfPage":{"@id":"https:\/\/webstaging.spka.ch\/fr\/spt\/#primaryimage"},"image":{"@id":"https:\/\/webstaging.spka.ch\/fr\/spt\/#primaryimage"},"thumbnailUrl":"\/wp-content\/uploads\/SPT_DSC1554-scaled.jpg","datePublished":"2025-02-24T17:04:50+00:00","dateModified":"2025-09-03T13:02:23+00:00","breadcrumb":{"@id":"https:\/\/webstaging.spka.ch\/fr\/spt\/#breadcrumb"},"inLanguage":"fr-FR","potentialAction":[{"@type":"ReadAction","target":["https:\/\/webstaging.spka.ch\/fr\/spt\/"]}]},{"@type":"ImageObject","inLanguage":"fr-FR","@id":"https:\/\/webstaging.spka.ch\/fr\/spt\/#primaryimage","url":"\/wp-content\/uploads\/SPT_DSC1554-scaled.jpg","contentUrl":"\/wp-content\/uploads\/SPT_DSC1554-scaled.jpg","width":2560,"height":1709},{"@type":"BreadcrumbList","@id":"https:\/\/webstaging.spka.ch\/fr\/spt\/#breadcrumb","itemListElement":[{"@type":"ListItem","position":1,"name":"Home","item":"https:\/\/spka.ch\/fr\/"},{"@type":"ListItem","position":2,"name":"Swiss Parkour Tour"}]},{"@type":"WebSite","@id":"https:\/\/spka-wordpress-fhf0e0dzb2bveydb.switzerlandnorth-01.azurewebsites.net\/en\/#website","url":"https:\/\/spka-wordpress-fhf0e0dzb2bveydb.switzerlandnorth-01.azurewebsites.net\/en\/","name":"Swiss Parkour Association","description":"","publisher":{"@id":"https:\/\/spka-wordpress-fhf0e0dzb2bveydb.switzerlandnorth-01.azurewebsites.net\/en\/#organization"},"potentialAction":[{"@type":"SearchAction","target":{"@type":"EntryPoint","urlTemplate":"https:\/\/spka-wordpress-fhf0e0dzb2bveydb.switzerlandnorth-01.azurewebsites.net\/en\/?s={search_term_string}"},"query-input":{"@type":"PropertyValueSpecification","valueRequired":true,"valueName":"search_term_string"}}],"inLanguage":"fr-FR"},{"@type":"Organization","@id":"https:\/\/spka-wordpress-fhf0e0dzb2bveydb.switzerlandnorth-01.azurewebsites.net\/en\/#organization","name":"Swiss Parkour Association","url":"https:\/\/spka-wordpress-fhf0e0dzb2bveydb.switzerlandnorth-01.azurewebsites.net\/en\/","logo":{"@type":"ImageObject","inLanguage":"fr-FR","@id":"https:\/\/spka-wordpress-fhf0e0dzb2bveydb.switzerlandnorth-01.azurewebsites.net\/en\/#\/schema\/logo\/image\/","url":"\/wp-content\/uploads\/logo-dark-circle.png","contentUrl":"\/wp-content\/uploads\/logo-dark-circle.png","width":527,"height":527,"caption":"Swiss Parkour Association"},"image":{"@id":"https:\/\/spka-wordpress-fhf0e0dzb2bveydb.switzerlandnorth-01.azurewebsites.net\/en\/#\/schema\/logo\/image\/"},"sameAs":["https:\/\/www.instagram.com\/spka.swiss\/"]}]}},"jetpack_sharing_enabled":true,"jetpack_shortlink":"https:\/\/wp.me\/PgGha7-fb","_links":{"self":[{"href":"https:\/\/webstaging.spka.ch\/fr\/wp-json\/wp\/v2\/pages\/941","targetHints":{"allow":["GET"]}}],"collection":[{"href":"https:\/\/webstaging.spka.ch\/fr\/wp-json\/wp\/v2\/pages"}],"about":[{"href":"https:\/\/webstaging.spka.ch\/fr\/wp-json\/wp\/v2\/types\/page"}],"author":[{"embeddable":true,"href":"https:\/\/webstaging.spka.ch\/fr\/wp-json\/wp\/v2\/users\/2"}],"replies":[{"embeddable":true,"href":"https:\/\/webstaging.spka.ch\/fr\/wp-json\/wp\/v2\/comments?post=941"}],"version-history":[{"count":5,"href":"https:\/\/webstaging.spka.ch\/fr\/wp-json\/wp\/v2\/pages\/941\/revisions"}],"predecessor-version":[{"id":1334,"href":"https:\/\/webstaging.spka.ch\/fr\/wp-json\/wp\/v2\/pages\/941\/revisions\/1334"}],"wp:featuredmedia":[{"embeddable":true,"href":"https:\/\/webstaging.spka.ch\/fr\/wp-json\/wp\/v2\/media\/662"}],"wp:attachment":[{"href":"https:\/\/webstaging.spka.ch\/fr\/wp-json\/wp\/v2\/media?parent=941"}],"curies":[{"name":"wp","href":"https:\/\/api.w.org\/{rel}","templated":true}]}}