{"id":914,"date":"2025-02-24T18:07:03","date_gmt":"2025-02-24T17:07:03","guid":{"rendered":"https:\/\/webstaging.spka.ch\/jeunessesport\/"},"modified":"2026-03-24T23:09:10","modified_gmt":"2026-03-24T22:09:10","slug":"js","status":"publish","type":"page","link":"https:\/\/webstaging.spka.ch\/fr\/js\/","title":{"rendered":"Jeunesse+Sport Information G\u00e9n\u00e9rale"},"content":{"rendered":"\n<h2 class=\"wp-block-heading is-style-default\">Jeunesse+Sport &#8211; Comment cela fonctionne-t-il ?<\/h2>\n\n<figure class=\"wp-block-embed alignwide is-type-video is-provider-vimeo wp-block-embed-vimeo wp-embed-aspect-16-9 wp-has-aspect-ratio\"><div class=\"wp-block-embed__wrapper\">\n<iframe loading=\"lazy\" title=\"Foerderlogik e\" src=\"https:\/\/player.vimeo.com\/video\/839699501?dnt=1&amp;app_id=122963\" width=\"1290\" height=\"726\" frameborder=\"0\" allow=\"autoplay; fullscreen; picture-in-picture; clipboard-write; encrypted-media; web-share\" referrerpolicy=\"strict-origin-when-cross-origin\"><\/iframe>\n<\/div><\/figure>\n\n<p><a href=\"https:\/\/www.jugendundsport.ch\">https:\/\/www.jugendundsport.ch<\/a><\/p>\n\n<h3 class=\"wp-block-heading\">Informations g\u00e9n\u00e9rales sur Jeunesse+Sport<\/h3>\n\n<p>Jeunesse+Sport (J+S) est le principal programme d\u2019encouragement du sport de la Conf\u00e9d\u00e9ration et a f\u00eat\u00e9 son 50e anniversaire en 2022. L&rsquo;objectif de Jeunesse+Sport est de promouvoir le sport orient\u00e9 vers les enfants et les jeunes en Suisse. Gr\u00e2ce \u00e0 la formation et au perfectionnement des moniteurs J+S, J+S parvient \u00e0 soutenir le d\u00e9veloppement et l&rsquo;\u00e9panouissement des jeunes d&rsquo;un point de vue p\u00e9dagogique, social et sanitaire. Le syst\u00e8me J+S implique une coop\u00e9ration entre la Conf\u00e9d\u00e9ration, les cantons et les associations sportives.   <\/p>\n\n<figure class=\"wp-block-image aligncenter size-full is-resized\"><img loading=\"lazy\" decoding=\"async\" width=\"2000\" height=\"2040\" src=\"\/wp-content\/uploads\/JS_d_f_RGB2.jpg\" alt=\"\" class=\"wp-image-153\" style=\"width:376px;height:auto\" srcset=\"\/wp-content\/uploads\/JS_d_f_RGB2.jpg 2000w, \/wp-content\/uploads\/JS_d_f_RGB2-294x300.jpg 294w, \/wp-content\/uploads\/JS_d_f_RGB2-1004x1024.jpg 1004w, \/wp-content\/uploads\/JS_d_f_RGB2-768x783.jpg 768w, \/wp-content\/uploads\/JS_d_f_RGB2-1506x1536.jpg 1506w\" sizes=\"auto, (max-width: 2000px) 100vw, 2000px\" \/><\/figure>\n\n<p>La Conf\u00e9d\u00e9ration soutient les clubs, les f\u00e9d\u00e9rations et les cantons dans leurs activit\u00e9s aupr\u00e8s de la jeunesse et dans leurs offres de formation de base et de formation continue en leur octroyant quelque 90 millions de francs par an. A c\u00f4t\u00e9 de ce soutien financier direct, la Conf\u00e9d\u00e9ration propose des offres de formation de base et de formation continue et met du mat\u00e9riel didactique et du mat\u00e9riel de pr\u00eat \u00e0 disposition. <\/p>\n\n<p>Les cantons sont, avec leurs services cantonaux J+S, les partenaires qui collaborent le plus \u00e9troitement avec J+S. Ils assument diff\u00e9rentes t\u00e2ches dans la formation des cadres, s\u2019occupent de l\u2019administration de la formation des jeunes et veillent au respect des r\u00e8gles adopt\u00e9es. Les f\u00e9d\u00e9rations sportives nationales mettent des sp\u00e9cialistes \u00e0 disposition pour d\u00e9velopper leur sport et proposent des modules de formation de base et de formation continue reconnus par J+S. Les clubs proposent des offres durables adapt\u00e9es aux diff\u00e9rents \u00e2ges et utilisent les subventions J+S de mani\u00e8re cibl\u00e9e pour soutenir la pratique du sport chez les enfants et les jeunes. Les \u00e9coles et les communes offrent aux enfants et aux jeunes de nouvelles possibilit\u00e9s pour pratiquer le sport dans le sens de Jeunesse+Sport.  Les \u00e9coles proposent des cours et des camps de sport scolaire facultatif. Les communes mettent les infrastructures \u00e0 la dispositions des soci\u00e9t\u00e9s et d\u2019autres utilisateurs et organisent des cours et des camps. Les r\u00e9seaux locaux d\u2019activit\u00e9 physique et de sport cr\u00e9ent des synergies et facilitent la coordination des divers acteurs locaux. <\/p>\n","protected":false},"excerpt":{"rendered":"<p>Jeunesse+Sport &#8211; Comment cela fonctionne-t-il ? https:\/\/www.jugendundsport.ch Informations g\u00e9n\u00e9rales sur Jeunesse+Sport Jeunesse+Sport (J+S) est le principal programme d\u2019encouragement du sport de la Conf\u00e9d\u00e9ration et a f\u00eat\u00e9 son 50e anniversaire en 2022. L&rsquo;objectif de Jeunesse+Sport est de promouvoir le sport orient\u00e9 vers les enfants et les jeunes en Suisse. Gr\u00e2ce \u00e0 la formation et au perfectionnement [&hellip;]<\/p>\n","protected":false},"author":2,"featured_media":0,"parent":0,"menu_order":0,"comment_status":"closed","ping_status":"closed","template":"","meta":{"footnotes":""},"class_list":["post-914","page","type-page","status-publish","hentry"],"blocksy_meta":[],"yoast_head":"<!-- This site is optimized with the Yoast SEO plugin v27.2 - https:\/\/yoast.com\/product\/yoast-seo-wordpress\/ -->\n<title>Jeunesse+Sport Information G\u00e9n\u00e9rale - Swiss Parkour Association<\/title>\n<meta name=\"robots\" content=\"index, follow, max-snippet:-1, max-image-preview:large, max-video-preview:-1\" \/>\n<link rel=\"canonical\" href=\"https:\/\/webstaging.spka.ch\/fr\/js\/\" \/>\n<meta property=\"og:locale\" content=\"fr_FR\" \/>\n<meta property=\"og:type\" content=\"article\" \/>\n<meta property=\"og:title\" content=\"Jeunesse+Sport Information G\u00e9n\u00e9rale - Swiss Parkour Association\" \/>\n<meta property=\"og:description\" content=\"Jeunesse+Sport &#8211; Comment cela fonctionne-t-il ? https:\/\/www.jugendundsport.ch Informations g\u00e9n\u00e9rales sur Jeunesse+Sport Jeunesse+Sport (J+S) est le principal programme d\u2019encouragement du sport de la Conf\u00e9d\u00e9ration et a f\u00eat\u00e9 son 50e anniversaire en 2022. L&rsquo;objectif de Jeunesse+Sport est de promouvoir le sport orient\u00e9 vers les enfants et les jeunes en Suisse. Gr\u00e2ce \u00e0 la formation et au perfectionnement [&hellip;]\" \/>\n<meta property=\"og:url\" content=\"https:\/\/webstaging.spka.ch\/fr\/js\/\" \/>\n<meta property=\"og:site_name\" content=\"Swiss Parkour Association\" \/>\n<meta property=\"article:modified_time\" content=\"2026-03-24T22:09:10+00:00\" \/>\n<meta name=\"twitter:card\" content=\"summary_large_image\" \/>\n<meta name=\"twitter:label1\" content=\"Dur\u00e9e de lecture estim\u00e9e\" \/>\n\t<meta name=\"twitter:data1\" content=\"2 minutes\" \/>\n<script type=\"application\/ld+json\" class=\"yoast-schema-graph\">{\"@context\":\"https:\/\/schema.org\",\"@graph\":[{\"@type\":\"WebPage\",\"@id\":\"https:\/\/webstaging.spka.ch\/fr\/js\/\",\"url\":\"https:\/\/webstaging.spka.ch\/fr\/js\/\",\"name\":\"Jeunesse+Sport Information G\u00e9n\u00e9rale - Swiss Parkour Association\",\"isPartOf\":{\"@id\":\"https:\/\/spka-wordpress-fhf0e0dzb2bveydb.switzerlandnorth-01.azurewebsites.net\/en\/#website\"},\"datePublished\":\"2025-02-24T17:07:03+00:00\",\"dateModified\":\"2026-03-24T22:09:10+00:00\",\"breadcrumb\":{\"@id\":\"https:\/\/webstaging.spka.ch\/fr\/js\/#breadcrumb\"},\"inLanguage\":\"fr-FR\",\"potentialAction\":[{\"@type\":\"ReadAction\",\"target\":[\"https:\/\/webstaging.spka.ch\/fr\/js\/\"]}]},{\"@type\":\"BreadcrumbList\",\"@id\":\"https:\/\/webstaging.spka.ch\/fr\/js\/#breadcrumb\",\"itemListElement\":[{\"@type\":\"ListItem\",\"position\":1,\"name\":\"Home\",\"item\":\"https:\/\/spka.ch\/fr\/\"},{\"@type\":\"ListItem\",\"position\":2,\"name\":\"Jeunesse+Sport Information G\u00e9n\u00e9rale\"}]},{\"@type\":\"WebSite\",\"@id\":\"https:\/\/spka-wordpress-fhf0e0dzb2bveydb.switzerlandnorth-01.azurewebsites.net\/en\/#website\",\"url\":\"https:\/\/spka-wordpress-fhf0e0dzb2bveydb.switzerlandnorth-01.azurewebsites.net\/en\/\",\"name\":\"Swiss Parkour Association\",\"description\":\"\",\"publisher\":{\"@id\":\"https:\/\/spka-wordpress-fhf0e0dzb2bveydb.switzerlandnorth-01.azurewebsites.net\/en\/#organization\"},\"potentialAction\":[{\"@type\":\"SearchAction\",\"target\":{\"@type\":\"EntryPoint\",\"urlTemplate\":\"https:\/\/spka-wordpress-fhf0e0dzb2bveydb.switzerlandnorth-01.azurewebsites.net\/en\/?s={search_term_string}\"},\"query-input\":{\"@type\":\"PropertyValueSpecification\",\"valueRequired\":true,\"valueName\":\"search_term_string\"}}],\"inLanguage\":\"fr-FR\"},{\"@type\":\"Organization\",\"@id\":\"https:\/\/spka-wordpress-fhf0e0dzb2bveydb.switzerlandnorth-01.azurewebsites.net\/en\/#organization\",\"name\":\"Swiss Parkour Association\",\"url\":\"https:\/\/spka-wordpress-fhf0e0dzb2bveydb.switzerlandnorth-01.azurewebsites.net\/en\/\",\"logo\":{\"@type\":\"ImageObject\",\"inLanguage\":\"fr-FR\",\"@id\":\"https:\/\/spka-wordpress-fhf0e0dzb2bveydb.switzerlandnorth-01.azurewebsites.net\/en\/#\/schema\/logo\/image\/\",\"url\":\"\/wp-content\/uploads\/logo-dark-circle.png\",\"contentUrl\":\"\/wp-content\/uploads\/logo-dark-circle.png\",\"width\":527,\"height\":527,\"caption\":\"Swiss Parkour Association\"},\"image\":{\"@id\":\"https:\/\/spka-wordpress-fhf0e0dzb2bveydb.switzerlandnorth-01.azurewebsites.net\/en\/#\/schema\/logo\/image\/\"},\"sameAs\":[\"https:\/\/www.instagram.com\/spka.swiss\/\"]}]}<\/script>\n<!-- \/ Yoast SEO plugin. -->","yoast_head_json":{"title":"Jeunesse+Sport Information G\u00e9n\u00e9rale - Swiss Parkour Association","robots":{"index":"index","follow":"follow","max-snippet":"max-snippet:-1","max-image-preview":"max-image-preview:large","max-video-preview":"max-video-preview:-1"},"canonical":"https:\/\/webstaging.spka.ch\/fr\/js\/","og_locale":"fr_FR","og_type":"article","og_title":"Jeunesse+Sport Information G\u00e9n\u00e9rale - Swiss Parkour Association","og_description":"Jeunesse+Sport &#8211; Comment cela fonctionne-t-il ? https:\/\/www.jugendundsport.ch Informations g\u00e9n\u00e9rales sur Jeunesse+Sport Jeunesse+Sport (J+S) est le principal programme d\u2019encouragement du sport de la Conf\u00e9d\u00e9ration et a f\u00eat\u00e9 son 50e anniversaire en 2022. L&rsquo;objectif de Jeunesse+Sport est de promouvoir le sport orient\u00e9 vers les enfants et les jeunes en Suisse. Gr\u00e2ce \u00e0 la formation et au perfectionnement [&hellip;]","og_url":"https:\/\/webstaging.spka.ch\/fr\/js\/","og_site_name":"Swiss Parkour Association","article_modified_time":"2026-03-24T22:09:10+00:00","twitter_card":"summary_large_image","twitter_misc":{"Dur\u00e9e de lecture estim\u00e9e":"2 minutes"},"schema":{"@context":"https:\/\/schema.org","@graph":[{"@type":"WebPage","@id":"https:\/\/webstaging.spka.ch\/fr\/js\/","url":"https:\/\/webstaging.spka.ch\/fr\/js\/","name":"Jeunesse+Sport Information G\u00e9n\u00e9rale - Swiss Parkour Association","isPartOf":{"@id":"https:\/\/spka-wordpress-fhf0e0dzb2bveydb.switzerlandnorth-01.azurewebsites.net\/en\/#website"},"datePublished":"2025-02-24T17:07:03+00:00","dateModified":"2026-03-24T22:09:10+00:00","breadcrumb":{"@id":"https:\/\/webstaging.spka.ch\/fr\/js\/#breadcrumb"},"inLanguage":"fr-FR","potentialAction":[{"@type":"ReadAction","target":["https:\/\/webstaging.spka.ch\/fr\/js\/"]}]},{"@type":"BreadcrumbList","@id":"https:\/\/webstaging.spka.ch\/fr\/js\/#breadcrumb","itemListElement":[{"@type":"ListItem","position":1,"name":"Home","item":"https:\/\/spka.ch\/fr\/"},{"@type":"ListItem","position":2,"name":"Jeunesse+Sport Information G\u00e9n\u00e9rale"}]},{"@type":"WebSite","@id":"https:\/\/spka-wordpress-fhf0e0dzb2bveydb.switzerlandnorth-01.azurewebsites.net\/en\/#website","url":"https:\/\/spka-wordpress-fhf0e0dzb2bveydb.switzerlandnorth-01.azurewebsites.net\/en\/","name":"Swiss Parkour Association","description":"","publisher":{"@id":"https:\/\/spka-wordpress-fhf0e0dzb2bveydb.switzerlandnorth-01.azurewebsites.net\/en\/#organization"},"potentialAction":[{"@type":"SearchAction","target":{"@type":"EntryPoint","urlTemplate":"https:\/\/spka-wordpress-fhf0e0dzb2bveydb.switzerlandnorth-01.azurewebsites.net\/en\/?s={search_term_string}"},"query-input":{"@type":"PropertyValueSpecification","valueRequired":true,"valueName":"search_term_string"}}],"inLanguage":"fr-FR"},{"@type":"Organization","@id":"https:\/\/spka-wordpress-fhf0e0dzb2bveydb.switzerlandnorth-01.azurewebsites.net\/en\/#organization","name":"Swiss Parkour Association","url":"https:\/\/spka-wordpress-fhf0e0dzb2bveydb.switzerlandnorth-01.azurewebsites.net\/en\/","logo":{"@type":"ImageObject","inLanguage":"fr-FR","@id":"https:\/\/spka-wordpress-fhf0e0dzb2bveydb.switzerlandnorth-01.azurewebsites.net\/en\/#\/schema\/logo\/image\/","url":"\/wp-content\/uploads\/logo-dark-circle.png","contentUrl":"\/wp-content\/uploads\/logo-dark-circle.png","width":527,"height":527,"caption":"Swiss Parkour Association"},"image":{"@id":"https:\/\/spka-wordpress-fhf0e0dzb2bveydb.switzerlandnorth-01.azurewebsites.net\/en\/#\/schema\/logo\/image\/"},"sameAs":["https:\/\/www.instagram.com\/spka.swiss\/"]}]}},"jetpack_sharing_enabled":true,"jetpack_shortlink":"https:\/\/wp.me\/PgGha7-eK","_links":{"self":[{"href":"https:\/\/webstaging.spka.ch\/fr\/wp-json\/wp\/v2\/pages\/914","targetHints":{"allow":["GET"]}}],"collection":[{"href":"https:\/\/webstaging.spka.ch\/fr\/wp-json\/wp\/v2\/pages"}],"about":[{"href":"https:\/\/webstaging.spka.ch\/fr\/wp-json\/wp\/v2\/types\/page"}],"author":[{"embeddable":true,"href":"https:\/\/webstaging.spka.ch\/fr\/wp-json\/wp\/v2\/users\/2"}],"replies":[{"embeddable":true,"href":"https:\/\/webstaging.spka.ch\/fr\/wp-json\/wp\/v2\/comments?post=914"}],"version-history":[{"count":6,"href":"https:\/\/webstaging.spka.ch\/fr\/wp-json\/wp\/v2\/pages\/914\/revisions"}],"predecessor-version":[{"id":1865,"href":"https:\/\/webstaging.spka.ch\/fr\/wp-json\/wp\/v2\/pages\/914\/revisions\/1865"}],"wp:attachment":[{"href":"https:\/\/webstaging.spka.ch\/fr\/wp-json\/wp\/v2\/media?parent=914"}],"curies":[{"name":"wp","href":"https:\/\/api.w.org\/{rel}","templated":true}]}}