{"id":1039,"date":"2025-02-24T17:50:48","date_gmt":"2025-02-24T16:50:48","guid":{"rendered":"https:\/\/webstaging.spka.ch\/swiss-parkour-tour\/formats-du-concours\/"},"modified":"2025-09-03T11:48:17","modified_gmt":"2025-09-03T09:48:17","slug":"spt-rulesets","status":"publish","type":"page","link":"https:\/\/webstaging.spka.ch\/fr\/spt\/spt-rulesets\/","title":{"rendered":"Formats de comp\u00e9tition"},"content":{"rendered":"\n<div class=\"wp-block-cover alignfull has-parallax\"><span aria-hidden=\"true\" class=\"wp-block-cover__background has-palette-color-3-background-color has-background-dim\"><\/span><div class=\"wp-block-cover__image-background wp-image-725 has-parallax\" style=\"background-position:50% 50%;background-image:url(\/wp-content\/uploads\/DSC08850-scaled.jpg);\"><\/div><div class=\"wp-block-cover__inner-container is-layout-constrained wp-block-cover-is-layout-constrained\">\n<p class=\"has-text-align-center has-palette-color-2-color has-text-color has-link-color has-x-large-font-size wp-elements-fabbb0282b192c794dcf83c89e530c0e\"><strong>FORMATS ET R\u00c8GLEMENTS DES COMPETITIONS<\/strong><\/p>\n<\/div><\/div>\n\n<p class=\"has-text-align-center has-accent-5-background-color has-background\">Le r\u00e8glement complet des comp\u00e9titions et le calendrier des \u00e9v\u00e9nements actuels sont disponibles sur la <a href=\"https:\/\/www.swissparkourtour.ch\/competitions\/\" target=\"_blank\" rel=\"noreferrer noopener\">page des comp\u00e9titions du Swiss Parkour Tour.<\/a><\/p>\n\n<h2 class=\"wp-block-heading\">FORMATS<\/h2>\n\n<p>Nous promouvons 3 formats de comp\u00e9tition diff\u00e9rents.<\/p>\n\n<div class=\"wp-block-columns is-layout-flex wp-container-core-columns-is-layout-28f84493 wp-block-columns-is-layout-flex\">\n<div class=\"wp-block-column is-vertically-aligned-top is-layout-flow wp-block-column-is-layout-flow\">\n<figure class=\"wp-block-image aligncenter size-large is-resized\"><img loading=\"lazy\" decoding=\"async\" width=\"981\" height=\"1024\" src=\"\/wp-content\/uploads\/skill_icon-981x1024.png\" alt=\"\" class=\"wp-image-211\" style=\"width:73px;height:auto\" srcset=\"\/wp-content\/uploads\/skill_icon-981x1024.png 981w, \/wp-content\/uploads\/skill_icon-287x300.png 287w, \/wp-content\/uploads\/skill_icon-768x802.png 768w, \/wp-content\/uploads\/skill_icon.png 1050w\" sizes=\"auto, (max-width: 981px) 100vw, 981px\" \/><\/figure>\n\n\n\n<h3 class=\"wp-block-heading has-text-align-center\">Skill<\/h3>\n\n\n\n<p class=\"has-text-align-left\">La Comp\u00e9tition Skill est une forme de comp\u00e9tition dans laquelle les participants doivent relever diff\u00e9rents challenges de mouvements de parkour. L&rsquo;aire de comp\u00e9tition contient plusieurs stations o\u00f9 les challenges doivent \u00eatre r\u00e9alis\u00e9s. L&rsquo;\u00e9valuation est bas\u00e9e sur le nombre de challenges ma\u00eetris\u00e9s, en tenant compte du nombre de tentatives utilis\u00e9es ou dans un temps imparti.  <\/p>\n<\/div>\n\n\n\n<div class=\"wp-block-column is-layout-flow wp-block-column-is-layout-flow\">\n<figure class=\"wp-block-image aligncenter size-large is-resized\"><img loading=\"lazy\" decoding=\"async\" width=\"1024\" height=\"376\" src=\"\/wp-content\/uploads\/speed_icon-1024x376.png\" alt=\"\" class=\"wp-image-212\" style=\"width:202px;height:auto\" srcset=\"\/wp-content\/uploads\/speed_icon-1024x376.png 1024w, \/wp-content\/uploads\/speed_icon-300x110.png 300w, \/wp-content\/uploads\/speed_icon-768x282.png 768w, \/wp-content\/uploads\/speed_icon-1536x564.png 1536w, \/wp-content\/uploads\/speed_icon.png 1656w\" sizes=\"auto, (max-width: 1024px) 100vw, 1024px\" \/><\/figure>\n\n\n\n<h3 class=\"wp-block-heading has-text-align-center\">Speed<\/h3>\n\n\n\n<p>La Comp\u00e9tition Speed est une forme de comp\u00e9tition dans laquelle les participants doivent traverser un parcours de comp\u00e9tition dans le temps le plus court possible. Au moins un point de d\u00e9part et un point d&rsquo;arriv\u00e9e sont d\u00e9finis, ainsi que des points de contr\u00f4le plac\u00e9s entre les deux. <\/p>\n<\/div>\n\n\n\n<div class=\"wp-block-column is-layout-flow wp-block-column-is-layout-flow\">\n<figure class=\"wp-block-image aligncenter size-large is-resized\"><img loading=\"lazy\" decoding=\"async\" width=\"1024\" height=\"690\" src=\"\/wp-content\/uploads\/style_icon-1024x690.png\" alt=\"\" class=\"wp-image-210\" style=\"width:114px;height:auto\" srcset=\"\/wp-content\/uploads\/style_icon-1024x690.png 1024w, \/wp-content\/uploads\/style_icon-300x202.png 300w, \/wp-content\/uploads\/style_icon-768x517.png 768w, \/wp-content\/uploads\/style_icon.png 1317w\" sizes=\"auto, (max-width: 1024px) 100vw, 1024px\" \/><\/figure>\n\n\n\n<h3 class=\"wp-block-heading has-text-align-center\">Freestyle<\/h3>\n\n\n\n<p>La Comp\u00e9tition Freestyle est une forme de comp\u00e9tition dans laquelle les participants pr\u00e9sentent un enchainement de parkour dans une aire de comp\u00e9tition pr\u00e9d\u00e9finie. L&rsquo;enchainement est \u00e9valu\u00e9 par les juges en termes de difficult\u00e9, d&rsquo;ex\u00e9cution et de complexit\u00e9.  <\/p>\n<\/div>\n<\/div>\n\n<figure class=\"wp-block-image alignwide size-full\"><img loading=\"lazy\" decoding=\"async\" width=\"2560\" height=\"1707\" src=\"\/wp-content\/uploads\/DSC08850-scaled.jpg\" alt=\"\" class=\"wp-image-271\" srcset=\"\/wp-content\/uploads\/DSC08850-scaled.jpg 2560w, \/wp-content\/uploads\/DSC08850-300x200.jpg 300w, \/wp-content\/uploads\/DSC08850-1024x683.jpg 1024w, \/wp-content\/uploads\/DSC08850-768x512.jpg 768w, \/wp-content\/uploads\/DSC08850-1536x1024.jpg 1536w, \/wp-content\/uploads\/DSC08850-2048x1365.jpg 2048w\" sizes=\"auto, (max-width: 2560px) 100vw, 2560px\" \/><\/figure>\n","protected":false},"excerpt":{"rendered":"<p>Le r\u00e8glement complet des comp\u00e9titions et le calendrier des \u00e9v\u00e9nements actuels sont disponibles sur la page des comp\u00e9titions du Swiss Parkour Tour. FORMATS Nous promouvons 3 formats de comp\u00e9tition diff\u00e9rents. Skill La Comp\u00e9tition Skill est une forme de comp\u00e9tition dans laquelle les participants doivent relever diff\u00e9rents challenges de mouvements de parkour. L&rsquo;aire de comp\u00e9tition contient [&hellip;]<\/p>\n","protected":false},"author":2,"featured_media":725,"parent":941,"menu_order":0,"comment_status":"closed","ping_status":"closed","template":"","meta":{"footnotes":""},"class_list":["post-1039","page","type-page","status-publish","has-post-thumbnail","hentry"],"blocksy_meta":[],"yoast_head":"<!-- This site is optimized with the Yoast SEO plugin v27.2 - https:\/\/yoast.com\/product\/yoast-seo-wordpress\/ -->\n<title>Formats de comp\u00e9tition - Swiss Parkour Association<\/title>\n<meta name=\"robots\" content=\"index, follow, max-snippet:-1, max-image-preview:large, max-video-preview:-1\" \/>\n<link rel=\"canonical\" href=\"https:\/\/webstaging.spka.ch\/fr\/spt\/spt-rulesets\/\" \/>\n<meta property=\"og:locale\" content=\"fr_FR\" \/>\n<meta property=\"og:type\" content=\"article\" \/>\n<meta property=\"og:title\" content=\"Formats de comp\u00e9tition - Swiss Parkour Association\" \/>\n<meta property=\"og:description\" content=\"Le r\u00e8glement complet des comp\u00e9titions et le calendrier des \u00e9v\u00e9nements actuels sont disponibles sur la page des comp\u00e9titions du Swiss Parkour Tour. FORMATS Nous promouvons 3 formats de comp\u00e9tition diff\u00e9rents. Skill La Comp\u00e9tition Skill est une forme de comp\u00e9tition dans laquelle les participants doivent relever diff\u00e9rents challenges de mouvements de parkour. L&rsquo;aire de comp\u00e9tition contient [&hellip;]\" \/>\n<meta property=\"og:url\" content=\"https:\/\/webstaging.spka.ch\/fr\/spt\/spt-rulesets\/\" \/>\n<meta property=\"og:site_name\" content=\"Swiss Parkour Association\" \/>\n<meta property=\"article:modified_time\" content=\"2025-09-03T09:48:17+00:00\" \/>\n<meta property=\"og:image\" content=\"https:\/\/webstaging.spka.ch\/wp-content\/uploads\/DSC08850-scaled.jpg\" \/>\n\t<meta property=\"og:image:width\" content=\"2560\" \/>\n\t<meta property=\"og:image:height\" content=\"1707\" \/>\n\t<meta property=\"og:image:type\" content=\"image\/jpeg\" \/>\n<meta name=\"twitter:card\" content=\"summary_large_image\" \/>\n<meta name=\"twitter:label1\" content=\"Dur\u00e9e de lecture estim\u00e9e\" \/>\n\t<meta name=\"twitter:data1\" content=\"1 minute\" \/>\n<script type=\"application\/ld+json\" class=\"yoast-schema-graph\">{\"@context\":\"https:\/\/schema.org\",\"@graph\":[{\"@type\":\"WebPage\",\"@id\":\"https:\/\/webstaging.spka.ch\/fr\/spt\/spt-rulesets\/\",\"url\":\"https:\/\/webstaging.spka.ch\/fr\/spt\/spt-rulesets\/\",\"name\":\"Formats de comp\u00e9tition - Swiss Parkour Association\",\"isPartOf\":{\"@id\":\"https:\/\/spka-wordpress-fhf0e0dzb2bveydb.switzerlandnorth-01.azurewebsites.net\/en\/#website\"},\"primaryImageOfPage\":{\"@id\":\"https:\/\/webstaging.spka.ch\/fr\/spt\/spt-rulesets\/#primaryimage\"},\"image\":{\"@id\":\"https:\/\/webstaging.spka.ch\/fr\/spt\/spt-rulesets\/#primaryimage\"},\"thumbnailUrl\":\"\/wp-content\/uploads\/DSC08850-scaled.jpg\",\"datePublished\":\"2025-02-24T16:50:48+00:00\",\"dateModified\":\"2025-09-03T09:48:17+00:00\",\"breadcrumb\":{\"@id\":\"https:\/\/webstaging.spka.ch\/fr\/spt\/spt-rulesets\/#breadcrumb\"},\"inLanguage\":\"fr-FR\",\"potentialAction\":[{\"@type\":\"ReadAction\",\"target\":[\"https:\/\/webstaging.spka.ch\/fr\/spt\/spt-rulesets\/\"]}]},{\"@type\":\"ImageObject\",\"inLanguage\":\"fr-FR\",\"@id\":\"https:\/\/webstaging.spka.ch\/fr\/spt\/spt-rulesets\/#primaryimage\",\"url\":\"\/wp-content\/uploads\/DSC08850-scaled.jpg\",\"contentUrl\":\"\/wp-content\/uploads\/DSC08850-scaled.jpg\",\"width\":2560,\"height\":1707},{\"@type\":\"BreadcrumbList\",\"@id\":\"https:\/\/webstaging.spka.ch\/fr\/spt\/spt-rulesets\/#breadcrumb\",\"itemListElement\":[{\"@type\":\"ListItem\",\"position\":1,\"name\":\"Home\",\"item\":\"https:\/\/spka.ch\/fr\/\"},{\"@type\":\"ListItem\",\"position\":2,\"name\":\"Swiss Parkour Tour\",\"item\":\"https:\/\/webstaging.spka.ch\/fr\/spt\/\"},{\"@type\":\"ListItem\",\"position\":3,\"name\":\"Formats de comp\u00e9tition\"}]},{\"@type\":\"WebSite\",\"@id\":\"https:\/\/spka-wordpress-fhf0e0dzb2bveydb.switzerlandnorth-01.azurewebsites.net\/en\/#website\",\"url\":\"https:\/\/spka-wordpress-fhf0e0dzb2bveydb.switzerlandnorth-01.azurewebsites.net\/en\/\",\"name\":\"Swiss Parkour Association\",\"description\":\"\",\"publisher\":{\"@id\":\"https:\/\/spka-wordpress-fhf0e0dzb2bveydb.switzerlandnorth-01.azurewebsites.net\/en\/#organization\"},\"potentialAction\":[{\"@type\":\"SearchAction\",\"target\":{\"@type\":\"EntryPoint\",\"urlTemplate\":\"https:\/\/spka-wordpress-fhf0e0dzb2bveydb.switzerlandnorth-01.azurewebsites.net\/en\/?s={search_term_string}\"},\"query-input\":{\"@type\":\"PropertyValueSpecification\",\"valueRequired\":true,\"valueName\":\"search_term_string\"}}],\"inLanguage\":\"fr-FR\"},{\"@type\":\"Organization\",\"@id\":\"https:\/\/spka-wordpress-fhf0e0dzb2bveydb.switzerlandnorth-01.azurewebsites.net\/en\/#organization\",\"name\":\"Swiss Parkour Association\",\"url\":\"https:\/\/spka-wordpress-fhf0e0dzb2bveydb.switzerlandnorth-01.azurewebsites.net\/en\/\",\"logo\":{\"@type\":\"ImageObject\",\"inLanguage\":\"fr-FR\",\"@id\":\"https:\/\/spka-wordpress-fhf0e0dzb2bveydb.switzerlandnorth-01.azurewebsites.net\/en\/#\/schema\/logo\/image\/\",\"url\":\"\/wp-content\/uploads\/logo-dark-circle.png\",\"contentUrl\":\"\/wp-content\/uploads\/logo-dark-circle.png\",\"width\":527,\"height\":527,\"caption\":\"Swiss Parkour Association\"},\"image\":{\"@id\":\"https:\/\/spka-wordpress-fhf0e0dzb2bveydb.switzerlandnorth-01.azurewebsites.net\/en\/#\/schema\/logo\/image\/\"},\"sameAs\":[\"https:\/\/www.instagram.com\/spka.swiss\/\"]}]}<\/script>\n<!-- \/ Yoast SEO plugin. -->","yoast_head_json":{"title":"Formats de comp\u00e9tition - Swiss Parkour Association","robots":{"index":"index","follow":"follow","max-snippet":"max-snippet:-1","max-image-preview":"max-image-preview:large","max-video-preview":"max-video-preview:-1"},"canonical":"https:\/\/webstaging.spka.ch\/fr\/spt\/spt-rulesets\/","og_locale":"fr_FR","og_type":"article","og_title":"Formats de comp\u00e9tition - Swiss Parkour Association","og_description":"Le r\u00e8glement complet des comp\u00e9titions et le calendrier des \u00e9v\u00e9nements actuels sont disponibles sur la page des comp\u00e9titions du Swiss Parkour Tour. FORMATS Nous promouvons 3 formats de comp\u00e9tition diff\u00e9rents. Skill La Comp\u00e9tition Skill est une forme de comp\u00e9tition dans laquelle les participants doivent relever diff\u00e9rents challenges de mouvements de parkour. L&rsquo;aire de comp\u00e9tition contient [&hellip;]","og_url":"https:\/\/webstaging.spka.ch\/fr\/spt\/spt-rulesets\/","og_site_name":"Swiss Parkour Association","article_modified_time":"2025-09-03T09:48:17+00:00","og_image":[{"width":2560,"height":1707,"url":"https:\/\/webstaging.spka.ch\/wp-content\/uploads\/DSC08850-scaled.jpg","type":"image\/jpeg"}],"twitter_card":"summary_large_image","twitter_misc":{"Dur\u00e9e de lecture estim\u00e9e":"1 minute"},"schema":{"@context":"https:\/\/schema.org","@graph":[{"@type":"WebPage","@id":"https:\/\/webstaging.spka.ch\/fr\/spt\/spt-rulesets\/","url":"https:\/\/webstaging.spka.ch\/fr\/spt\/spt-rulesets\/","name":"Formats de comp\u00e9tition - Swiss Parkour Association","isPartOf":{"@id":"https:\/\/spka-wordpress-fhf0e0dzb2bveydb.switzerlandnorth-01.azurewebsites.net\/en\/#website"},"primaryImageOfPage":{"@id":"https:\/\/webstaging.spka.ch\/fr\/spt\/spt-rulesets\/#primaryimage"},"image":{"@id":"https:\/\/webstaging.spka.ch\/fr\/spt\/spt-rulesets\/#primaryimage"},"thumbnailUrl":"\/wp-content\/uploads\/DSC08850-scaled.jpg","datePublished":"2025-02-24T16:50:48+00:00","dateModified":"2025-09-03T09:48:17+00:00","breadcrumb":{"@id":"https:\/\/webstaging.spka.ch\/fr\/spt\/spt-rulesets\/#breadcrumb"},"inLanguage":"fr-FR","potentialAction":[{"@type":"ReadAction","target":["https:\/\/webstaging.spka.ch\/fr\/spt\/spt-rulesets\/"]}]},{"@type":"ImageObject","inLanguage":"fr-FR","@id":"https:\/\/webstaging.spka.ch\/fr\/spt\/spt-rulesets\/#primaryimage","url":"\/wp-content\/uploads\/DSC08850-scaled.jpg","contentUrl":"\/wp-content\/uploads\/DSC08850-scaled.jpg","width":2560,"height":1707},{"@type":"BreadcrumbList","@id":"https:\/\/webstaging.spka.ch\/fr\/spt\/spt-rulesets\/#breadcrumb","itemListElement":[{"@type":"ListItem","position":1,"name":"Home","item":"https:\/\/spka.ch\/fr\/"},{"@type":"ListItem","position":2,"name":"Swiss Parkour Tour","item":"https:\/\/webstaging.spka.ch\/fr\/spt\/"},{"@type":"ListItem","position":3,"name":"Formats de comp\u00e9tition"}]},{"@type":"WebSite","@id":"https:\/\/spka-wordpress-fhf0e0dzb2bveydb.switzerlandnorth-01.azurewebsites.net\/en\/#website","url":"https:\/\/spka-wordpress-fhf0e0dzb2bveydb.switzerlandnorth-01.azurewebsites.net\/en\/","name":"Swiss Parkour Association","description":"","publisher":{"@id":"https:\/\/spka-wordpress-fhf0e0dzb2bveydb.switzerlandnorth-01.azurewebsites.net\/en\/#organization"},"potentialAction":[{"@type":"SearchAction","target":{"@type":"EntryPoint","urlTemplate":"https:\/\/spka-wordpress-fhf0e0dzb2bveydb.switzerlandnorth-01.azurewebsites.net\/en\/?s={search_term_string}"},"query-input":{"@type":"PropertyValueSpecification","valueRequired":true,"valueName":"search_term_string"}}],"inLanguage":"fr-FR"},{"@type":"Organization","@id":"https:\/\/spka-wordpress-fhf0e0dzb2bveydb.switzerlandnorth-01.azurewebsites.net\/en\/#organization","name":"Swiss Parkour Association","url":"https:\/\/spka-wordpress-fhf0e0dzb2bveydb.switzerlandnorth-01.azurewebsites.net\/en\/","logo":{"@type":"ImageObject","inLanguage":"fr-FR","@id":"https:\/\/spka-wordpress-fhf0e0dzb2bveydb.switzerlandnorth-01.azurewebsites.net\/en\/#\/schema\/logo\/image\/","url":"\/wp-content\/uploads\/logo-dark-circle.png","contentUrl":"\/wp-content\/uploads\/logo-dark-circle.png","width":527,"height":527,"caption":"Swiss Parkour Association"},"image":{"@id":"https:\/\/spka-wordpress-fhf0e0dzb2bveydb.switzerlandnorth-01.azurewebsites.net\/en\/#\/schema\/logo\/image\/"},"sameAs":["https:\/\/www.instagram.com\/spka.swiss\/"]}]}},"jetpack_sharing_enabled":true,"jetpack_shortlink":"https:\/\/wp.me\/PgGha7-gL","_links":{"self":[{"href":"https:\/\/webstaging.spka.ch\/fr\/wp-json\/wp\/v2\/pages\/1039","targetHints":{"allow":["GET"]}}],"collection":[{"href":"https:\/\/webstaging.spka.ch\/fr\/wp-json\/wp\/v2\/pages"}],"about":[{"href":"https:\/\/webstaging.spka.ch\/fr\/wp-json\/wp\/v2\/types\/page"}],"author":[{"embeddable":true,"href":"https:\/\/webstaging.spka.ch\/fr\/wp-json\/wp\/v2\/users\/2"}],"replies":[{"embeddable":true,"href":"https:\/\/webstaging.spka.ch\/fr\/wp-json\/wp\/v2\/comments?post=1039"}],"version-history":[{"count":5,"href":"https:\/\/webstaging.spka.ch\/fr\/wp-json\/wp\/v2\/pages\/1039\/revisions"}],"predecessor-version":[{"id":1251,"href":"https:\/\/webstaging.spka.ch\/fr\/wp-json\/wp\/v2\/pages\/1039\/revisions\/1251"}],"up":[{"embeddable":true,"href":"https:\/\/webstaging.spka.ch\/fr\/wp-json\/wp\/v2\/pages\/941"}],"wp:featuredmedia":[{"embeddable":true,"href":"https:\/\/webstaging.spka.ch\/fr\/wp-json\/wp\/v2\/media\/725"}],"wp:attachment":[{"href":"https:\/\/webstaging.spka.ch\/fr\/wp-json\/wp\/v2\/media?parent=1039"}],"curies":[{"name":"wp","href":"https:\/\/api.w.org\/{rel}","templated":true}]}}