{"id":1002,"date":"2025-02-24T17:51:36","date_gmt":"2025-02-24T16:51:36","guid":{"rendered":"https:\/\/webstaging.spka.ch\/membres-de-la-spka\/"},"modified":"2025-09-03T14:40:28","modified_gmt":"2025-09-03T12:40:28","slug":"members","status":"publish","type":"page","link":"https:\/\/webstaging.spka.ch\/fr\/members\/","title":{"rendered":"Membres de la SPKA"},"content":{"rendered":"\n<div class=\"wp-block-cover alignfull\"><span aria-hidden=\"true\" class=\"wp-block-cover__background has-palette-color-3-background-color has-background-dim\"><\/span><img loading=\"lazy\" decoding=\"async\" width=\"1000\" height=\"667\" src=\"\/wp-content\/uploads\/crowd-s.jpg\" class=\"wp-block-cover__image-background wp-post-image\" alt=\"\" data-object-fit=\"cover\" srcset=\"\/wp-content\/uploads\/crowd-s.jpg 1000w, \/wp-content\/uploads\/crowd-s-300x200.jpg 300w, \/wp-content\/uploads\/crowd-s-768x512.jpg 768w\" sizes=\"auto, (max-width: 1000px) 100vw, 1000px\" \/><div class=\"wp-block-cover__inner-container is-layout-constrained wp-block-cover-is-layout-constrained\">\n<p class=\"has-text-align-center has-palette-color-2-color has-text-color has-link-color has-x-large-font-size wp-elements-43ac8ed1dbc79f2ca06d6be257b9096c\"><strong>MEMBRES DE LA SPKA<\/strong><\/p>\n<\/div><\/div>\n\n<div class=\"wp-block-columns is-layout-flex wp-container-core-columns-is-layout-28f84493 wp-block-columns-is-layout-flex\">\n<div class=\"wp-block-column is-layout-flow wp-block-column-is-layout-flow\">\n<figure class=\"wp-block-pullquote\"><blockquote><p>22<\/p><cite>Organisations membres<\/cite><\/blockquote><\/figure>\n<\/div>\n\n\n\n<div class=\"wp-block-column is-layout-flow wp-block-column-is-layout-flow\">\n<figure class=\"wp-block-pullquote\"><blockquote><p>63<\/p><cite>Individus membres<\/cite><\/blockquote><\/figure>\n<\/div>\n\n\n\n<div class=\"wp-block-column is-layout-flow wp-block-column-is-layout-flow\">\n<figure class=\"wp-block-pullquote\"><blockquote><p>3000<\/p><cite>Pratiquants repr\u00e9sent\u00e9s<\/cite><\/blockquote><\/figure>\n<\/div>\n<\/div>\n\n<div class=\"wp-block-columns is-layout-flex wp-container-core-columns-is-layout-28f84493 wp-block-columns-is-layout-flex\">\n<div class=\"wp-block-column is-layout-flow wp-block-column-is-layout-flow\">\n<h3 class=\"wp-block-heading\">Organisations membres<\/h3>\n\n\n\n<ul class=\"wp-block-list\">\n<li><a href=\"http:\/\/www.turnsport.ag\" target=\"_blank\" rel=\"noreferrer noopener\">Aargauer Turnverband<\/a>, AG<\/li>\n\n\n\n<li><a href=\"http:\/\/www.chaoticfamilywear.com\" target=\"_blank\" rel=\"noreferrer noopener\">Chaotic Family<\/a>, TI<\/li>\n\n\n\n<li><a href=\"https:\/\/www.instagram.com\/freeline_parkour\" target=\"_blank\" rel=\"noreferrer noopener\">Freeline<\/a>, LU<\/li>\n\n\n\n<li><a href=\"http:\/\/www.freerunzurich.ch\" target=\"_blank\" rel=\"noreferrer noopener\">Freerun Z\u00fcrich<\/a>, ZH<\/li>\n\n\n\n<li><a href=\"http:\/\/www.kbsparkour.com\" target=\"_blank\" rel=\"noreferrer noopener\">KBS<\/a>, GE<\/li>\n\n\n\n<li><a href=\"https:\/\/www.instagram.com\/lafrappesociety\/\" target=\"_blank\" rel=\"noreferrer noopener\">La Frappe Society<\/a>, GE<\/li>\n\n\n\n<li><a href=\"https:\/\/www.facebook.com\/Parkourneuch\" target=\"_blank\" rel=\"noreferrer noopener\">L&rsquo;Arche &#8211; Parkour Neuch\u00e2tel<\/a>, NE<\/li>\n\n\n\n<li><a href=\"http:\/\/www.movewithlove.net\/\" target=\"_blank\" rel=\"noreferrer noopener\">Move With Love<\/a>, VD<\/li>\n\n\n\n<li><a href=\"http:\/\/www.nurf.ch\" target=\"_blank\" rel=\"noreferrer noopener\">Nurf<\/a>, AG<\/li>\n\n\n\n<li><a href=\"http:\/\/www.parkourexpo.com\" target=\"_blank\" rel=\"noreferrer noopener\">Parkour EXPO<\/a>, VD<\/li>\n\n\n\n<li><a href=\"http:\/\/www.pfsg.ch\" target=\"_blank\" rel=\"noreferrer noopener\">Parkour Family St. Gallen<\/a>, SG<\/li>\n\n\n\n<li><a href=\"http:\/\/www.parkourlausanne.ch\" target=\"_blank\" rel=\"noreferrer noopener\">Parkour Lausanne<\/a>, VD<\/li>\n\n\n\n<li>Parkour League Z\u00fcrich, ZH<\/li>\n\n\n\n<li><a href=\"http:\/\/www.parkourluzern.ch\" target=\"_blank\" rel=\"noreferrer noopener\">Parkour Luzern<\/a>, LU<\/li>\n\n\n\n<li><a href=\"http:\/\/www.parkourvalais.com\" target=\"_blank\" rel=\"noreferrer noopener\">Parkour Valais<\/a>, VS<\/li>\n\n\n\n<li>Patatra, GE<\/li>\n\n\n\n<li><a href=\"http:\/\/streemparkour.com\" target=\"_blank\" rel=\"noreferrer noopener\">Streem Parkour Basel<\/a>, BS<\/li>\n\n\n\n<li><a href=\"http:\/\/www.TheMadMonkeys.ch\" target=\"_blank\" rel=\"noreferrer noopener\">The Mad Monkeys<\/a>, VD<\/li>\n\n\n\n<li>Try N Trace, GE<\/li>\n\n\n\n<li><a href=\"http:\/\/www.tvstaefa.ch\/parkour-aktive\/\" target=\"_blank\" rel=\"noreferrer noopener\">TV St\u00e4fa<\/a>, ZH<\/li>\n\n\n\n<li><a href=\"http:\/\/www.worldsparkourfamily.com\" target=\"_blank\" rel=\"noreferrer noopener\">World&rsquo;s Parkour Family<\/a>, BS<\/li>\n\n\n\n<li><a href=\"http:\/\/www.xtremmove.ch\/\" target=\"_blank\" rel=\"noreferrer noopener\">X-trem Move<\/a>, VD<\/li>\n<\/ul>\n\n\n\n<p>La SPKA permet \u00e9galement l&rsquo;adh\u00e9sion de personnes ind\u00e9pendantes d&rsquo;une organisation. Ces personnes ne sont pas r\u00e9pertori\u00e9es publiquement.   <\/p>\n\n\n\n<p>Pour adh\u00e9rer \u00e0 la SPKA, consultez les informations <a href=\"https:\/\/new.spka.ch\/fr\/join-spka-individual\">pour les individus<\/a> ou pour <a href=\"https:\/\/new.spka.ch\/fr\/join-spka-organisation\">les organisations<\/a>.<\/p>\n<\/div>\n\n\n\n<div class=\"wp-block-column is-layout-flow wp-block-column-is-layout-flow\">\n<figure class=\"wp-block-image size-full\"><img loading=\"lazy\" decoding=\"async\" width=\"1000\" height=\"667\" src=\"\/wp-content\/uploads\/briefing-s.jpg\" alt=\"\" class=\"wp-image-257\" srcset=\"\/wp-content\/uploads\/briefing-s.jpg 1000w, \/wp-content\/uploads\/briefing-s-300x200.jpg 300w, \/wp-content\/uploads\/briefing-s-768x512.jpg 768w\" sizes=\"auto, (max-width: 1000px) 100vw, 1000px\" \/><\/figure>\n\n\n\n<figure class=\"wp-block-image size-full\"><img loading=\"lazy\" decoding=\"async\" width=\"1000\" height=\"667\" src=\"\/wp-content\/uploads\/crowd-s.jpg\" alt=\"\" class=\"wp-image-258\" srcset=\"\/wp-content\/uploads\/crowd-s.jpg 1000w, \/wp-content\/uploads\/crowd-s-300x200.jpg 300w, \/wp-content\/uploads\/crowd-s-768x512.jpg 768w\" sizes=\"auto, (max-width: 1000px) 100vw, 1000px\" \/><\/figure>\n<\/div>\n<\/div>\n","protected":false},"excerpt":{"rendered":"<p>Organisations membres La SPKA permet \u00e9galement l&rsquo;adh\u00e9sion de personnes ind\u00e9pendantes d&rsquo;une organisation. Ces personnes ne sont pas r\u00e9pertori\u00e9es publiquement. Pour adh\u00e9rer \u00e0 la SPKA, consultez les informations pour les individus ou pour les organisations.<\/p>\n","protected":false},"author":2,"featured_media":713,"parent":0,"menu_order":0,"comment_status":"closed","ping_status":"closed","template":"","meta":{"footnotes":""},"class_list":["post-1002","page","type-page","status-publish","has-post-thumbnail","hentry"],"blocksy_meta":[],"yoast_head":"<!-- This site is optimized with the Yoast SEO plugin v27.2 - https:\/\/yoast.com\/product\/yoast-seo-wordpress\/ -->\n<title>Membres de la SPKA - Swiss Parkour Association<\/title>\n<meta name=\"robots\" content=\"index, follow, max-snippet:-1, max-image-preview:large, max-video-preview:-1\" \/>\n<link rel=\"canonical\" href=\"https:\/\/webstaging.spka.ch\/fr\/members\/\" \/>\n<meta property=\"og:locale\" content=\"fr_FR\" \/>\n<meta property=\"og:type\" content=\"article\" \/>\n<meta property=\"og:title\" content=\"Membres de la SPKA - Swiss Parkour Association\" \/>\n<meta property=\"og:description\" content=\"Organisations membres La SPKA permet \u00e9galement l&rsquo;adh\u00e9sion de personnes ind\u00e9pendantes d&rsquo;une organisation. Ces personnes ne sont pas r\u00e9pertori\u00e9es publiquement. Pour adh\u00e9rer \u00e0 la SPKA, consultez les informations pour les individus ou pour les organisations.\" \/>\n<meta property=\"og:url\" content=\"https:\/\/webstaging.spka.ch\/fr\/members\/\" \/>\n<meta property=\"og:site_name\" content=\"Swiss Parkour Association\" \/>\n<meta property=\"article:modified_time\" content=\"2025-09-03T12:40:28+00:00\" \/>\n<meta property=\"og:image\" content=\"https:\/\/webstaging.spka.ch\/wp-content\/uploads\/crowd-s.jpg\" \/>\n\t<meta property=\"og:image:width\" content=\"1000\" \/>\n\t<meta property=\"og:image:height\" content=\"667\" \/>\n\t<meta property=\"og:image:type\" content=\"image\/jpeg\" \/>\n<meta name=\"twitter:card\" content=\"summary_large_image\" \/>\n<meta name=\"twitter:label1\" content=\"Dur\u00e9e de lecture estim\u00e9e\" \/>\n\t<meta name=\"twitter:data1\" content=\"1 minute\" \/>\n<script type=\"application\/ld+json\" class=\"yoast-schema-graph\">{\"@context\":\"https:\/\/schema.org\",\"@graph\":[{\"@type\":\"WebPage\",\"@id\":\"https:\/\/webstaging.spka.ch\/fr\/members\/\",\"url\":\"https:\/\/webstaging.spka.ch\/fr\/members\/\",\"name\":\"Membres de la SPKA - Swiss Parkour Association\",\"isPartOf\":{\"@id\":\"https:\/\/spka-wordpress-fhf0e0dzb2bveydb.switzerlandnorth-01.azurewebsites.net\/en\/#website\"},\"primaryImageOfPage\":{\"@id\":\"https:\/\/webstaging.spka.ch\/fr\/members\/#primaryimage\"},\"image\":{\"@id\":\"https:\/\/webstaging.spka.ch\/fr\/members\/#primaryimage\"},\"thumbnailUrl\":\"\/wp-content\/uploads\/crowd-s.jpg\",\"datePublished\":\"2025-02-24T16:51:36+00:00\",\"dateModified\":\"2025-09-03T12:40:28+00:00\",\"breadcrumb\":{\"@id\":\"https:\/\/webstaging.spka.ch\/fr\/members\/#breadcrumb\"},\"inLanguage\":\"fr-FR\",\"potentialAction\":[{\"@type\":\"ReadAction\",\"target\":[\"https:\/\/webstaging.spka.ch\/fr\/members\/\"]}]},{\"@type\":\"ImageObject\",\"inLanguage\":\"fr-FR\",\"@id\":\"https:\/\/webstaging.spka.ch\/fr\/members\/#primaryimage\",\"url\":\"\/wp-content\/uploads\/crowd-s.jpg\",\"contentUrl\":\"\/wp-content\/uploads\/crowd-s.jpg\",\"width\":1000,\"height\":667},{\"@type\":\"BreadcrumbList\",\"@id\":\"https:\/\/webstaging.spka.ch\/fr\/members\/#breadcrumb\",\"itemListElement\":[{\"@type\":\"ListItem\",\"position\":1,\"name\":\"Home\",\"item\":\"https:\/\/spka.ch\/fr\/\"},{\"@type\":\"ListItem\",\"position\":2,\"name\":\"Membres de la SPKA\"}]},{\"@type\":\"WebSite\",\"@id\":\"https:\/\/spka-wordpress-fhf0e0dzb2bveydb.switzerlandnorth-01.azurewebsites.net\/en\/#website\",\"url\":\"https:\/\/spka-wordpress-fhf0e0dzb2bveydb.switzerlandnorth-01.azurewebsites.net\/en\/\",\"name\":\"Swiss Parkour Association\",\"description\":\"\",\"publisher\":{\"@id\":\"https:\/\/spka-wordpress-fhf0e0dzb2bveydb.switzerlandnorth-01.azurewebsites.net\/en\/#organization\"},\"potentialAction\":[{\"@type\":\"SearchAction\",\"target\":{\"@type\":\"EntryPoint\",\"urlTemplate\":\"https:\/\/spka-wordpress-fhf0e0dzb2bveydb.switzerlandnorth-01.azurewebsites.net\/en\/?s={search_term_string}\"},\"query-input\":{\"@type\":\"PropertyValueSpecification\",\"valueRequired\":true,\"valueName\":\"search_term_string\"}}],\"inLanguage\":\"fr-FR\"},{\"@type\":\"Organization\",\"@id\":\"https:\/\/spka-wordpress-fhf0e0dzb2bveydb.switzerlandnorth-01.azurewebsites.net\/en\/#organization\",\"name\":\"Swiss Parkour Association\",\"url\":\"https:\/\/spka-wordpress-fhf0e0dzb2bveydb.switzerlandnorth-01.azurewebsites.net\/en\/\",\"logo\":{\"@type\":\"ImageObject\",\"inLanguage\":\"fr-FR\",\"@id\":\"https:\/\/spka-wordpress-fhf0e0dzb2bveydb.switzerlandnorth-01.azurewebsites.net\/en\/#\/schema\/logo\/image\/\",\"url\":\"\/wp-content\/uploads\/logo-dark-circle.png\",\"contentUrl\":\"\/wp-content\/uploads\/logo-dark-circle.png\",\"width\":527,\"height\":527,\"caption\":\"Swiss Parkour Association\"},\"image\":{\"@id\":\"https:\/\/spka-wordpress-fhf0e0dzb2bveydb.switzerlandnorth-01.azurewebsites.net\/en\/#\/schema\/logo\/image\/\"},\"sameAs\":[\"https:\/\/www.instagram.com\/spka.swiss\/\"]}]}<\/script>\n<!-- \/ Yoast SEO plugin. -->","yoast_head_json":{"title":"Membres de la SPKA - Swiss Parkour Association","robots":{"index":"index","follow":"follow","max-snippet":"max-snippet:-1","max-image-preview":"max-image-preview:large","max-video-preview":"max-video-preview:-1"},"canonical":"https:\/\/webstaging.spka.ch\/fr\/members\/","og_locale":"fr_FR","og_type":"article","og_title":"Membres de la SPKA - Swiss Parkour Association","og_description":"Organisations membres La SPKA permet \u00e9galement l&rsquo;adh\u00e9sion de personnes ind\u00e9pendantes d&rsquo;une organisation. Ces personnes ne sont pas r\u00e9pertori\u00e9es publiquement. Pour adh\u00e9rer \u00e0 la SPKA, consultez les informations pour les individus ou pour les organisations.","og_url":"https:\/\/webstaging.spka.ch\/fr\/members\/","og_site_name":"Swiss Parkour Association","article_modified_time":"2025-09-03T12:40:28+00:00","og_image":[{"width":1000,"height":667,"url":"https:\/\/webstaging.spka.ch\/wp-content\/uploads\/crowd-s.jpg","type":"image\/jpeg"}],"twitter_card":"summary_large_image","twitter_misc":{"Dur\u00e9e de lecture estim\u00e9e":"1 minute"},"schema":{"@context":"https:\/\/schema.org","@graph":[{"@type":"WebPage","@id":"https:\/\/webstaging.spka.ch\/fr\/members\/","url":"https:\/\/webstaging.spka.ch\/fr\/members\/","name":"Membres de la SPKA - Swiss Parkour Association","isPartOf":{"@id":"https:\/\/spka-wordpress-fhf0e0dzb2bveydb.switzerlandnorth-01.azurewebsites.net\/en\/#website"},"primaryImageOfPage":{"@id":"https:\/\/webstaging.spka.ch\/fr\/members\/#primaryimage"},"image":{"@id":"https:\/\/webstaging.spka.ch\/fr\/members\/#primaryimage"},"thumbnailUrl":"\/wp-content\/uploads\/crowd-s.jpg","datePublished":"2025-02-24T16:51:36+00:00","dateModified":"2025-09-03T12:40:28+00:00","breadcrumb":{"@id":"https:\/\/webstaging.spka.ch\/fr\/members\/#breadcrumb"},"inLanguage":"fr-FR","potentialAction":[{"@type":"ReadAction","target":["https:\/\/webstaging.spka.ch\/fr\/members\/"]}]},{"@type":"ImageObject","inLanguage":"fr-FR","@id":"https:\/\/webstaging.spka.ch\/fr\/members\/#primaryimage","url":"\/wp-content\/uploads\/crowd-s.jpg","contentUrl":"\/wp-content\/uploads\/crowd-s.jpg","width":1000,"height":667},{"@type":"BreadcrumbList","@id":"https:\/\/webstaging.spka.ch\/fr\/members\/#breadcrumb","itemListElement":[{"@type":"ListItem","position":1,"name":"Home","item":"https:\/\/spka.ch\/fr\/"},{"@type":"ListItem","position":2,"name":"Membres de la SPKA"}]},{"@type":"WebSite","@id":"https:\/\/spka-wordpress-fhf0e0dzb2bveydb.switzerlandnorth-01.azurewebsites.net\/en\/#website","url":"https:\/\/spka-wordpress-fhf0e0dzb2bveydb.switzerlandnorth-01.azurewebsites.net\/en\/","name":"Swiss Parkour Association","description":"","publisher":{"@id":"https:\/\/spka-wordpress-fhf0e0dzb2bveydb.switzerlandnorth-01.azurewebsites.net\/en\/#organization"},"potentialAction":[{"@type":"SearchAction","target":{"@type":"EntryPoint","urlTemplate":"https:\/\/spka-wordpress-fhf0e0dzb2bveydb.switzerlandnorth-01.azurewebsites.net\/en\/?s={search_term_string}"},"query-input":{"@type":"PropertyValueSpecification","valueRequired":true,"valueName":"search_term_string"}}],"inLanguage":"fr-FR"},{"@type":"Organization","@id":"https:\/\/spka-wordpress-fhf0e0dzb2bveydb.switzerlandnorth-01.azurewebsites.net\/en\/#organization","name":"Swiss Parkour Association","url":"https:\/\/spka-wordpress-fhf0e0dzb2bveydb.switzerlandnorth-01.azurewebsites.net\/en\/","logo":{"@type":"ImageObject","inLanguage":"fr-FR","@id":"https:\/\/spka-wordpress-fhf0e0dzb2bveydb.switzerlandnorth-01.azurewebsites.net\/en\/#\/schema\/logo\/image\/","url":"\/wp-content\/uploads\/logo-dark-circle.png","contentUrl":"\/wp-content\/uploads\/logo-dark-circle.png","width":527,"height":527,"caption":"Swiss Parkour Association"},"image":{"@id":"https:\/\/spka-wordpress-fhf0e0dzb2bveydb.switzerlandnorth-01.azurewebsites.net\/en\/#\/schema\/logo\/image\/"},"sameAs":["https:\/\/www.instagram.com\/spka.swiss\/"]}]}},"jetpack_sharing_enabled":true,"jetpack_shortlink":"https:\/\/wp.me\/PgGha7-ga","_links":{"self":[{"href":"https:\/\/webstaging.spka.ch\/fr\/wp-json\/wp\/v2\/pages\/1002","targetHints":{"allow":["GET"]}}],"collection":[{"href":"https:\/\/webstaging.spka.ch\/fr\/wp-json\/wp\/v2\/pages"}],"about":[{"href":"https:\/\/webstaging.spka.ch\/fr\/wp-json\/wp\/v2\/types\/page"}],"author":[{"embeddable":true,"href":"https:\/\/webstaging.spka.ch\/fr\/wp-json\/wp\/v2\/users\/2"}],"replies":[{"embeddable":true,"href":"https:\/\/webstaging.spka.ch\/fr\/wp-json\/wp\/v2\/comments?post=1002"}],"version-history":[{"count":3,"href":"https:\/\/webstaging.spka.ch\/fr\/wp-json\/wp\/v2\/pages\/1002\/revisions"}],"predecessor-version":[{"id":1321,"href":"https:\/\/webstaging.spka.ch\/fr\/wp-json\/wp\/v2\/pages\/1002\/revisions\/1321"}],"wp:featuredmedia":[{"embeddable":true,"href":"https:\/\/webstaging.spka.ch\/fr\/wp-json\/wp\/v2\/media\/713"}],"wp:attachment":[{"href":"https:\/\/webstaging.spka.ch\/fr\/wp-json\/wp\/v2\/media?parent=1002"}],"curies":[{"name":"wp","href":"https:\/\/api.w.org\/{rel}","templated":true}]}}