{"id":987,"date":"2025-02-24T17:52:49","date_gmt":"2025-02-24T16:52:49","guid":{"rendered":"https:\/\/webstaging.spka.ch\/jugendsport\/sicherheitsstandards-bfu\/"},"modified":"2025-09-03T15:04:31","modified_gmt":"2025-09-03T13:04:31","slug":"safety-standards","status":"publish","type":"page","link":"https:\/\/webstaging.spka.ch\/de\/js\/safety-standards\/","title":{"rendered":"Sicherheitsstandards (BFU)"},"content":{"rendered":"\n<h3 class=\"wp-block-heading\">Sicherheitsstandards beim Parkour-Training<\/h3>\n\n<p>Die SPKA ist ein Partner der Schweizerischen Beratungsstelle f\u00fcr Unfallverh\u00fctung (BFU). In Zusammenarbeit mit dem BFU wurden im Rahmen der Ausbildung bei Youth+Sport Sicherheitsma\u00dfnahmen definiert, die in allen Vereinen umgesetzt werden sollen. Die Sicherheitsma\u00dfnahmen k\u00f6nnen dazu dienen, die Unfallverh\u00fctung im Parkour bei Kindern und Jugendlichen zu f\u00f6rdern. Die SPKA ist grunds\u00e4tzlich gegen ein unverh\u00e4ltnism\u00e4\u00dfiges Risiko und h\u00e4lt sich an die Wertehaltung &#8222;Sicherheit und Kontrolle in jeder Situation&#8220;.     <\/p>\n\n<h5 class=\"wp-block-heading\">Parkour-Lehrer&#8230;<\/h5>\n\n<ul class=\"wp-block-list\">\n<li>Sorgen Sie f\u00fcr eine aktive \u00dcberwachung ihrer Aktivit\u00e4ten entsprechend dem Entwicklungsstand der Traceure.<\/li>\n\n\n\n<li>Sensibilisieren Sie die Kinder und Jugendlichen f\u00fcr einen bewussten Umgang mit Schwierigkeiten, Risiko und Risikobereitschaft sowie f\u00fcr die Selbsteinsch\u00e4tzung ihrer eigenen F\u00e4higkeiten.<\/li>\n\n\n\n<li>Achten Sie darauf, dass Uhren, Schmuck usw. abgelegt oder zugeklebt sind und dass kein Kaugummi oder S\u00fc\u00dfigkeiten gekaut werden. Lange Haare m\u00fcssen hochgebunden sein. <\/li>\n\n\n\n<li>Achten Sie auf eine r\u00fccksichtsvolle Haltung gegen\u00fcber der Umwelt, Passanten und Trainingskollegen. Abf\u00e4lle werden an den richtigen Stellen entsorgt. Traceure k\u00fcmmern sich um ihre Trainingsumgebung.  <\/li>\n\n\n\n<li>Stellen Sie sicher, dass Kinder und Jugendliche in der Trainingsgruppe nur Zugang zu Spots haben, die ihrem Leistungsniveau entsprechen.<\/li>\n\n\n\n<li>Ber\u00fccksichtigen Sie die spezifischen Anforderungen der drei Einstellungen &#8222;Indoor&#8220;, &#8222;Outdoor&#8220; und &#8222;Parkour&#8220;.<\/li>\n<\/ul>\n\n<div class=\"wp-block-media-text is-stacked-on-mobile\" style=\"grid-template-columns:21% auto\"><figure class=\"wp-block-media-text__media\"><img loading=\"lazy\" decoding=\"async\" width=\"722\" height=\"1024\" src=\"\/wp-content\/uploads\/bfu1-722x1024.jpg\" alt=\"\" class=\"wp-image-185 size-full\" srcset=\"\/wp-content\/uploads\/bfu1-722x1024.jpg 722w, \/wp-content\/uploads\/bfu1-212x300.jpg 212w, \/wp-content\/uploads\/bfu1.jpg 760w\" sizes=\"auto, (max-width: 722px) 100vw, 722px\" \/><\/figure><div class=\"wp-block-media-text__content\">\n<p><br\/><br\/><br\/>Dokument: <a href=\"https:\/\/backend.jugendundsport.ch\/fileservice\/sdweb-docs-prod-jugdsport-files\/files\/2024\/03\/06\/f04aba71-5777-4744-a905-d6e2a3105f21.pdf\" target=\"_blank\" rel=\"noreferrer noopener\">Parkour Sicherheitsrichtlinien (J+S Website)<\/a><\/p>\n\n\n\n<p>Dokument: <a href=\"https:\/\/www.jugendundsport.ch\/de\/themen\/sicherheit\/merkblaetter.html#ui-collapse-80\" target=\"_blank\" rel=\"noreferrer noopener\">Vollst\u00e4ndige Sicherheitsrichtlinien (J+S Website)<\/a><\/p>\n\n\n\n<p>BFU-Website: <a href=\"https:\/\/www.bfu.ch\/de\/sport-bewegung\">www.bfu.ch<\/a><\/p>\n<\/div><\/div>\n\n<p><\/p>\n","protected":false},"excerpt":{"rendered":"<p>Sicherheitsstandards beim Parkour-Training Die SPKA ist ein Partner der Schweizerischen Beratungsstelle f\u00fcr Unfallverh\u00fctung (BFU). In Zusammenarbeit mit dem BFU wurden im Rahmen der Ausbildung bei Youth+Sport Sicherheitsma\u00dfnahmen definiert, die in allen Vereinen umgesetzt werden sollen. Die Sicherheitsma\u00dfnahmen k\u00f6nnen dazu dienen, die Unfallverh\u00fctung im Parkour bei Kindern und Jugendlichen zu f\u00f6rdern. Die SPKA ist grunds\u00e4tzlich gegen [&hellip;]<\/p>\n","protected":false},"author":2,"featured_media":0,"parent":927,"menu_order":0,"comment_status":"closed","ping_status":"closed","template":"","meta":{"footnotes":""},"class_list":["post-987","page","type-page","status-publish","hentry"],"blocksy_meta":[],"yoast_head":"<!-- This site is optimized with the Yoast SEO plugin v27.2 - https:\/\/yoast.com\/product\/yoast-seo-wordpress\/ -->\n<title>Sicherheitsstandards (BFU) - Swiss Parkour Association<\/title>\n<meta name=\"robots\" content=\"index, follow, max-snippet:-1, max-image-preview:large, max-video-preview:-1\" \/>\n<link rel=\"canonical\" href=\"https:\/\/webstaging.spka.ch\/de\/js\/safety-standards\/\" \/>\n<meta property=\"og:locale\" content=\"de_DE\" \/>\n<meta property=\"og:type\" content=\"article\" \/>\n<meta property=\"og:title\" content=\"Sicherheitsstandards (BFU) - Swiss Parkour Association\" \/>\n<meta property=\"og:description\" content=\"Sicherheitsstandards beim Parkour-Training Die SPKA ist ein Partner der Schweizerischen Beratungsstelle f\u00fcr Unfallverh\u00fctung (BFU). In Zusammenarbeit mit dem BFU wurden im Rahmen der Ausbildung bei Youth+Sport Sicherheitsma\u00dfnahmen definiert, die in allen Vereinen umgesetzt werden sollen. Die Sicherheitsma\u00dfnahmen k\u00f6nnen dazu dienen, die Unfallverh\u00fctung im Parkour bei Kindern und Jugendlichen zu f\u00f6rdern. Die SPKA ist grunds\u00e4tzlich gegen [&hellip;]\" \/>\n<meta property=\"og:url\" content=\"https:\/\/webstaging.spka.ch\/de\/js\/safety-standards\/\" \/>\n<meta property=\"og:site_name\" content=\"Swiss Parkour Association\" \/>\n<meta property=\"article:modified_time\" content=\"2025-09-03T13:04:31+00:00\" \/>\n<meta name=\"twitter:card\" content=\"summary_large_image\" \/>\n<meta name=\"twitter:label1\" content=\"Gesch\u00e4tzte Lesezeit\" \/>\n\t<meta name=\"twitter:data1\" content=\"1\u00a0Minute\" \/>\n<script type=\"application\/ld+json\" class=\"yoast-schema-graph\">{\"@context\":\"https:\/\/schema.org\",\"@graph\":[{\"@type\":\"WebPage\",\"@id\":\"https:\/\/webstaging.spka.ch\/de\/js\/safety-standards\/\",\"url\":\"https:\/\/webstaging.spka.ch\/de\/js\/safety-standards\/\",\"name\":\"Sicherheitsstandards (BFU) - Swiss Parkour Association\",\"isPartOf\":{\"@id\":\"https:\/\/spka-wordpress-fhf0e0dzb2bveydb.switzerlandnorth-01.azurewebsites.net\/en\/#website\"},\"datePublished\":\"2025-02-24T16:52:49+00:00\",\"dateModified\":\"2025-09-03T13:04:31+00:00\",\"breadcrumb\":{\"@id\":\"https:\/\/webstaging.spka.ch\/de\/js\/safety-standards\/#breadcrumb\"},\"inLanguage\":\"de\",\"potentialAction\":[{\"@type\":\"ReadAction\",\"target\":[\"https:\/\/webstaging.spka.ch\/de\/js\/safety-standards\/\"]}]},{\"@type\":\"BreadcrumbList\",\"@id\":\"https:\/\/webstaging.spka.ch\/de\/js\/safety-standards\/#breadcrumb\",\"itemListElement\":[{\"@type\":\"ListItem\",\"position\":1,\"name\":\"Home\",\"item\":\"https:\/\/spka.ch\/de\/\"},{\"@type\":\"ListItem\",\"position\":2,\"name\":\"Youth+Sport Allgemeine Informationen\",\"item\":\"https:\/\/webstaging.spka.ch\/de\/js\/\"},{\"@type\":\"ListItem\",\"position\":3,\"name\":\"Sicherheitsstandards (BFU)\"}]},{\"@type\":\"WebSite\",\"@id\":\"https:\/\/spka-wordpress-fhf0e0dzb2bveydb.switzerlandnorth-01.azurewebsites.net\/en\/#website\",\"url\":\"https:\/\/spka-wordpress-fhf0e0dzb2bveydb.switzerlandnorth-01.azurewebsites.net\/en\/\",\"name\":\"Swiss Parkour Association\",\"description\":\"\",\"publisher\":{\"@id\":\"https:\/\/spka-wordpress-fhf0e0dzb2bveydb.switzerlandnorth-01.azurewebsites.net\/en\/#organization\"},\"potentialAction\":[{\"@type\":\"SearchAction\",\"target\":{\"@type\":\"EntryPoint\",\"urlTemplate\":\"https:\/\/spka-wordpress-fhf0e0dzb2bveydb.switzerlandnorth-01.azurewebsites.net\/en\/?s={search_term_string}\"},\"query-input\":{\"@type\":\"PropertyValueSpecification\",\"valueRequired\":true,\"valueName\":\"search_term_string\"}}],\"inLanguage\":\"de\"},{\"@type\":\"Organization\",\"@id\":\"https:\/\/spka-wordpress-fhf0e0dzb2bveydb.switzerlandnorth-01.azurewebsites.net\/en\/#organization\",\"name\":\"Swiss Parkour Association\",\"url\":\"https:\/\/spka-wordpress-fhf0e0dzb2bveydb.switzerlandnorth-01.azurewebsites.net\/en\/\",\"logo\":{\"@type\":\"ImageObject\",\"inLanguage\":\"de\",\"@id\":\"https:\/\/spka-wordpress-fhf0e0dzb2bveydb.switzerlandnorth-01.azurewebsites.net\/en\/#\/schema\/logo\/image\/\",\"url\":\"\/wp-content\/uploads\/logo-dark-circle.png\",\"contentUrl\":\"\/wp-content\/uploads\/logo-dark-circle.png\",\"width\":527,\"height\":527,\"caption\":\"Swiss Parkour Association\"},\"image\":{\"@id\":\"https:\/\/spka-wordpress-fhf0e0dzb2bveydb.switzerlandnorth-01.azurewebsites.net\/en\/#\/schema\/logo\/image\/\"},\"sameAs\":[\"https:\/\/www.instagram.com\/spka.swiss\/\"]}]}<\/script>\n<!-- \/ Yoast SEO plugin. -->","yoast_head_json":{"title":"Sicherheitsstandards (BFU) - Swiss Parkour Association","robots":{"index":"index","follow":"follow","max-snippet":"max-snippet:-1","max-image-preview":"max-image-preview:large","max-video-preview":"max-video-preview:-1"},"canonical":"https:\/\/webstaging.spka.ch\/de\/js\/safety-standards\/","og_locale":"de_DE","og_type":"article","og_title":"Sicherheitsstandards (BFU) - Swiss Parkour Association","og_description":"Sicherheitsstandards beim Parkour-Training Die SPKA ist ein Partner der Schweizerischen Beratungsstelle f\u00fcr Unfallverh\u00fctung (BFU). In Zusammenarbeit mit dem BFU wurden im Rahmen der Ausbildung bei Youth+Sport Sicherheitsma\u00dfnahmen definiert, die in allen Vereinen umgesetzt werden sollen. Die Sicherheitsma\u00dfnahmen k\u00f6nnen dazu dienen, die Unfallverh\u00fctung im Parkour bei Kindern und Jugendlichen zu f\u00f6rdern. Die SPKA ist grunds\u00e4tzlich gegen [&hellip;]","og_url":"https:\/\/webstaging.spka.ch\/de\/js\/safety-standards\/","og_site_name":"Swiss Parkour Association","article_modified_time":"2025-09-03T13:04:31+00:00","twitter_card":"summary_large_image","twitter_misc":{"Gesch\u00e4tzte Lesezeit":"1\u00a0Minute"},"schema":{"@context":"https:\/\/schema.org","@graph":[{"@type":"WebPage","@id":"https:\/\/webstaging.spka.ch\/de\/js\/safety-standards\/","url":"https:\/\/webstaging.spka.ch\/de\/js\/safety-standards\/","name":"Sicherheitsstandards (BFU) - Swiss Parkour Association","isPartOf":{"@id":"https:\/\/spka-wordpress-fhf0e0dzb2bveydb.switzerlandnorth-01.azurewebsites.net\/en\/#website"},"datePublished":"2025-02-24T16:52:49+00:00","dateModified":"2025-09-03T13:04:31+00:00","breadcrumb":{"@id":"https:\/\/webstaging.spka.ch\/de\/js\/safety-standards\/#breadcrumb"},"inLanguage":"de","potentialAction":[{"@type":"ReadAction","target":["https:\/\/webstaging.spka.ch\/de\/js\/safety-standards\/"]}]},{"@type":"BreadcrumbList","@id":"https:\/\/webstaging.spka.ch\/de\/js\/safety-standards\/#breadcrumb","itemListElement":[{"@type":"ListItem","position":1,"name":"Home","item":"https:\/\/spka.ch\/de\/"},{"@type":"ListItem","position":2,"name":"Youth+Sport Allgemeine Informationen","item":"https:\/\/webstaging.spka.ch\/de\/js\/"},{"@type":"ListItem","position":3,"name":"Sicherheitsstandards (BFU)"}]},{"@type":"WebSite","@id":"https:\/\/spka-wordpress-fhf0e0dzb2bveydb.switzerlandnorth-01.azurewebsites.net\/en\/#website","url":"https:\/\/spka-wordpress-fhf0e0dzb2bveydb.switzerlandnorth-01.azurewebsites.net\/en\/","name":"Swiss Parkour Association","description":"","publisher":{"@id":"https:\/\/spka-wordpress-fhf0e0dzb2bveydb.switzerlandnorth-01.azurewebsites.net\/en\/#organization"},"potentialAction":[{"@type":"SearchAction","target":{"@type":"EntryPoint","urlTemplate":"https:\/\/spka-wordpress-fhf0e0dzb2bveydb.switzerlandnorth-01.azurewebsites.net\/en\/?s={search_term_string}"},"query-input":{"@type":"PropertyValueSpecification","valueRequired":true,"valueName":"search_term_string"}}],"inLanguage":"de"},{"@type":"Organization","@id":"https:\/\/spka-wordpress-fhf0e0dzb2bveydb.switzerlandnorth-01.azurewebsites.net\/en\/#organization","name":"Swiss Parkour Association","url":"https:\/\/spka-wordpress-fhf0e0dzb2bveydb.switzerlandnorth-01.azurewebsites.net\/en\/","logo":{"@type":"ImageObject","inLanguage":"de","@id":"https:\/\/spka-wordpress-fhf0e0dzb2bveydb.switzerlandnorth-01.azurewebsites.net\/en\/#\/schema\/logo\/image\/","url":"\/wp-content\/uploads\/logo-dark-circle.png","contentUrl":"\/wp-content\/uploads\/logo-dark-circle.png","width":527,"height":527,"caption":"Swiss Parkour Association"},"image":{"@id":"https:\/\/spka-wordpress-fhf0e0dzb2bveydb.switzerlandnorth-01.azurewebsites.net\/en\/#\/schema\/logo\/image\/"},"sameAs":["https:\/\/www.instagram.com\/spka.swiss\/"]}]}},"jetpack_sharing_enabled":true,"jetpack_shortlink":"https:\/\/wp.me\/PgGha7-fV","_links":{"self":[{"href":"https:\/\/webstaging.spka.ch\/de\/wp-json\/wp\/v2\/pages\/987","targetHints":{"allow":["GET"]}}],"collection":[{"href":"https:\/\/webstaging.spka.ch\/de\/wp-json\/wp\/v2\/pages"}],"about":[{"href":"https:\/\/webstaging.spka.ch\/de\/wp-json\/wp\/v2\/types\/page"}],"author":[{"embeddable":true,"href":"https:\/\/webstaging.spka.ch\/de\/wp-json\/wp\/v2\/users\/2"}],"replies":[{"embeddable":true,"href":"https:\/\/webstaging.spka.ch\/de\/wp-json\/wp\/v2\/comments?post=987"}],"version-history":[{"count":5,"href":"https:\/\/webstaging.spka.ch\/de\/wp-json\/wp\/v2\/pages\/987\/revisions"}],"predecessor-version":[{"id":1339,"href":"https:\/\/webstaging.spka.ch\/de\/wp-json\/wp\/v2\/pages\/987\/revisions\/1339"}],"up":[{"embeddable":true,"href":"https:\/\/webstaging.spka.ch\/de\/wp-json\/wp\/v2\/pages\/927"}],"wp:attachment":[{"href":"https:\/\/webstaging.spka.ch\/de\/wp-json\/wp\/v2\/media?parent=987"}],"curies":[{"name":"wp","href":"https:\/\/api.w.org\/{rel}","templated":true}]}}