{"id":984,"date":"2025-02-24T17:52:45","date_gmt":"2025-02-24T16:52:45","guid":{"rendered":"https:\/\/webstaging.spka.ch\/veroeffentlichte-dokumente\/"},"modified":"2026-03-24T23:07:58","modified_gmt":"2026-03-24T22:07:58","slug":"document-archive","status":"publish","type":"page","link":"https:\/\/webstaging.spka.ch\/de\/document-archive\/","title":{"rendered":"Ver\u00f6ffentlichte Dokumente"},"content":{"rendered":"\n<h2 class=\"wp-block-heading\">Ver\u00f6ffentlichte Dokumente<\/h2>\n\n<p>Erm\u00f6glicht den Zugang zu \u00f6ffentlichen Dokumenten von SPKA<\/p>\n\n<div class=\"wp-block-columns is-layout-flex wp-container-core-columns-is-layout-28f84493 wp-block-columns-is-layout-flex\">\n<div class=\"wp-block-column is-layout-flow wp-block-column-is-layout-flow\">\n<h4 class=\"wp-block-heading\">Jahresberichte<\/h4>\n\n\n\n<p>Jedes Jahr bei unserer Jahreshauptversammlung ver\u00f6ffentlichen wir einen Bericht mit Finanzberichten und Projekt-Highlights. Diese sind hier verf\u00fcgbar. <\/p>\n\n\n\n<ul class=\"wp-block-list\">\n<li><a href=\"\/wp-content\/uploads\/AnnualReport2025.pdf\"><strong>2025<\/strong><\/a><\/li>\n\n\n\n<li><strong><a href=\"\/wp-content\/uploads\/AnnualReport2024.pdf\">2024<\/a><\/strong><\/li>\n\n\n\n<li><strong><a href=\"https:\/\/content.spka.ch\/assets\/e25b8de8-ba5d-4a6c-8817-7660876ac978\" target=\"_blank\" rel=\"noreferrer noopener\">2023<\/a><\/strong><\/li>\n\n\n\n<li><strong><a href=\"https:\/\/content.spka.ch\/assets\/ac0ea7a6-6a9a-4ce9-9f96-6608122e36b0\" target=\"_blank\" rel=\"noreferrer noopener\">2022<\/a><\/strong><\/li>\n\n\n\n<li><strong><a href=\"https:\/\/content.spka.ch\/assets\/a0abebf9-6411-4ebf-bfa9-2f9c5819a50d\" target=\"_blank\" rel=\"noreferrer noopener\">2021<\/a><\/strong><\/li>\n\n\n\n<li><strong><a href=\"https:\/\/content.spka.ch\/assets\/46b3f149-3968-4f6c-8a71-47ad875e226d\" target=\"_blank\" rel=\"noreferrer noopener\">2020<\/a><\/strong><\/li>\n<\/ul>\n<\/div>\n\n\n\n<div class=\"wp-block-column is-layout-flow wp-block-column-is-layout-flow\">\n<h4 class=\"wp-block-heading\">Governance<\/h4>\n\n\n\n<p>Die Regeln, die f\u00fcr die SPKA gelten, finden Sie hier.<\/p>\n\n\n\n<p><strong><a href=\"\/wp-content\/uploads\/Constitution.pdf\" target=\"_blank\" rel=\"noreferrer noopener\">SPKA Satzung<\/a><\/strong><\/p>\n<\/div>\n\n\n\n<div class=\"wp-block-column is-layout-flow wp-block-column-is-layout-flow\">\n<h4 class=\"wp-block-heading\">Erkl\u00e4rungen zu Interessenkonflikten<\/h4>\n\n\n\n<p>Jedes Vorstandsmitglied f\u00fcllt ein Formular f\u00fcr Interessenkonflikte aus, das der \u00d6ffentlichkeit zug\u00e4nglich ist.  <\/p>\n\n\n\n<ul class=\"wp-block-list\">\n<li><strong><a href=\"\/wp-content\/uploads\/ConflictOfInterest.pdf\" target=\"_blank\" rel=\"noreferrer noopener\">Interessenkonflikte<\/a><\/strong><\/li>\n<\/ul>\n<\/div>\n<\/div>\n\n<p><\/p>\n","protected":false},"excerpt":{"rendered":"<p>Ver\u00f6ffentlichte Dokumente Erm\u00f6glicht den Zugang zu \u00f6ffentlichen Dokumenten von SPKA Jahresberichte Jedes Jahr bei unserer Jahreshauptversammlung ver\u00f6ffentlichen wir einen Bericht mit Finanzberichten und Projekt-Highlights. Diese sind hier verf\u00fcgbar. Governance Die Regeln, die f\u00fcr die SPKA gelten, finden Sie hier. SPKA Satzung Erkl\u00e4rungen zu Interessenkonflikten Jedes Vorstandsmitglied f\u00fcllt ein Formular f\u00fcr Interessenkonflikte aus, das der \u00d6ffentlichkeit [&hellip;]<\/p>\n","protected":false},"author":2,"featured_media":0,"parent":0,"menu_order":0,"comment_status":"closed","ping_status":"closed","template":"","meta":{"footnotes":""},"class_list":["post-984","page","type-page","status-publish","hentry"],"blocksy_meta":[],"yoast_head":"<!-- This site is optimized with the Yoast SEO plugin v27.2 - https:\/\/yoast.com\/product\/yoast-seo-wordpress\/ -->\n<title>Ver\u00f6ffentlichte Dokumente - Swiss Parkour Association<\/title>\n<meta name=\"robots\" content=\"index, follow, max-snippet:-1, max-image-preview:large, max-video-preview:-1\" \/>\n<link rel=\"canonical\" href=\"https:\/\/webstaging.spka.ch\/de\/document-archive\/\" \/>\n<meta property=\"og:locale\" content=\"de_DE\" \/>\n<meta property=\"og:type\" content=\"article\" \/>\n<meta property=\"og:title\" content=\"Ver\u00f6ffentlichte Dokumente - Swiss Parkour Association\" \/>\n<meta property=\"og:description\" content=\"Ver\u00f6ffentlichte Dokumente Erm\u00f6glicht den Zugang zu \u00f6ffentlichen Dokumenten von SPKA Jahresberichte Jedes Jahr bei unserer Jahreshauptversammlung ver\u00f6ffentlichen wir einen Bericht mit Finanzberichten und Projekt-Highlights. Diese sind hier verf\u00fcgbar. Governance Die Regeln, die f\u00fcr die SPKA gelten, finden Sie hier. SPKA Satzung Erkl\u00e4rungen zu Interessenkonflikten Jedes Vorstandsmitglied f\u00fcllt ein Formular f\u00fcr Interessenkonflikte aus, das der \u00d6ffentlichkeit [&hellip;]\" \/>\n<meta property=\"og:url\" content=\"https:\/\/webstaging.spka.ch\/de\/document-archive\/\" \/>\n<meta property=\"og:site_name\" content=\"Swiss Parkour Association\" \/>\n<meta property=\"article:modified_time\" content=\"2026-03-24T22:07:58+00:00\" \/>\n<meta name=\"twitter:card\" content=\"summary_large_image\" \/>\n<script type=\"application\/ld+json\" class=\"yoast-schema-graph\">{\"@context\":\"https:\/\/schema.org\",\"@graph\":[{\"@type\":\"WebPage\",\"@id\":\"https:\/\/webstaging.spka.ch\/de\/document-archive\/\",\"url\":\"https:\/\/webstaging.spka.ch\/de\/document-archive\/\",\"name\":\"Ver\u00f6ffentlichte Dokumente - Swiss Parkour Association\",\"isPartOf\":{\"@id\":\"https:\/\/spka-wordpress-fhf0e0dzb2bveydb.switzerlandnorth-01.azurewebsites.net\/en\/#website\"},\"datePublished\":\"2025-02-24T16:52:45+00:00\",\"dateModified\":\"2026-03-24T22:07:58+00:00\",\"breadcrumb\":{\"@id\":\"https:\/\/webstaging.spka.ch\/de\/document-archive\/#breadcrumb\"},\"inLanguage\":\"de\",\"potentialAction\":[{\"@type\":\"ReadAction\",\"target\":[\"https:\/\/webstaging.spka.ch\/de\/document-archive\/\"]}]},{\"@type\":\"BreadcrumbList\",\"@id\":\"https:\/\/webstaging.spka.ch\/de\/document-archive\/#breadcrumb\",\"itemListElement\":[{\"@type\":\"ListItem\",\"position\":1,\"name\":\"Home\",\"item\":\"https:\/\/spka.ch\/de\/\"},{\"@type\":\"ListItem\",\"position\":2,\"name\":\"Ver\u00f6ffentlichte Dokumente\"}]},{\"@type\":\"WebSite\",\"@id\":\"https:\/\/spka-wordpress-fhf0e0dzb2bveydb.switzerlandnorth-01.azurewebsites.net\/en\/#website\",\"url\":\"https:\/\/spka-wordpress-fhf0e0dzb2bveydb.switzerlandnorth-01.azurewebsites.net\/en\/\",\"name\":\"Swiss Parkour Association\",\"description\":\"\",\"publisher\":{\"@id\":\"https:\/\/spka-wordpress-fhf0e0dzb2bveydb.switzerlandnorth-01.azurewebsites.net\/en\/#organization\"},\"potentialAction\":[{\"@type\":\"SearchAction\",\"target\":{\"@type\":\"EntryPoint\",\"urlTemplate\":\"https:\/\/spka-wordpress-fhf0e0dzb2bveydb.switzerlandnorth-01.azurewebsites.net\/en\/?s={search_term_string}\"},\"query-input\":{\"@type\":\"PropertyValueSpecification\",\"valueRequired\":true,\"valueName\":\"search_term_string\"}}],\"inLanguage\":\"de\"},{\"@type\":\"Organization\",\"@id\":\"https:\/\/spka-wordpress-fhf0e0dzb2bveydb.switzerlandnorth-01.azurewebsites.net\/en\/#organization\",\"name\":\"Swiss Parkour Association\",\"url\":\"https:\/\/spka-wordpress-fhf0e0dzb2bveydb.switzerlandnorth-01.azurewebsites.net\/en\/\",\"logo\":{\"@type\":\"ImageObject\",\"inLanguage\":\"de\",\"@id\":\"https:\/\/spka-wordpress-fhf0e0dzb2bveydb.switzerlandnorth-01.azurewebsites.net\/en\/#\/schema\/logo\/image\/\",\"url\":\"\/wp-content\/uploads\/logo-dark-circle.png\",\"contentUrl\":\"\/wp-content\/uploads\/logo-dark-circle.png\",\"width\":527,\"height\":527,\"caption\":\"Swiss Parkour Association\"},\"image\":{\"@id\":\"https:\/\/spka-wordpress-fhf0e0dzb2bveydb.switzerlandnorth-01.azurewebsites.net\/en\/#\/schema\/logo\/image\/\"},\"sameAs\":[\"https:\/\/www.instagram.com\/spka.swiss\/\"]}]}<\/script>\n<!-- \/ Yoast SEO plugin. -->","yoast_head_json":{"title":"Ver\u00f6ffentlichte Dokumente - Swiss Parkour Association","robots":{"index":"index","follow":"follow","max-snippet":"max-snippet:-1","max-image-preview":"max-image-preview:large","max-video-preview":"max-video-preview:-1"},"canonical":"https:\/\/webstaging.spka.ch\/de\/document-archive\/","og_locale":"de_DE","og_type":"article","og_title":"Ver\u00f6ffentlichte Dokumente - Swiss Parkour Association","og_description":"Ver\u00f6ffentlichte Dokumente Erm\u00f6glicht den Zugang zu \u00f6ffentlichen Dokumenten von SPKA Jahresberichte Jedes Jahr bei unserer Jahreshauptversammlung ver\u00f6ffentlichen wir einen Bericht mit Finanzberichten und Projekt-Highlights. Diese sind hier verf\u00fcgbar. Governance Die Regeln, die f\u00fcr die SPKA gelten, finden Sie hier. SPKA Satzung Erkl\u00e4rungen zu Interessenkonflikten Jedes Vorstandsmitglied f\u00fcllt ein Formular f\u00fcr Interessenkonflikte aus, das der \u00d6ffentlichkeit [&hellip;]","og_url":"https:\/\/webstaging.spka.ch\/de\/document-archive\/","og_site_name":"Swiss Parkour Association","article_modified_time":"2026-03-24T22:07:58+00:00","twitter_card":"summary_large_image","schema":{"@context":"https:\/\/schema.org","@graph":[{"@type":"WebPage","@id":"https:\/\/webstaging.spka.ch\/de\/document-archive\/","url":"https:\/\/webstaging.spka.ch\/de\/document-archive\/","name":"Ver\u00f6ffentlichte Dokumente - Swiss Parkour Association","isPartOf":{"@id":"https:\/\/spka-wordpress-fhf0e0dzb2bveydb.switzerlandnorth-01.azurewebsites.net\/en\/#website"},"datePublished":"2025-02-24T16:52:45+00:00","dateModified":"2026-03-24T22:07:58+00:00","breadcrumb":{"@id":"https:\/\/webstaging.spka.ch\/de\/document-archive\/#breadcrumb"},"inLanguage":"de","potentialAction":[{"@type":"ReadAction","target":["https:\/\/webstaging.spka.ch\/de\/document-archive\/"]}]},{"@type":"BreadcrumbList","@id":"https:\/\/webstaging.spka.ch\/de\/document-archive\/#breadcrumb","itemListElement":[{"@type":"ListItem","position":1,"name":"Home","item":"https:\/\/spka.ch\/de\/"},{"@type":"ListItem","position":2,"name":"Ver\u00f6ffentlichte Dokumente"}]},{"@type":"WebSite","@id":"https:\/\/spka-wordpress-fhf0e0dzb2bveydb.switzerlandnorth-01.azurewebsites.net\/en\/#website","url":"https:\/\/spka-wordpress-fhf0e0dzb2bveydb.switzerlandnorth-01.azurewebsites.net\/en\/","name":"Swiss Parkour Association","description":"","publisher":{"@id":"https:\/\/spka-wordpress-fhf0e0dzb2bveydb.switzerlandnorth-01.azurewebsites.net\/en\/#organization"},"potentialAction":[{"@type":"SearchAction","target":{"@type":"EntryPoint","urlTemplate":"https:\/\/spka-wordpress-fhf0e0dzb2bveydb.switzerlandnorth-01.azurewebsites.net\/en\/?s={search_term_string}"},"query-input":{"@type":"PropertyValueSpecification","valueRequired":true,"valueName":"search_term_string"}}],"inLanguage":"de"},{"@type":"Organization","@id":"https:\/\/spka-wordpress-fhf0e0dzb2bveydb.switzerlandnorth-01.azurewebsites.net\/en\/#organization","name":"Swiss Parkour Association","url":"https:\/\/spka-wordpress-fhf0e0dzb2bveydb.switzerlandnorth-01.azurewebsites.net\/en\/","logo":{"@type":"ImageObject","inLanguage":"de","@id":"https:\/\/spka-wordpress-fhf0e0dzb2bveydb.switzerlandnorth-01.azurewebsites.net\/en\/#\/schema\/logo\/image\/","url":"\/wp-content\/uploads\/logo-dark-circle.png","contentUrl":"\/wp-content\/uploads\/logo-dark-circle.png","width":527,"height":527,"caption":"Swiss Parkour Association"},"image":{"@id":"https:\/\/spka-wordpress-fhf0e0dzb2bveydb.switzerlandnorth-01.azurewebsites.net\/en\/#\/schema\/logo\/image\/"},"sameAs":["https:\/\/www.instagram.com\/spka.swiss\/"]}]}},"jetpack_sharing_enabled":true,"jetpack_shortlink":"https:\/\/wp.me\/PgGha7-fS","_links":{"self":[{"href":"https:\/\/webstaging.spka.ch\/de\/wp-json\/wp\/v2\/pages\/984","targetHints":{"allow":["GET"]}}],"collection":[{"href":"https:\/\/webstaging.spka.ch\/de\/wp-json\/wp\/v2\/pages"}],"about":[{"href":"https:\/\/webstaging.spka.ch\/de\/wp-json\/wp\/v2\/types\/page"}],"author":[{"embeddable":true,"href":"https:\/\/webstaging.spka.ch\/de\/wp-json\/wp\/v2\/users\/2"}],"replies":[{"embeddable":true,"href":"https:\/\/webstaging.spka.ch\/de\/wp-json\/wp\/v2\/comments?post=984"}],"version-history":[{"count":4,"href":"https:\/\/webstaging.spka.ch\/de\/wp-json\/wp\/v2\/pages\/984\/revisions"}],"predecessor-version":[{"id":1864,"href":"https:\/\/webstaging.spka.ch\/de\/wp-json\/wp\/v2\/pages\/984\/revisions\/1864"}],"wp:attachment":[{"href":"https:\/\/webstaging.spka.ch\/de\/wp-json\/wp\/v2\/media?parent=984"}],"curies":[{"name":"wp","href":"https:\/\/api.w.org\/{rel}","templated":true}]}}