{"id":966,"date":"2025-02-24T17:53:04","date_gmt":"2025-02-24T16:53:04","guid":{"rendered":"https:\/\/webstaging.spka.ch\/freiwillig-mit-uns-arbeiten\/"},"modified":"2025-09-03T11:02:28","modified_gmt":"2025-09-03T09:02:28","slug":"volunteering","status":"publish","type":"page","link":"https:\/\/webstaging.spka.ch\/de\/volunteering\/","title":{"rendered":"Freiwillig mit uns arbeiten"},"content":{"rendered":"\n<div class=\"wp-block-cover alignfull has-parallax\"><span aria-hidden=\"true\" class=\"wp-block-cover__background has-palette-color-3-background-color has-background-dim\"><\/span><div class=\"wp-block-cover__image-background wp-image-684 has-parallax\" style=\"background-position:50% 50%;background-image:url(\/wp-content\/uploads\/tourteam-s.jpg);\"><\/div><div class=\"wp-block-cover__inner-container is-layout-constrained wp-block-cover-is-layout-constrained\">\n<p class=\"has-text-align-center has-palette-color-2-color has-text-color has-link-color has-x-large-font-size wp-elements-6847ab8d1ff7074aa1b364bba21a9fb1\"><strong>FREIWILLIG MIT UNS ARBEITEN<\/strong><\/p>\n<\/div><\/div>\n\n<h3 class=\"wp-block-heading\">DIE DINGE WOLLEN ERLEDIGT WERDEN!<\/h3>\n\n<p>M\u00f6chten Sie der Parkour-Welt einen kleinen Schubs geben? Dann sind Sie hier genau richtig! <\/p>\n\n<p>Wir suchen Projektmitglieder, die bei der Organisation der Swiss Parkour Tour Veranstaltungen &#8211; Swiss Parkour Jam und die Swiss Parkour Championships &#8211; mitwirken.<\/p>\n\n<p>Wir brauchen Unterst\u00fctzung in den folgenden Bereichen:<\/p>\n\n<ul class=\"wp-block-list\">\n<li>Kommunikation und Marketing<\/li>\n\n\n\n<li>Finanzen<\/li>\n\n\n\n<li>Verwaltung<\/li>\n\n\n\n<li>Veranstaltungsmanagement<\/li>\n\n\n\n<li>Hilfe vor Ort<\/li>\n<\/ul>\n\n<p>Sind Sie interessiert? Kontaktieren Sie den SPT Projektleiter Shemaiah, um weitere Informationen zu erhalten.   <\/p>\n\n<p>shemaiah.siegenthaler@spka.ch<\/p>\n\n<h4 class=\"wp-block-heading\">Bringen Sie Ihr eigenes Projekt mit<\/h4>\n\n<p>Haben Sie eine Idee f\u00fcr Parkour in der Schweiz oder f\u00fcr SPKA, die Sie mit uns zum Leben erwecken m\u00f6chten? Wir sind immer daran interessiert, Ideen zu h\u00f6ren, und k\u00f6nnen motivierte Personen mit unseren Ressourcen und Verbindungen unterst\u00fctzen, um gute Dinge zu verwirklichen. <a href=\"https:\/\/www.spka.ch\/en\/contact\" target=\"_blank\" rel=\"noreferrer noopener\">Nehmen Sie Kontakt auf<\/a>, wenn Sie das sind! <\/p>\n\n<p>Wir nominieren jedes Jahr auf der Jahreshauptversammlung neue Mitglieder f\u00fcr den SPKA-Vorstand. Wenn Sie daran interessiert sind, an der Spitze unserer Organisation mitzuwirken, wenden Sie sich an eines der Mitglieder des <a href=\"https:\/\/www.spka.ch\/en\/team\" target=\"_blank\" rel=\"noreferrer noopener\">derzeitigen Teams<\/a>.  <\/p>\n\n<figure class=\"wp-block-image alignfull size-full\"><img loading=\"lazy\" decoding=\"async\" width=\"1200\" height=\"606\" src=\"\/wp-content\/uploads\/tourteam-s.jpg\" alt=\"\" class=\"wp-image-218\" srcset=\"\/wp-content\/uploads\/tourteam-s.jpg 1200w, \/wp-content\/uploads\/tourteam-s-300x152.jpg 300w, \/wp-content\/uploads\/tourteam-s-1024x517.jpg 1024w, \/wp-content\/uploads\/tourteam-s-768x388.jpg 768w\" sizes=\"auto, (max-width: 1200px) 100vw, 1200px\" \/><\/figure>\n","protected":false},"excerpt":{"rendered":"<p>DIE DINGE WOLLEN ERLEDIGT WERDEN! M\u00f6chten Sie der Parkour-Welt einen kleinen Schubs geben? Dann sind Sie hier genau richtig! Wir suchen Projektmitglieder, die bei der Organisation der Swiss Parkour Tour Veranstaltungen &#8211; Swiss Parkour Jam und die Swiss Parkour Championships &#8211; mitwirken. Wir brauchen Unterst\u00fctzung in den folgenden Bereichen: Sind Sie interessiert? Kontaktieren Sie den [&hellip;]<\/p>\n","protected":false},"author":2,"featured_media":684,"parent":0,"menu_order":0,"comment_status":"closed","ping_status":"closed","template":"","meta":{"footnotes":""},"class_list":["post-966","page","type-page","status-publish","has-post-thumbnail","hentry"],"blocksy_meta":[],"yoast_head":"<!-- This site is optimized with the Yoast SEO plugin v27.2 - https:\/\/yoast.com\/product\/yoast-seo-wordpress\/ -->\n<title>Freiwillig mit uns arbeiten - Swiss Parkour Association<\/title>\n<meta name=\"robots\" content=\"index, follow, max-snippet:-1, max-image-preview:large, max-video-preview:-1\" \/>\n<link rel=\"canonical\" href=\"https:\/\/webstaging.spka.ch\/de\/volunteering\/\" \/>\n<meta property=\"og:locale\" content=\"de_DE\" \/>\n<meta property=\"og:type\" content=\"article\" \/>\n<meta property=\"og:title\" content=\"Freiwillig mit uns arbeiten - Swiss Parkour Association\" \/>\n<meta property=\"og:description\" content=\"DIE DINGE WOLLEN ERLEDIGT WERDEN! M\u00f6chten Sie der Parkour-Welt einen kleinen Schubs geben? Dann sind Sie hier genau richtig! Wir suchen Projektmitglieder, die bei der Organisation der Swiss Parkour Tour Veranstaltungen &#8211; Swiss Parkour Jam und die Swiss Parkour Championships &#8211; mitwirken. Wir brauchen Unterst\u00fctzung in den folgenden Bereichen: Sind Sie interessiert? Kontaktieren Sie den [&hellip;]\" \/>\n<meta property=\"og:url\" content=\"https:\/\/webstaging.spka.ch\/de\/volunteering\/\" \/>\n<meta property=\"og:site_name\" content=\"Swiss Parkour Association\" \/>\n<meta property=\"article:modified_time\" content=\"2025-09-03T09:02:28+00:00\" \/>\n<meta property=\"og:image\" content=\"https:\/\/webstaging.spka.ch\/wp-content\/uploads\/tourteam-s.jpg\" \/>\n\t<meta property=\"og:image:width\" content=\"1200\" \/>\n\t<meta property=\"og:image:height\" content=\"606\" \/>\n\t<meta property=\"og:image:type\" content=\"image\/jpeg\" \/>\n<meta name=\"twitter:card\" content=\"summary_large_image\" \/>\n<meta name=\"twitter:label1\" content=\"Gesch\u00e4tzte Lesezeit\" \/>\n\t<meta name=\"twitter:data1\" content=\"1\u00a0Minute\" \/>\n<script type=\"application\/ld+json\" class=\"yoast-schema-graph\">{\"@context\":\"https:\/\/schema.org\",\"@graph\":[{\"@type\":\"WebPage\",\"@id\":\"https:\/\/webstaging.spka.ch\/de\/volunteering\/\",\"url\":\"https:\/\/webstaging.spka.ch\/de\/volunteering\/\",\"name\":\"Freiwillig mit uns arbeiten - Swiss Parkour Association\",\"isPartOf\":{\"@id\":\"https:\/\/spka-wordpress-fhf0e0dzb2bveydb.switzerlandnorth-01.azurewebsites.net\/en\/#website\"},\"primaryImageOfPage\":{\"@id\":\"https:\/\/webstaging.spka.ch\/de\/volunteering\/#primaryimage\"},\"image\":{\"@id\":\"https:\/\/webstaging.spka.ch\/de\/volunteering\/#primaryimage\"},\"thumbnailUrl\":\"\/wp-content\/uploads\/tourteam-s.jpg\",\"datePublished\":\"2025-02-24T16:53:04+00:00\",\"dateModified\":\"2025-09-03T09:02:28+00:00\",\"breadcrumb\":{\"@id\":\"https:\/\/webstaging.spka.ch\/de\/volunteering\/#breadcrumb\"},\"inLanguage\":\"de\",\"potentialAction\":[{\"@type\":\"ReadAction\",\"target\":[\"https:\/\/webstaging.spka.ch\/de\/volunteering\/\"]}]},{\"@type\":\"ImageObject\",\"inLanguage\":\"de\",\"@id\":\"https:\/\/webstaging.spka.ch\/de\/volunteering\/#primaryimage\",\"url\":\"\/wp-content\/uploads\/tourteam-s.jpg\",\"contentUrl\":\"\/wp-content\/uploads\/tourteam-s.jpg\",\"width\":1200,\"height\":606},{\"@type\":\"BreadcrumbList\",\"@id\":\"https:\/\/webstaging.spka.ch\/de\/volunteering\/#breadcrumb\",\"itemListElement\":[{\"@type\":\"ListItem\",\"position\":1,\"name\":\"Home\",\"item\":\"https:\/\/spka.ch\/de\/\"},{\"@type\":\"ListItem\",\"position\":2,\"name\":\"Freiwillig mit uns arbeiten\"}]},{\"@type\":\"WebSite\",\"@id\":\"https:\/\/spka-wordpress-fhf0e0dzb2bveydb.switzerlandnorth-01.azurewebsites.net\/en\/#website\",\"url\":\"https:\/\/spka-wordpress-fhf0e0dzb2bveydb.switzerlandnorth-01.azurewebsites.net\/en\/\",\"name\":\"Swiss Parkour Association\",\"description\":\"\",\"publisher\":{\"@id\":\"https:\/\/spka-wordpress-fhf0e0dzb2bveydb.switzerlandnorth-01.azurewebsites.net\/en\/#organization\"},\"potentialAction\":[{\"@type\":\"SearchAction\",\"target\":{\"@type\":\"EntryPoint\",\"urlTemplate\":\"https:\/\/spka-wordpress-fhf0e0dzb2bveydb.switzerlandnorth-01.azurewebsites.net\/en\/?s={search_term_string}\"},\"query-input\":{\"@type\":\"PropertyValueSpecification\",\"valueRequired\":true,\"valueName\":\"search_term_string\"}}],\"inLanguage\":\"de\"},{\"@type\":\"Organization\",\"@id\":\"https:\/\/spka-wordpress-fhf0e0dzb2bveydb.switzerlandnorth-01.azurewebsites.net\/en\/#organization\",\"name\":\"Swiss Parkour Association\",\"url\":\"https:\/\/spka-wordpress-fhf0e0dzb2bveydb.switzerlandnorth-01.azurewebsites.net\/en\/\",\"logo\":{\"@type\":\"ImageObject\",\"inLanguage\":\"de\",\"@id\":\"https:\/\/spka-wordpress-fhf0e0dzb2bveydb.switzerlandnorth-01.azurewebsites.net\/en\/#\/schema\/logo\/image\/\",\"url\":\"\/wp-content\/uploads\/logo-dark-circle.png\",\"contentUrl\":\"\/wp-content\/uploads\/logo-dark-circle.png\",\"width\":527,\"height\":527,\"caption\":\"Swiss Parkour Association\"},\"image\":{\"@id\":\"https:\/\/spka-wordpress-fhf0e0dzb2bveydb.switzerlandnorth-01.azurewebsites.net\/en\/#\/schema\/logo\/image\/\"},\"sameAs\":[\"https:\/\/www.instagram.com\/spka.swiss\/\"]}]}<\/script>\n<!-- \/ Yoast SEO plugin. -->","yoast_head_json":{"title":"Freiwillig mit uns arbeiten - Swiss Parkour Association","robots":{"index":"index","follow":"follow","max-snippet":"max-snippet:-1","max-image-preview":"max-image-preview:large","max-video-preview":"max-video-preview:-1"},"canonical":"https:\/\/webstaging.spka.ch\/de\/volunteering\/","og_locale":"de_DE","og_type":"article","og_title":"Freiwillig mit uns arbeiten - Swiss Parkour Association","og_description":"DIE DINGE WOLLEN ERLEDIGT WERDEN! M\u00f6chten Sie der Parkour-Welt einen kleinen Schubs geben? Dann sind Sie hier genau richtig! Wir suchen Projektmitglieder, die bei der Organisation der Swiss Parkour Tour Veranstaltungen &#8211; Swiss Parkour Jam und die Swiss Parkour Championships &#8211; mitwirken. Wir brauchen Unterst\u00fctzung in den folgenden Bereichen: Sind Sie interessiert? Kontaktieren Sie den [&hellip;]","og_url":"https:\/\/webstaging.spka.ch\/de\/volunteering\/","og_site_name":"Swiss Parkour Association","article_modified_time":"2025-09-03T09:02:28+00:00","og_image":[{"width":1200,"height":606,"url":"https:\/\/webstaging.spka.ch\/wp-content\/uploads\/tourteam-s.jpg","type":"image\/jpeg"}],"twitter_card":"summary_large_image","twitter_misc":{"Gesch\u00e4tzte Lesezeit":"1\u00a0Minute"},"schema":{"@context":"https:\/\/schema.org","@graph":[{"@type":"WebPage","@id":"https:\/\/webstaging.spka.ch\/de\/volunteering\/","url":"https:\/\/webstaging.spka.ch\/de\/volunteering\/","name":"Freiwillig mit uns arbeiten - Swiss Parkour Association","isPartOf":{"@id":"https:\/\/spka-wordpress-fhf0e0dzb2bveydb.switzerlandnorth-01.azurewebsites.net\/en\/#website"},"primaryImageOfPage":{"@id":"https:\/\/webstaging.spka.ch\/de\/volunteering\/#primaryimage"},"image":{"@id":"https:\/\/webstaging.spka.ch\/de\/volunteering\/#primaryimage"},"thumbnailUrl":"\/wp-content\/uploads\/tourteam-s.jpg","datePublished":"2025-02-24T16:53:04+00:00","dateModified":"2025-09-03T09:02:28+00:00","breadcrumb":{"@id":"https:\/\/webstaging.spka.ch\/de\/volunteering\/#breadcrumb"},"inLanguage":"de","potentialAction":[{"@type":"ReadAction","target":["https:\/\/webstaging.spka.ch\/de\/volunteering\/"]}]},{"@type":"ImageObject","inLanguage":"de","@id":"https:\/\/webstaging.spka.ch\/de\/volunteering\/#primaryimage","url":"\/wp-content\/uploads\/tourteam-s.jpg","contentUrl":"\/wp-content\/uploads\/tourteam-s.jpg","width":1200,"height":606},{"@type":"BreadcrumbList","@id":"https:\/\/webstaging.spka.ch\/de\/volunteering\/#breadcrumb","itemListElement":[{"@type":"ListItem","position":1,"name":"Home","item":"https:\/\/spka.ch\/de\/"},{"@type":"ListItem","position":2,"name":"Freiwillig mit uns arbeiten"}]},{"@type":"WebSite","@id":"https:\/\/spka-wordpress-fhf0e0dzb2bveydb.switzerlandnorth-01.azurewebsites.net\/en\/#website","url":"https:\/\/spka-wordpress-fhf0e0dzb2bveydb.switzerlandnorth-01.azurewebsites.net\/en\/","name":"Swiss Parkour Association","description":"","publisher":{"@id":"https:\/\/spka-wordpress-fhf0e0dzb2bveydb.switzerlandnorth-01.azurewebsites.net\/en\/#organization"},"potentialAction":[{"@type":"SearchAction","target":{"@type":"EntryPoint","urlTemplate":"https:\/\/spka-wordpress-fhf0e0dzb2bveydb.switzerlandnorth-01.azurewebsites.net\/en\/?s={search_term_string}"},"query-input":{"@type":"PropertyValueSpecification","valueRequired":true,"valueName":"search_term_string"}}],"inLanguage":"de"},{"@type":"Organization","@id":"https:\/\/spka-wordpress-fhf0e0dzb2bveydb.switzerlandnorth-01.azurewebsites.net\/en\/#organization","name":"Swiss Parkour Association","url":"https:\/\/spka-wordpress-fhf0e0dzb2bveydb.switzerlandnorth-01.azurewebsites.net\/en\/","logo":{"@type":"ImageObject","inLanguage":"de","@id":"https:\/\/spka-wordpress-fhf0e0dzb2bveydb.switzerlandnorth-01.azurewebsites.net\/en\/#\/schema\/logo\/image\/","url":"\/wp-content\/uploads\/logo-dark-circle.png","contentUrl":"\/wp-content\/uploads\/logo-dark-circle.png","width":527,"height":527,"caption":"Swiss Parkour Association"},"image":{"@id":"https:\/\/spka-wordpress-fhf0e0dzb2bveydb.switzerlandnorth-01.azurewebsites.net\/en\/#\/schema\/logo\/image\/"},"sameAs":["https:\/\/www.instagram.com\/spka.swiss\/"]}]}},"jetpack_sharing_enabled":true,"jetpack_shortlink":"https:\/\/wp.me\/PgGha7-fA","_links":{"self":[{"href":"https:\/\/webstaging.spka.ch\/de\/wp-json\/wp\/v2\/pages\/966","targetHints":{"allow":["GET"]}}],"collection":[{"href":"https:\/\/webstaging.spka.ch\/de\/wp-json\/wp\/v2\/pages"}],"about":[{"href":"https:\/\/webstaging.spka.ch\/de\/wp-json\/wp\/v2\/types\/page"}],"author":[{"embeddable":true,"href":"https:\/\/webstaging.spka.ch\/de\/wp-json\/wp\/v2\/users\/2"}],"replies":[{"embeddable":true,"href":"https:\/\/webstaging.spka.ch\/de\/wp-json\/wp\/v2\/comments?post=966"}],"version-history":[{"count":3,"href":"https:\/\/webstaging.spka.ch\/de\/wp-json\/wp\/v2\/pages\/966\/revisions"}],"predecessor-version":[{"id":1226,"href":"https:\/\/webstaging.spka.ch\/de\/wp-json\/wp\/v2\/pages\/966\/revisions\/1226"}],"wp:featuredmedia":[{"embeddable":true,"href":"https:\/\/webstaging.spka.ch\/de\/wp-json\/wp\/v2\/media\/684"}],"wp:attachment":[{"href":"https:\/\/webstaging.spka.ch\/de\/wp-json\/wp\/v2\/media?parent=966"}],"curies":[{"name":"wp","href":"https:\/\/api.w.org\/{rel}","templated":true}]}}