{"id":938,"date":"2025-02-24T18:06:29","date_gmt":"2025-02-24T17:06:29","guid":{"rendered":"https:\/\/webstaging.spka.ch\/vision-und-auftrag\/"},"modified":"2025-09-03T10:59:04","modified_gmt":"2025-09-03T08:59:04","slug":"vision-mission","status":"publish","type":"page","link":"https:\/\/webstaging.spka.ch\/de\/vision-mission\/","title":{"rendered":"Vision und Auftrag"},"content":{"rendered":"\n<div class=\"wp-block-cover alignfull has-parallax\"><span aria-hidden=\"true\" class=\"wp-block-cover__background has-palette-color-3-background-color has-background-dim\"><\/span><div class=\"wp-block-cover__image-background wp-image-651 has-parallax\" style=\"background-position:50% 50%;background-image:url(\/wp-content\/uploads\/JS_Lager-71.jpeg);\"><\/div><div class=\"wp-block-cover__inner-container is-layout-constrained wp-block-cover-is-layout-constrained\">\n<p class=\"has-text-align-center has-palette-color-2-color has-text-color has-link-color has-x-large-font-size wp-elements-35807d67d6aff02a9f456468184d7040\"><strong>VISION UND MISSION<\/strong><\/p>\n<\/div><\/div>\n\n<div class=\"wp-block-columns is-layout-flex wp-container-core-columns-is-layout-28f84493 wp-block-columns-is-layout-flex\">\n<div class=\"wp-block-column is-layout-flow wp-block-column-is-layout-flow\">\n<h3 class=\"wp-block-heading has-text-align-center\">VISION<\/h3>\n\n\n\n<p>Die Swiss Parkour Association wurde aus einer klaren Vision heraus gegr\u00fcndet. Mit der offiziellen Swiss Parkour Association m\u00f6chten wir in Zukunft eine starke und vernetzte Parkour-Community aufbauen, die den Sport mit all seinen Facetten ausleben kann. Dazu geh\u00f6rt die Professionalisierung des Trainings durch Youth+Sport, die professionelle Basis f\u00fcr den Spitzensport und die Anerkennung von Parkour als Sportart in der ganzen Schweiz. Wir setzen uns f\u00fcr eine starke Gemeinschaft ein und m\u00f6chten als Verband sowohl nationale als auch internationale Veranstaltungen organisieren, die nachhaltig und zum Wohle von Parkour sind. Au\u00dferdem m\u00f6chten wir die Schweiz mit all ihren Parkour-Vereinen f\u00f6rdern und vertreten sowie die Werte professionalisieren und erhalten.      <\/p>\n\n\n\n<h6 class=\"wp-block-heading\">#parkour4life<\/h6>\n<\/div>\n\n\n\n<div class=\"wp-block-column is-layout-flow wp-block-column-is-layout-flow\">\n<h3 class=\"wp-block-heading has-text-align-center\">MISSION<\/h3>\n\n\n\n<p>Die Swiss Parkour Association hat die Aufgabe, den Sport in allen Schweizer Parkour-Vereinen zu f\u00f6rdern. Mit dem nationalen Sportf\u00f6rdersystem Jugend+Sport legen wir so den Grundstein daf\u00fcr, dass alle Vereine finanzielle Unterst\u00fctzung erhalten. Dar\u00fcber hinaus bringen wir mit der Swiss Parkour Tour die besten Schweizer Parkour-Athleten zusammen, um ihr K\u00f6nnen in Wettk\u00e4mpfen zu demonstrieren. Unser Ziel ist es, die Parkour-Gemeinschaft langfristig weiter zu st\u00e4rken, indem wir einen gezielten Austausch mit den Vereinen pflegen und sie in ihren Bem\u00fchungen unterst\u00fctzen. Die Aufgabe des Vereins ist es, die W\u00fcnsche und Bed\u00fcrfnisse seiner Mitglieder zu ber\u00fccksichtigen und umzusetzen. Im Mittelpunkt stehen dabei unsere Werte, die wir stets respektieren.     <\/p>\n\n\n\n<h6 class=\"wp-block-heading\">#parkourcommunity<\/h6>\n<\/div>\n<\/div>\n","protected":false},"excerpt":{"rendered":"<p>VISION Die Swiss Parkour Association wurde aus einer klaren Vision heraus gegr\u00fcndet. Mit der offiziellen Swiss Parkour Association m\u00f6chten wir in Zukunft eine starke und vernetzte Parkour-Community aufbauen, die den Sport mit all seinen Facetten ausleben kann. Dazu geh\u00f6rt die Professionalisierung des Trainings durch Youth+Sport, die professionelle Basis f\u00fcr den Spitzensport und die Anerkennung von [&hellip;]<\/p>\n","protected":false},"author":2,"featured_media":651,"parent":0,"menu_order":0,"comment_status":"closed","ping_status":"closed","template":"","meta":{"footnotes":""},"class_list":["post-938","page","type-page","status-publish","has-post-thumbnail","hentry"],"blocksy_meta":[],"yoast_head":"<!-- This site is optimized with the Yoast SEO plugin v27.2 - https:\/\/yoast.com\/product\/yoast-seo-wordpress\/ -->\n<title>Vision und Auftrag - Swiss Parkour Association<\/title>\n<meta name=\"robots\" content=\"index, follow, max-snippet:-1, max-image-preview:large, max-video-preview:-1\" \/>\n<link rel=\"canonical\" href=\"https:\/\/webstaging.spka.ch\/de\/vision-mission\/\" \/>\n<meta property=\"og:locale\" content=\"de_DE\" \/>\n<meta property=\"og:type\" content=\"article\" \/>\n<meta property=\"og:title\" content=\"Vision und Auftrag - Swiss Parkour Association\" \/>\n<meta property=\"og:description\" content=\"VISION Die Swiss Parkour Association wurde aus einer klaren Vision heraus gegr\u00fcndet. Mit der offiziellen Swiss Parkour Association m\u00f6chten wir in Zukunft eine starke und vernetzte Parkour-Community aufbauen, die den Sport mit all seinen Facetten ausleben kann. Dazu geh\u00f6rt die Professionalisierung des Trainings durch Youth+Sport, die professionelle Basis f\u00fcr den Spitzensport und die Anerkennung von [&hellip;]\" \/>\n<meta property=\"og:url\" content=\"https:\/\/webstaging.spka.ch\/de\/vision-mission\/\" \/>\n<meta property=\"og:site_name\" content=\"Swiss Parkour Association\" \/>\n<meta property=\"article:modified_time\" content=\"2025-09-03T08:59:04+00:00\" \/>\n<meta property=\"og:image\" content=\"https:\/\/webstaging.spka.ch\/wp-content\/uploads\/JS_Lager-71.jpeg\" \/>\n\t<meta property=\"og:image:width\" content=\"800\" \/>\n\t<meta property=\"og:image:height\" content=\"533\" \/>\n\t<meta property=\"og:image:type\" content=\"image\/jpeg\" \/>\n<meta name=\"twitter:card\" content=\"summary_large_image\" \/>\n<meta name=\"twitter:label1\" content=\"Gesch\u00e4tzte Lesezeit\" \/>\n\t<meta name=\"twitter:data1\" content=\"1\u00a0Minute\" \/>\n<script type=\"application\/ld+json\" class=\"yoast-schema-graph\">{\"@context\":\"https:\/\/schema.org\",\"@graph\":[{\"@type\":\"WebPage\",\"@id\":\"https:\/\/webstaging.spka.ch\/de\/vision-mission\/\",\"url\":\"https:\/\/webstaging.spka.ch\/de\/vision-mission\/\",\"name\":\"Vision und Auftrag - Swiss Parkour Association\",\"isPartOf\":{\"@id\":\"https:\/\/spka-wordpress-fhf0e0dzb2bveydb.switzerlandnorth-01.azurewebsites.net\/en\/#website\"},\"primaryImageOfPage\":{\"@id\":\"https:\/\/webstaging.spka.ch\/de\/vision-mission\/#primaryimage\"},\"image\":{\"@id\":\"https:\/\/webstaging.spka.ch\/de\/vision-mission\/#primaryimage\"},\"thumbnailUrl\":\"\/wp-content\/uploads\/JS_Lager-71.jpeg\",\"datePublished\":\"2025-02-24T17:06:29+00:00\",\"dateModified\":\"2025-09-03T08:59:04+00:00\",\"breadcrumb\":{\"@id\":\"https:\/\/webstaging.spka.ch\/de\/vision-mission\/#breadcrumb\"},\"inLanguage\":\"de\",\"potentialAction\":[{\"@type\":\"ReadAction\",\"target\":[\"https:\/\/webstaging.spka.ch\/de\/vision-mission\/\"]}]},{\"@type\":\"ImageObject\",\"inLanguage\":\"de\",\"@id\":\"https:\/\/webstaging.spka.ch\/de\/vision-mission\/#primaryimage\",\"url\":\"\/wp-content\/uploads\/JS_Lager-71.jpeg\",\"contentUrl\":\"\/wp-content\/uploads\/JS_Lager-71.jpeg\",\"width\":800,\"height\":533},{\"@type\":\"BreadcrumbList\",\"@id\":\"https:\/\/webstaging.spka.ch\/de\/vision-mission\/#breadcrumb\",\"itemListElement\":[{\"@type\":\"ListItem\",\"position\":1,\"name\":\"Home\",\"item\":\"https:\/\/spka.ch\/de\/\"},{\"@type\":\"ListItem\",\"position\":2,\"name\":\"Vision und Auftrag\"}]},{\"@type\":\"WebSite\",\"@id\":\"https:\/\/spka-wordpress-fhf0e0dzb2bveydb.switzerlandnorth-01.azurewebsites.net\/en\/#website\",\"url\":\"https:\/\/spka-wordpress-fhf0e0dzb2bveydb.switzerlandnorth-01.azurewebsites.net\/en\/\",\"name\":\"Swiss Parkour Association\",\"description\":\"\",\"publisher\":{\"@id\":\"https:\/\/spka-wordpress-fhf0e0dzb2bveydb.switzerlandnorth-01.azurewebsites.net\/en\/#organization\"},\"potentialAction\":[{\"@type\":\"SearchAction\",\"target\":{\"@type\":\"EntryPoint\",\"urlTemplate\":\"https:\/\/spka-wordpress-fhf0e0dzb2bveydb.switzerlandnorth-01.azurewebsites.net\/en\/?s={search_term_string}\"},\"query-input\":{\"@type\":\"PropertyValueSpecification\",\"valueRequired\":true,\"valueName\":\"search_term_string\"}}],\"inLanguage\":\"de\"},{\"@type\":\"Organization\",\"@id\":\"https:\/\/spka-wordpress-fhf0e0dzb2bveydb.switzerlandnorth-01.azurewebsites.net\/en\/#organization\",\"name\":\"Swiss Parkour Association\",\"url\":\"https:\/\/spka-wordpress-fhf0e0dzb2bveydb.switzerlandnorth-01.azurewebsites.net\/en\/\",\"logo\":{\"@type\":\"ImageObject\",\"inLanguage\":\"de\",\"@id\":\"https:\/\/spka-wordpress-fhf0e0dzb2bveydb.switzerlandnorth-01.azurewebsites.net\/en\/#\/schema\/logo\/image\/\",\"url\":\"\/wp-content\/uploads\/logo-dark-circle.png\",\"contentUrl\":\"\/wp-content\/uploads\/logo-dark-circle.png\",\"width\":527,\"height\":527,\"caption\":\"Swiss Parkour Association\"},\"image\":{\"@id\":\"https:\/\/spka-wordpress-fhf0e0dzb2bveydb.switzerlandnorth-01.azurewebsites.net\/en\/#\/schema\/logo\/image\/\"},\"sameAs\":[\"https:\/\/www.instagram.com\/spka.swiss\/\"]}]}<\/script>\n<!-- \/ Yoast SEO plugin. -->","yoast_head_json":{"title":"Vision und Auftrag - Swiss Parkour Association","robots":{"index":"index","follow":"follow","max-snippet":"max-snippet:-1","max-image-preview":"max-image-preview:large","max-video-preview":"max-video-preview:-1"},"canonical":"https:\/\/webstaging.spka.ch\/de\/vision-mission\/","og_locale":"de_DE","og_type":"article","og_title":"Vision und Auftrag - Swiss Parkour Association","og_description":"VISION Die Swiss Parkour Association wurde aus einer klaren Vision heraus gegr\u00fcndet. Mit der offiziellen Swiss Parkour Association m\u00f6chten wir in Zukunft eine starke und vernetzte Parkour-Community aufbauen, die den Sport mit all seinen Facetten ausleben kann. Dazu geh\u00f6rt die Professionalisierung des Trainings durch Youth+Sport, die professionelle Basis f\u00fcr den Spitzensport und die Anerkennung von [&hellip;]","og_url":"https:\/\/webstaging.spka.ch\/de\/vision-mission\/","og_site_name":"Swiss Parkour Association","article_modified_time":"2025-09-03T08:59:04+00:00","og_image":[{"width":800,"height":533,"url":"https:\/\/webstaging.spka.ch\/wp-content\/uploads\/JS_Lager-71.jpeg","type":"image\/jpeg"}],"twitter_card":"summary_large_image","twitter_misc":{"Gesch\u00e4tzte Lesezeit":"1\u00a0Minute"},"schema":{"@context":"https:\/\/schema.org","@graph":[{"@type":"WebPage","@id":"https:\/\/webstaging.spka.ch\/de\/vision-mission\/","url":"https:\/\/webstaging.spka.ch\/de\/vision-mission\/","name":"Vision und Auftrag - Swiss Parkour Association","isPartOf":{"@id":"https:\/\/spka-wordpress-fhf0e0dzb2bveydb.switzerlandnorth-01.azurewebsites.net\/en\/#website"},"primaryImageOfPage":{"@id":"https:\/\/webstaging.spka.ch\/de\/vision-mission\/#primaryimage"},"image":{"@id":"https:\/\/webstaging.spka.ch\/de\/vision-mission\/#primaryimage"},"thumbnailUrl":"\/wp-content\/uploads\/JS_Lager-71.jpeg","datePublished":"2025-02-24T17:06:29+00:00","dateModified":"2025-09-03T08:59:04+00:00","breadcrumb":{"@id":"https:\/\/webstaging.spka.ch\/de\/vision-mission\/#breadcrumb"},"inLanguage":"de","potentialAction":[{"@type":"ReadAction","target":["https:\/\/webstaging.spka.ch\/de\/vision-mission\/"]}]},{"@type":"ImageObject","inLanguage":"de","@id":"https:\/\/webstaging.spka.ch\/de\/vision-mission\/#primaryimage","url":"\/wp-content\/uploads\/JS_Lager-71.jpeg","contentUrl":"\/wp-content\/uploads\/JS_Lager-71.jpeg","width":800,"height":533},{"@type":"BreadcrumbList","@id":"https:\/\/webstaging.spka.ch\/de\/vision-mission\/#breadcrumb","itemListElement":[{"@type":"ListItem","position":1,"name":"Home","item":"https:\/\/spka.ch\/de\/"},{"@type":"ListItem","position":2,"name":"Vision und Auftrag"}]},{"@type":"WebSite","@id":"https:\/\/spka-wordpress-fhf0e0dzb2bveydb.switzerlandnorth-01.azurewebsites.net\/en\/#website","url":"https:\/\/spka-wordpress-fhf0e0dzb2bveydb.switzerlandnorth-01.azurewebsites.net\/en\/","name":"Swiss Parkour Association","description":"","publisher":{"@id":"https:\/\/spka-wordpress-fhf0e0dzb2bveydb.switzerlandnorth-01.azurewebsites.net\/en\/#organization"},"potentialAction":[{"@type":"SearchAction","target":{"@type":"EntryPoint","urlTemplate":"https:\/\/spka-wordpress-fhf0e0dzb2bveydb.switzerlandnorth-01.azurewebsites.net\/en\/?s={search_term_string}"},"query-input":{"@type":"PropertyValueSpecification","valueRequired":true,"valueName":"search_term_string"}}],"inLanguage":"de"},{"@type":"Organization","@id":"https:\/\/spka-wordpress-fhf0e0dzb2bveydb.switzerlandnorth-01.azurewebsites.net\/en\/#organization","name":"Swiss Parkour Association","url":"https:\/\/spka-wordpress-fhf0e0dzb2bveydb.switzerlandnorth-01.azurewebsites.net\/en\/","logo":{"@type":"ImageObject","inLanguage":"de","@id":"https:\/\/spka-wordpress-fhf0e0dzb2bveydb.switzerlandnorth-01.azurewebsites.net\/en\/#\/schema\/logo\/image\/","url":"\/wp-content\/uploads\/logo-dark-circle.png","contentUrl":"\/wp-content\/uploads\/logo-dark-circle.png","width":527,"height":527,"caption":"Swiss Parkour Association"},"image":{"@id":"https:\/\/spka-wordpress-fhf0e0dzb2bveydb.switzerlandnorth-01.azurewebsites.net\/en\/#\/schema\/logo\/image\/"},"sameAs":["https:\/\/www.instagram.com\/spka.swiss\/"]}]}},"jetpack_sharing_enabled":true,"jetpack_shortlink":"https:\/\/wp.me\/PgGha7-f8","_links":{"self":[{"href":"https:\/\/webstaging.spka.ch\/de\/wp-json\/wp\/v2\/pages\/938","targetHints":{"allow":["GET"]}}],"collection":[{"href":"https:\/\/webstaging.spka.ch\/de\/wp-json\/wp\/v2\/pages"}],"about":[{"href":"https:\/\/webstaging.spka.ch\/de\/wp-json\/wp\/v2\/types\/page"}],"author":[{"embeddable":true,"href":"https:\/\/webstaging.spka.ch\/de\/wp-json\/wp\/v2\/users\/2"}],"replies":[{"embeddable":true,"href":"https:\/\/webstaging.spka.ch\/de\/wp-json\/wp\/v2\/comments?post=938"}],"version-history":[{"count":3,"href":"https:\/\/webstaging.spka.ch\/de\/wp-json\/wp\/v2\/pages\/938\/revisions"}],"predecessor-version":[{"id":1221,"href":"https:\/\/webstaging.spka.ch\/de\/wp-json\/wp\/v2\/pages\/938\/revisions\/1221"}],"wp:featuredmedia":[{"embeddable":true,"href":"https:\/\/webstaging.spka.ch\/de\/wp-json\/wp\/v2\/media\/651"}],"wp:attachment":[{"href":"https:\/\/webstaging.spka.ch\/de\/wp-json\/wp\/v2\/media?parent=938"}],"curies":[{"name":"wp","href":"https:\/\/api.w.org\/{rel}","templated":true}]}}