{"id":927,"date":"2025-02-24T18:07:03","date_gmt":"2025-02-24T17:07:03","guid":{"rendered":"https:\/\/webstaging.spka.ch\/jugendsport\/"},"modified":"2026-03-24T23:09:45","modified_gmt":"2026-03-24T22:09:45","slug":"js","status":"publish","type":"page","link":"https:\/\/webstaging.spka.ch\/de\/js\/","title":{"rendered":"Youth+Sport Allgemeine Informationen"},"content":{"rendered":"\n<h2 class=\"wp-block-heading is-style-default\">Jugend+Sport &#8211; So funktioniert es<\/h2>\n\n<figure class=\"wp-block-embed alignwide is-type-video is-provider-vimeo wp-block-embed-vimeo wp-embed-aspect-16-9 wp-has-aspect-ratio\"><div class=\"wp-block-embed__wrapper\">\n<iframe loading=\"lazy\" title=\"Foerderlogik e\" src=\"https:\/\/player.vimeo.com\/video\/839699501?dnt=1&amp;app_id=122963\" width=\"1290\" height=\"726\" frameborder=\"0\" allow=\"autoplay; fullscreen; picture-in-picture; clipboard-write; encrypted-media; web-share\" referrerpolicy=\"strict-origin-when-cross-origin\"><\/iframe>\n<\/div><\/figure>\n\n<p><a href=\"https:\/\/www.jugendundsport.ch\">https:\/\/www.jugendundsport.ch<\/a><\/p>\n\n<h3 class=\"wp-block-heading\">Allgemeine Informationen \u00fcber Youth+Sport<\/h3>\n\n<p>Jugend+Sport (J+S) ist das gr\u00f6\u00dfte Sportf\u00f6rderungsprogramm des Bundes und feierte 2022 sein 50-j\u00e4hriges Bestehen. Das Ziel von J+S ist die F\u00f6rderung des kinder- und jugendorientierten Sports in der Schweiz. Durch die Aus- und Weiterbildung von J+S-Instruktoren gelingt es J+S, die Entwicklung und Entfaltung junger Menschen in p\u00e4dagogischer, sozialer und gesundheitlicher Hinsicht zu unterst\u00fctzen. Das J+S-System beinhaltet eine Zusammenarbeit zwischen dem Bund, den Kantonen und den Sportverb\u00e4nden.   <\/p>\n\n<figure class=\"wp-block-image aligncenter size-full is-resized\"><img loading=\"lazy\" decoding=\"async\" width=\"2000\" height=\"2040\" src=\"\/wp-content\/uploads\/JS_d_f_RGB2.jpg\" alt=\"\" class=\"wp-image-153\" style=\"width:376px;height:auto\" srcset=\"\/wp-content\/uploads\/JS_d_f_RGB2.jpg 2000w, \/wp-content\/uploads\/JS_d_f_RGB2-294x300.jpg 294w, \/wp-content\/uploads\/JS_d_f_RGB2-1004x1024.jpg 1004w, \/wp-content\/uploads\/JS_d_f_RGB2-768x783.jpg 768w, \/wp-content\/uploads\/JS_d_f_RGB2-1506x1536.jpg 1506w\" sizes=\"auto, (max-width: 2000px) 100vw, 2000px\" \/><\/figure>\n\n<p>Der Bund unterst\u00fctzt Vereine, nationale Sportverb\u00e4nde und Kantone in ihrer Arbeit mit Kindern und Jugendlichen sowie in der Aus- und Weiterbildung. Neben der direkten finanziellen Unterst\u00fctzung bietet der Bund Aus- und Weiterbildungskurse an und stellt Lehrmittel und Leihger\u00e4te zur Verf\u00fcgung. <\/p>\n\n<p>Die Kantone mit ihren kantonalen Sport\u00e4mtern sind die engsten Partner f\u00fcr das Bundesamt f\u00fcr Sport BASPO. Sie k\u00fcmmern sich um die Administration der J+S-Kurse und -Lager und organisieren J+S-Instruktorenkurse und Weiterbildungsmodule.Die engagierten Fachleute der nationalen Sportverb\u00e4nde unterst\u00fctzen die Entwicklung und Umsetzung der Aus- und Weiterbildung in ihrer Sportart.Die Sportvereine bieten altersgerechte und nachhaltige Sportangebote und setzen die J+S-Subventionen gezielt f\u00fcr den Kinder- und Jugendsport ein.Schulen und Gemeinden bieten Kindern und Jugendlichen weitere M\u00f6glichkeiten, im Sinne von J+S Sport zu treiben. Schulen organisieren freiwillige Schulsportkurse und Lager. Die Gemeinden stellen Sportvereinen und anderen Nutzern die Infrastruktur zur Verf\u00fcgung und f\u00fchren Kurse und Lager durch. Die lokalen Bewegungs- und Sportnetzwerke schaffen Synergien und erleichtern die Koordination der verschiedenen lokalen Akteure.      <\/p>\n","protected":false},"excerpt":{"rendered":"<p>Jugend+Sport &#8211; So funktioniert es https:\/\/www.jugendundsport.ch Allgemeine Informationen \u00fcber Youth+Sport Jugend+Sport (J+S) ist das gr\u00f6\u00dfte Sportf\u00f6rderungsprogramm des Bundes und feierte 2022 sein 50-j\u00e4hriges Bestehen. Das Ziel von J+S ist die F\u00f6rderung des kinder- und jugendorientierten Sports in der Schweiz. Durch die Aus- und Weiterbildung von J+S-Instruktoren gelingt es J+S, die Entwicklung und Entfaltung junger Menschen [&hellip;]<\/p>\n","protected":false},"author":2,"featured_media":0,"parent":0,"menu_order":0,"comment_status":"closed","ping_status":"closed","template":"","meta":{"footnotes":""},"class_list":["post-927","page","type-page","status-publish","hentry"],"blocksy_meta":[],"yoast_head":"<!-- This site is optimized with the Yoast SEO plugin v27.2 - https:\/\/yoast.com\/product\/yoast-seo-wordpress\/ -->\n<title>Youth+Sport Allgemeine Informationen - Swiss Parkour Association<\/title>\n<meta name=\"robots\" content=\"index, follow, max-snippet:-1, max-image-preview:large, max-video-preview:-1\" \/>\n<link rel=\"canonical\" href=\"https:\/\/webstaging.spka.ch\/de\/js\/\" \/>\n<meta property=\"og:locale\" content=\"de_DE\" \/>\n<meta property=\"og:type\" content=\"article\" \/>\n<meta property=\"og:title\" content=\"Youth+Sport Allgemeine Informationen - Swiss Parkour Association\" \/>\n<meta property=\"og:description\" content=\"Jugend+Sport &#8211; So funktioniert es https:\/\/www.jugendundsport.ch Allgemeine Informationen \u00fcber Youth+Sport Jugend+Sport (J+S) ist das gr\u00f6\u00dfte Sportf\u00f6rderungsprogramm des Bundes und feierte 2022 sein 50-j\u00e4hriges Bestehen. Das Ziel von J+S ist die F\u00f6rderung des kinder- und jugendorientierten Sports in der Schweiz. Durch die Aus- und Weiterbildung von J+S-Instruktoren gelingt es J+S, die Entwicklung und Entfaltung junger Menschen [&hellip;]\" \/>\n<meta property=\"og:url\" content=\"https:\/\/webstaging.spka.ch\/de\/js\/\" \/>\n<meta property=\"og:site_name\" content=\"Swiss Parkour Association\" \/>\n<meta property=\"article:modified_time\" content=\"2026-03-24T22:09:45+00:00\" \/>\n<meta name=\"twitter:card\" content=\"summary_large_image\" \/>\n<meta name=\"twitter:label1\" content=\"Gesch\u00e4tzte Lesezeit\" \/>\n\t<meta name=\"twitter:data1\" content=\"1\u00a0Minute\" \/>\n<script type=\"application\/ld+json\" class=\"yoast-schema-graph\">{\"@context\":\"https:\/\/schema.org\",\"@graph\":[{\"@type\":\"WebPage\",\"@id\":\"https:\/\/webstaging.spka.ch\/de\/js\/\",\"url\":\"https:\/\/webstaging.spka.ch\/de\/js\/\",\"name\":\"Youth+Sport Allgemeine Informationen - Swiss Parkour Association\",\"isPartOf\":{\"@id\":\"https:\/\/spka-wordpress-fhf0e0dzb2bveydb.switzerlandnorth-01.azurewebsites.net\/en\/#website\"},\"datePublished\":\"2025-02-24T17:07:03+00:00\",\"dateModified\":\"2026-03-24T22:09:45+00:00\",\"breadcrumb\":{\"@id\":\"https:\/\/webstaging.spka.ch\/de\/js\/#breadcrumb\"},\"inLanguage\":\"de\",\"potentialAction\":[{\"@type\":\"ReadAction\",\"target\":[\"https:\/\/webstaging.spka.ch\/de\/js\/\"]}]},{\"@type\":\"BreadcrumbList\",\"@id\":\"https:\/\/webstaging.spka.ch\/de\/js\/#breadcrumb\",\"itemListElement\":[{\"@type\":\"ListItem\",\"position\":1,\"name\":\"Home\",\"item\":\"https:\/\/spka.ch\/de\/\"},{\"@type\":\"ListItem\",\"position\":2,\"name\":\"Youth+Sport Allgemeine Informationen\"}]},{\"@type\":\"WebSite\",\"@id\":\"https:\/\/spka-wordpress-fhf0e0dzb2bveydb.switzerlandnorth-01.azurewebsites.net\/en\/#website\",\"url\":\"https:\/\/spka-wordpress-fhf0e0dzb2bveydb.switzerlandnorth-01.azurewebsites.net\/en\/\",\"name\":\"Swiss Parkour Association\",\"description\":\"\",\"publisher\":{\"@id\":\"https:\/\/spka-wordpress-fhf0e0dzb2bveydb.switzerlandnorth-01.azurewebsites.net\/en\/#organization\"},\"potentialAction\":[{\"@type\":\"SearchAction\",\"target\":{\"@type\":\"EntryPoint\",\"urlTemplate\":\"https:\/\/spka-wordpress-fhf0e0dzb2bveydb.switzerlandnorth-01.azurewebsites.net\/en\/?s={search_term_string}\"},\"query-input\":{\"@type\":\"PropertyValueSpecification\",\"valueRequired\":true,\"valueName\":\"search_term_string\"}}],\"inLanguage\":\"de\"},{\"@type\":\"Organization\",\"@id\":\"https:\/\/spka-wordpress-fhf0e0dzb2bveydb.switzerlandnorth-01.azurewebsites.net\/en\/#organization\",\"name\":\"Swiss Parkour Association\",\"url\":\"https:\/\/spka-wordpress-fhf0e0dzb2bveydb.switzerlandnorth-01.azurewebsites.net\/en\/\",\"logo\":{\"@type\":\"ImageObject\",\"inLanguage\":\"de\",\"@id\":\"https:\/\/spka-wordpress-fhf0e0dzb2bveydb.switzerlandnorth-01.azurewebsites.net\/en\/#\/schema\/logo\/image\/\",\"url\":\"\/wp-content\/uploads\/logo-dark-circle.png\",\"contentUrl\":\"\/wp-content\/uploads\/logo-dark-circle.png\",\"width\":527,\"height\":527,\"caption\":\"Swiss Parkour Association\"},\"image\":{\"@id\":\"https:\/\/spka-wordpress-fhf0e0dzb2bveydb.switzerlandnorth-01.azurewebsites.net\/en\/#\/schema\/logo\/image\/\"},\"sameAs\":[\"https:\/\/www.instagram.com\/spka.swiss\/\"]}]}<\/script>\n<!-- \/ Yoast SEO plugin. -->","yoast_head_json":{"title":"Youth+Sport Allgemeine Informationen - Swiss Parkour Association","robots":{"index":"index","follow":"follow","max-snippet":"max-snippet:-1","max-image-preview":"max-image-preview:large","max-video-preview":"max-video-preview:-1"},"canonical":"https:\/\/webstaging.spka.ch\/de\/js\/","og_locale":"de_DE","og_type":"article","og_title":"Youth+Sport Allgemeine Informationen - Swiss Parkour Association","og_description":"Jugend+Sport &#8211; So funktioniert es https:\/\/www.jugendundsport.ch Allgemeine Informationen \u00fcber Youth+Sport Jugend+Sport (J+S) ist das gr\u00f6\u00dfte Sportf\u00f6rderungsprogramm des Bundes und feierte 2022 sein 50-j\u00e4hriges Bestehen. Das Ziel von J+S ist die F\u00f6rderung des kinder- und jugendorientierten Sports in der Schweiz. Durch die Aus- und Weiterbildung von J+S-Instruktoren gelingt es J+S, die Entwicklung und Entfaltung junger Menschen [&hellip;]","og_url":"https:\/\/webstaging.spka.ch\/de\/js\/","og_site_name":"Swiss Parkour Association","article_modified_time":"2026-03-24T22:09:45+00:00","twitter_card":"summary_large_image","twitter_misc":{"Gesch\u00e4tzte Lesezeit":"1\u00a0Minute"},"schema":{"@context":"https:\/\/schema.org","@graph":[{"@type":"WebPage","@id":"https:\/\/webstaging.spka.ch\/de\/js\/","url":"https:\/\/webstaging.spka.ch\/de\/js\/","name":"Youth+Sport Allgemeine Informationen - Swiss Parkour Association","isPartOf":{"@id":"https:\/\/spka-wordpress-fhf0e0dzb2bveydb.switzerlandnorth-01.azurewebsites.net\/en\/#website"},"datePublished":"2025-02-24T17:07:03+00:00","dateModified":"2026-03-24T22:09:45+00:00","breadcrumb":{"@id":"https:\/\/webstaging.spka.ch\/de\/js\/#breadcrumb"},"inLanguage":"de","potentialAction":[{"@type":"ReadAction","target":["https:\/\/webstaging.spka.ch\/de\/js\/"]}]},{"@type":"BreadcrumbList","@id":"https:\/\/webstaging.spka.ch\/de\/js\/#breadcrumb","itemListElement":[{"@type":"ListItem","position":1,"name":"Home","item":"https:\/\/spka.ch\/de\/"},{"@type":"ListItem","position":2,"name":"Youth+Sport Allgemeine Informationen"}]},{"@type":"WebSite","@id":"https:\/\/spka-wordpress-fhf0e0dzb2bveydb.switzerlandnorth-01.azurewebsites.net\/en\/#website","url":"https:\/\/spka-wordpress-fhf0e0dzb2bveydb.switzerlandnorth-01.azurewebsites.net\/en\/","name":"Swiss Parkour Association","description":"","publisher":{"@id":"https:\/\/spka-wordpress-fhf0e0dzb2bveydb.switzerlandnorth-01.azurewebsites.net\/en\/#organization"},"potentialAction":[{"@type":"SearchAction","target":{"@type":"EntryPoint","urlTemplate":"https:\/\/spka-wordpress-fhf0e0dzb2bveydb.switzerlandnorth-01.azurewebsites.net\/en\/?s={search_term_string}"},"query-input":{"@type":"PropertyValueSpecification","valueRequired":true,"valueName":"search_term_string"}}],"inLanguage":"de"},{"@type":"Organization","@id":"https:\/\/spka-wordpress-fhf0e0dzb2bveydb.switzerlandnorth-01.azurewebsites.net\/en\/#organization","name":"Swiss Parkour Association","url":"https:\/\/spka-wordpress-fhf0e0dzb2bveydb.switzerlandnorth-01.azurewebsites.net\/en\/","logo":{"@type":"ImageObject","inLanguage":"de","@id":"https:\/\/spka-wordpress-fhf0e0dzb2bveydb.switzerlandnorth-01.azurewebsites.net\/en\/#\/schema\/logo\/image\/","url":"\/wp-content\/uploads\/logo-dark-circle.png","contentUrl":"\/wp-content\/uploads\/logo-dark-circle.png","width":527,"height":527,"caption":"Swiss Parkour Association"},"image":{"@id":"https:\/\/spka-wordpress-fhf0e0dzb2bveydb.switzerlandnorth-01.azurewebsites.net\/en\/#\/schema\/logo\/image\/"},"sameAs":["https:\/\/www.instagram.com\/spka.swiss\/"]}]}},"jetpack_sharing_enabled":true,"jetpack_shortlink":"https:\/\/wp.me\/PgGha7-eX","_links":{"self":[{"href":"https:\/\/webstaging.spka.ch\/de\/wp-json\/wp\/v2\/pages\/927","targetHints":{"allow":["GET"]}}],"collection":[{"href":"https:\/\/webstaging.spka.ch\/de\/wp-json\/wp\/v2\/pages"}],"about":[{"href":"https:\/\/webstaging.spka.ch\/de\/wp-json\/wp\/v2\/types\/page"}],"author":[{"embeddable":true,"href":"https:\/\/webstaging.spka.ch\/de\/wp-json\/wp\/v2\/users\/2"}],"replies":[{"embeddable":true,"href":"https:\/\/webstaging.spka.ch\/de\/wp-json\/wp\/v2\/comments?post=927"}],"version-history":[{"count":6,"href":"https:\/\/webstaging.spka.ch\/de\/wp-json\/wp\/v2\/pages\/927\/revisions"}],"predecessor-version":[{"id":1867,"href":"https:\/\/webstaging.spka.ch\/de\/wp-json\/wp\/v2\/pages\/927\/revisions\/1867"}],"wp:attachment":[{"href":"https:\/\/webstaging.spka.ch\/de\/wp-json\/wp\/v2\/media?parent=927"}],"curies":[{"name":"wp","href":"https:\/\/api.w.org\/{rel}","templated":true}]}}