{"id":916,"date":"2025-02-24T21:00:12","date_gmt":"2025-02-24T20:00:12","guid":{"rendered":"https:\/\/webstaging.spka.ch\/cool-und-sauber\/"},"modified":"2025-09-03T15:04:30","modified_gmt":"2025-09-03T13:04:30","slug":"cool-and-clean","status":"publish","type":"page","link":"https:\/\/webstaging.spka.ch\/de\/values-ethics\/cool-and-clean\/","title":{"rendered":"Cool und sauber"},"content":{"rendered":"\n<h3 class=\"wp-block-heading\">Cool und sauber<\/h3>\n\n<p>Das Pr\u00e4ventionsprogramm <a href=\"https:\/\/www.coolandclean.ch\/de\/\" target=\"_blank\" rel=\"noreferrer noopener\">&#8222;cool and clean&#8220;<\/a> von Swiss Olympic steht f\u00fcr erfolgreichen, fairen und sauberen Sport. Es unterst\u00fctzt F\u00fchrungskr\u00e4fte dabei, die Lebenskompetenzen junger Menschen zu f\u00f6rdern, gef\u00e4hrliche Entwicklungen fr\u00fchzeitig zu erkennen und richtig zu reagieren.  <\/p>\n\n<figure class=\"wp-block-image size-large\"><img loading=\"lazy\" decoding=\"async\" width=\"1024\" height=\"439\" src=\"\/wp-content\/uploads\/CnC_Teambuilding.1677249472121-1024x439.jpeg\" alt=\"\" class=\"wp-image-252\" srcset=\"\/wp-content\/uploads\/CnC_Teambuilding.1677249472121-1024x439.jpeg 1024w, \/wp-content\/uploads\/CnC_Teambuilding.1677249472121-300x129.jpeg 300w, \/wp-content\/uploads\/CnC_Teambuilding.1677249472121-768x329.jpeg 768w, \/wp-content\/uploads\/CnC_Teambuilding.1677249472121-1536x659.jpeg 1536w, \/wp-content\/uploads\/CnC_Teambuilding.1677249472121.jpeg 1656w\" sizes=\"auto, (max-width: 1024px) 100vw, 1024px\" \/><\/figure>\n\n<h4 class=\"wp-block-heading\">Die &#8222;cool&amp;clean&#8220; Verpflichtungen<\/h4>\n\n<p>Das Programm basiert auf sechs Verpflichtungen, zu denen sich die Leiter gemeinsam mit den Jugendlichen verpflichten:<\/p>\n\n<ul class=\"wp-block-list\">\n<li><em>Ich m\u00f6chte meine Ziele erreichen!<\/em><\/li>\n\n\n\n<li><em>Ich werde mich anst\u00e4ndig benehmen!<\/em><\/li>\n\n\n\n<li><em>Ich spiele ohne Doping!<\/em><\/li>\n\n\n\n<li><em>Ich enthalte mich des Tabaks!<\/em><\/li>\n\n\n\n<li><em>Ich verzichte auf Alkohol!<\/em><\/li>\n\n\n\n<li><em>I &#8230; ! \/ Wir &#8230; ! (eigene Verpflichtung)  <\/em><\/li>\n<\/ul>\n\n<p>&#8222;Cool and clean&#8220; unterst\u00fctzt auch Sportveranstalter und Sportst\u00e4ttenbetreiber bei der Umsetzung von Jugendschutzma\u00dfnahmen und Ma\u00dfnahmen zum Schutz vor Passivrauchen.<\/p>\n\n<p>Mehr \u00fcber <a href=\"https:\/\/www.coolandclean.ch\/de\/\" target=\"_blank\" rel=\"noreferrer noopener\">Cool and Clean<\/a>!<\/p>\n\n<p><\/p>\n\n<p><\/p>\n","protected":false},"excerpt":{"rendered":"<p>Cool und sauber Das Pr\u00e4ventionsprogramm &#8222;cool and clean&#8220; von Swiss Olympic steht f\u00fcr erfolgreichen, fairen und sauberen Sport. Es unterst\u00fctzt F\u00fchrungskr\u00e4fte dabei, die Lebenskompetenzen junger Menschen zu f\u00f6rdern, gef\u00e4hrliche Entwicklungen fr\u00fchzeitig zu erkennen und richtig zu reagieren. Die &#8222;cool&amp;clean&#8220; Verpflichtungen Das Programm basiert auf sechs Verpflichtungen, zu denen sich die Leiter gemeinsam mit den Jugendlichen [&hellip;]<\/p>\n","protected":false},"author":1,"featured_media":702,"parent":1397,"menu_order":0,"comment_status":"closed","ping_status":"closed","template":"","meta":{"footnotes":""},"class_list":["post-916","page","type-page","status-publish","has-post-thumbnail","hentry"],"blocksy_meta":[],"yoast_head":"<!-- This site is optimized with the Yoast SEO plugin v27.2 - https:\/\/yoast.com\/product\/yoast-seo-wordpress\/ -->\n<title>Cool und sauber - Swiss Parkour Association<\/title>\n<meta name=\"robots\" content=\"index, follow, max-snippet:-1, max-image-preview:large, max-video-preview:-1\" \/>\n<link rel=\"canonical\" href=\"https:\/\/webstaging.spka.ch\/de\/values-ethics\/cool-and-clean\/\" \/>\n<meta property=\"og:locale\" content=\"de_DE\" \/>\n<meta property=\"og:type\" content=\"article\" \/>\n<meta property=\"og:title\" content=\"Cool und sauber - Swiss Parkour Association\" \/>\n<meta property=\"og:description\" content=\"Cool und sauber Das Pr\u00e4ventionsprogramm &#8222;cool and clean&#8220; von Swiss Olympic steht f\u00fcr erfolgreichen, fairen und sauberen Sport. Es unterst\u00fctzt F\u00fchrungskr\u00e4fte dabei, die Lebenskompetenzen junger Menschen zu f\u00f6rdern, gef\u00e4hrliche Entwicklungen fr\u00fchzeitig zu erkennen und richtig zu reagieren. Die &#8222;cool&amp;clean&#8220; Verpflichtungen Das Programm basiert auf sechs Verpflichtungen, zu denen sich die Leiter gemeinsam mit den Jugendlichen [&hellip;]\" \/>\n<meta property=\"og:url\" content=\"https:\/\/webstaging.spka.ch\/de\/values-ethics\/cool-and-clean\/\" \/>\n<meta property=\"og:site_name\" content=\"Swiss Parkour Association\" \/>\n<meta property=\"article:modified_time\" content=\"2025-09-03T13:04:30+00:00\" \/>\n<meta property=\"og:image\" content=\"https:\/\/webstaging.spka.ch\/wp-content\/uploads\/CnC_Teambuilding.1677249472121.jpeg\" \/>\n\t<meta property=\"og:image:width\" content=\"1656\" \/>\n\t<meta property=\"og:image:height\" content=\"710\" \/>\n\t<meta property=\"og:image:type\" content=\"image\/jpeg\" \/>\n<meta name=\"twitter:card\" content=\"summary_large_image\" \/>\n<meta name=\"twitter:label1\" content=\"Gesch\u00e4tzte Lesezeit\" \/>\n\t<meta name=\"twitter:data1\" content=\"1\u00a0Minute\" \/>\n<script type=\"application\/ld+json\" class=\"yoast-schema-graph\">{\"@context\":\"https:\/\/schema.org\",\"@graph\":[{\"@type\":\"WebPage\",\"@id\":\"https:\/\/webstaging.spka.ch\/de\/values-ethics\/cool-and-clean\/\",\"url\":\"https:\/\/webstaging.spka.ch\/de\/values-ethics\/cool-and-clean\/\",\"name\":\"Cool und sauber - Swiss Parkour Association\",\"isPartOf\":{\"@id\":\"https:\/\/spka-wordpress-fhf0e0dzb2bveydb.switzerlandnorth-01.azurewebsites.net\/en\/#website\"},\"primaryImageOfPage\":{\"@id\":\"https:\/\/webstaging.spka.ch\/de\/values-ethics\/cool-and-clean\/#primaryimage\"},\"image\":{\"@id\":\"https:\/\/webstaging.spka.ch\/de\/values-ethics\/cool-and-clean\/#primaryimage\"},\"thumbnailUrl\":\"\/wp-content\/uploads\/CnC_Teambuilding.1677249472121.jpeg\",\"datePublished\":\"2025-02-24T20:00:12+00:00\",\"dateModified\":\"2025-09-03T13:04:30+00:00\",\"breadcrumb\":{\"@id\":\"https:\/\/webstaging.spka.ch\/de\/values-ethics\/cool-and-clean\/#breadcrumb\"},\"inLanguage\":\"de\",\"potentialAction\":[{\"@type\":\"ReadAction\",\"target\":[\"https:\/\/webstaging.spka.ch\/de\/values-ethics\/cool-and-clean\/\"]}]},{\"@type\":\"ImageObject\",\"inLanguage\":\"de\",\"@id\":\"https:\/\/webstaging.spka.ch\/de\/values-ethics\/cool-and-clean\/#primaryimage\",\"url\":\"\/wp-content\/uploads\/CnC_Teambuilding.1677249472121.jpeg\",\"contentUrl\":\"\/wp-content\/uploads\/CnC_Teambuilding.1677249472121.jpeg\",\"width\":1656,\"height\":710},{\"@type\":\"BreadcrumbList\",\"@id\":\"https:\/\/webstaging.spka.ch\/de\/values-ethics\/cool-and-clean\/#breadcrumb\",\"itemListElement\":[{\"@type\":\"ListItem\",\"position\":1,\"name\":\"Home\",\"item\":\"https:\/\/spka.ch\/de\/\"},{\"@type\":\"ListItem\",\"position\":2,\"name\":\"Werte und Ethik\",\"item\":\"https:\/\/webstaging.spka.ch\/de\/values-ethics\/\"},{\"@type\":\"ListItem\",\"position\":3,\"name\":\"Cool und sauber\"}]},{\"@type\":\"WebSite\",\"@id\":\"https:\/\/spka-wordpress-fhf0e0dzb2bveydb.switzerlandnorth-01.azurewebsites.net\/en\/#website\",\"url\":\"https:\/\/spka-wordpress-fhf0e0dzb2bveydb.switzerlandnorth-01.azurewebsites.net\/en\/\",\"name\":\"Swiss Parkour Association\",\"description\":\"\",\"publisher\":{\"@id\":\"https:\/\/spka-wordpress-fhf0e0dzb2bveydb.switzerlandnorth-01.azurewebsites.net\/en\/#organization\"},\"potentialAction\":[{\"@type\":\"SearchAction\",\"target\":{\"@type\":\"EntryPoint\",\"urlTemplate\":\"https:\/\/spka-wordpress-fhf0e0dzb2bveydb.switzerlandnorth-01.azurewebsites.net\/en\/?s={search_term_string}\"},\"query-input\":{\"@type\":\"PropertyValueSpecification\",\"valueRequired\":true,\"valueName\":\"search_term_string\"}}],\"inLanguage\":\"de\"},{\"@type\":\"Organization\",\"@id\":\"https:\/\/spka-wordpress-fhf0e0dzb2bveydb.switzerlandnorth-01.azurewebsites.net\/en\/#organization\",\"name\":\"Swiss Parkour Association\",\"url\":\"https:\/\/spka-wordpress-fhf0e0dzb2bveydb.switzerlandnorth-01.azurewebsites.net\/en\/\",\"logo\":{\"@type\":\"ImageObject\",\"inLanguage\":\"de\",\"@id\":\"https:\/\/spka-wordpress-fhf0e0dzb2bveydb.switzerlandnorth-01.azurewebsites.net\/en\/#\/schema\/logo\/image\/\",\"url\":\"\/wp-content\/uploads\/logo-dark-circle.png\",\"contentUrl\":\"\/wp-content\/uploads\/logo-dark-circle.png\",\"width\":527,\"height\":527,\"caption\":\"Swiss Parkour Association\"},\"image\":{\"@id\":\"https:\/\/spka-wordpress-fhf0e0dzb2bveydb.switzerlandnorth-01.azurewebsites.net\/en\/#\/schema\/logo\/image\/\"},\"sameAs\":[\"https:\/\/www.instagram.com\/spka.swiss\/\"]}]}<\/script>\n<!-- \/ Yoast SEO plugin. -->","yoast_head_json":{"title":"Cool und sauber - Swiss Parkour Association","robots":{"index":"index","follow":"follow","max-snippet":"max-snippet:-1","max-image-preview":"max-image-preview:large","max-video-preview":"max-video-preview:-1"},"canonical":"https:\/\/webstaging.spka.ch\/de\/values-ethics\/cool-and-clean\/","og_locale":"de_DE","og_type":"article","og_title":"Cool und sauber - Swiss Parkour Association","og_description":"Cool und sauber Das Pr\u00e4ventionsprogramm &#8222;cool and clean&#8220; von Swiss Olympic steht f\u00fcr erfolgreichen, fairen und sauberen Sport. Es unterst\u00fctzt F\u00fchrungskr\u00e4fte dabei, die Lebenskompetenzen junger Menschen zu f\u00f6rdern, gef\u00e4hrliche Entwicklungen fr\u00fchzeitig zu erkennen und richtig zu reagieren. Die &#8222;cool&amp;clean&#8220; Verpflichtungen Das Programm basiert auf sechs Verpflichtungen, zu denen sich die Leiter gemeinsam mit den Jugendlichen [&hellip;]","og_url":"https:\/\/webstaging.spka.ch\/de\/values-ethics\/cool-and-clean\/","og_site_name":"Swiss Parkour Association","article_modified_time":"2025-09-03T13:04:30+00:00","og_image":[{"width":1656,"height":710,"url":"https:\/\/webstaging.spka.ch\/wp-content\/uploads\/CnC_Teambuilding.1677249472121.jpeg","type":"image\/jpeg"}],"twitter_card":"summary_large_image","twitter_misc":{"Gesch\u00e4tzte Lesezeit":"1\u00a0Minute"},"schema":{"@context":"https:\/\/schema.org","@graph":[{"@type":"WebPage","@id":"https:\/\/webstaging.spka.ch\/de\/values-ethics\/cool-and-clean\/","url":"https:\/\/webstaging.spka.ch\/de\/values-ethics\/cool-and-clean\/","name":"Cool und sauber - Swiss Parkour Association","isPartOf":{"@id":"https:\/\/spka-wordpress-fhf0e0dzb2bveydb.switzerlandnorth-01.azurewebsites.net\/en\/#website"},"primaryImageOfPage":{"@id":"https:\/\/webstaging.spka.ch\/de\/values-ethics\/cool-and-clean\/#primaryimage"},"image":{"@id":"https:\/\/webstaging.spka.ch\/de\/values-ethics\/cool-and-clean\/#primaryimage"},"thumbnailUrl":"\/wp-content\/uploads\/CnC_Teambuilding.1677249472121.jpeg","datePublished":"2025-02-24T20:00:12+00:00","dateModified":"2025-09-03T13:04:30+00:00","breadcrumb":{"@id":"https:\/\/webstaging.spka.ch\/de\/values-ethics\/cool-and-clean\/#breadcrumb"},"inLanguage":"de","potentialAction":[{"@type":"ReadAction","target":["https:\/\/webstaging.spka.ch\/de\/values-ethics\/cool-and-clean\/"]}]},{"@type":"ImageObject","inLanguage":"de","@id":"https:\/\/webstaging.spka.ch\/de\/values-ethics\/cool-and-clean\/#primaryimage","url":"\/wp-content\/uploads\/CnC_Teambuilding.1677249472121.jpeg","contentUrl":"\/wp-content\/uploads\/CnC_Teambuilding.1677249472121.jpeg","width":1656,"height":710},{"@type":"BreadcrumbList","@id":"https:\/\/webstaging.spka.ch\/de\/values-ethics\/cool-and-clean\/#breadcrumb","itemListElement":[{"@type":"ListItem","position":1,"name":"Home","item":"https:\/\/spka.ch\/de\/"},{"@type":"ListItem","position":2,"name":"Werte und Ethik","item":"https:\/\/webstaging.spka.ch\/de\/values-ethics\/"},{"@type":"ListItem","position":3,"name":"Cool und sauber"}]},{"@type":"WebSite","@id":"https:\/\/spka-wordpress-fhf0e0dzb2bveydb.switzerlandnorth-01.azurewebsites.net\/en\/#website","url":"https:\/\/spka-wordpress-fhf0e0dzb2bveydb.switzerlandnorth-01.azurewebsites.net\/en\/","name":"Swiss Parkour Association","description":"","publisher":{"@id":"https:\/\/spka-wordpress-fhf0e0dzb2bveydb.switzerlandnorth-01.azurewebsites.net\/en\/#organization"},"potentialAction":[{"@type":"SearchAction","target":{"@type":"EntryPoint","urlTemplate":"https:\/\/spka-wordpress-fhf0e0dzb2bveydb.switzerlandnorth-01.azurewebsites.net\/en\/?s={search_term_string}"},"query-input":{"@type":"PropertyValueSpecification","valueRequired":true,"valueName":"search_term_string"}}],"inLanguage":"de"},{"@type":"Organization","@id":"https:\/\/spka-wordpress-fhf0e0dzb2bveydb.switzerlandnorth-01.azurewebsites.net\/en\/#organization","name":"Swiss Parkour Association","url":"https:\/\/spka-wordpress-fhf0e0dzb2bveydb.switzerlandnorth-01.azurewebsites.net\/en\/","logo":{"@type":"ImageObject","inLanguage":"de","@id":"https:\/\/spka-wordpress-fhf0e0dzb2bveydb.switzerlandnorth-01.azurewebsites.net\/en\/#\/schema\/logo\/image\/","url":"\/wp-content\/uploads\/logo-dark-circle.png","contentUrl":"\/wp-content\/uploads\/logo-dark-circle.png","width":527,"height":527,"caption":"Swiss Parkour Association"},"image":{"@id":"https:\/\/spka-wordpress-fhf0e0dzb2bveydb.switzerlandnorth-01.azurewebsites.net\/en\/#\/schema\/logo\/image\/"},"sameAs":["https:\/\/www.instagram.com\/spka.swiss\/"]}]}},"jetpack_sharing_enabled":true,"jetpack_shortlink":"https:\/\/wp.me\/PgGha7-eM","_links":{"self":[{"href":"https:\/\/webstaging.spka.ch\/de\/wp-json\/wp\/v2\/pages\/916","targetHints":{"allow":["GET"]}}],"collection":[{"href":"https:\/\/webstaging.spka.ch\/de\/wp-json\/wp\/v2\/pages"}],"about":[{"href":"https:\/\/webstaging.spka.ch\/de\/wp-json\/wp\/v2\/types\/page"}],"author":[{"embeddable":true,"href":"https:\/\/webstaging.spka.ch\/de\/wp-json\/wp\/v2\/users\/1"}],"replies":[{"embeddable":true,"href":"https:\/\/webstaging.spka.ch\/de\/wp-json\/wp\/v2\/comments?post=916"}],"version-history":[{"count":5,"href":"https:\/\/webstaging.spka.ch\/de\/wp-json\/wp\/v2\/pages\/916\/revisions"}],"predecessor-version":[{"id":1335,"href":"https:\/\/webstaging.spka.ch\/de\/wp-json\/wp\/v2\/pages\/916\/revisions\/1335"}],"up":[{"embeddable":true,"href":"https:\/\/webstaging.spka.ch\/de\/wp-json\/wp\/v2\/pages\/1397"}],"wp:featuredmedia":[{"embeddable":true,"href":"https:\/\/webstaging.spka.ch\/de\/wp-json\/wp\/v2\/media\/702"}],"wp:attachment":[{"href":"https:\/\/webstaging.spka.ch\/de\/wp-json\/wp\/v2\/media?parent=916"}],"curies":[{"name":"wp","href":"https:\/\/api.w.org\/{rel}","templated":true}]}}