{"id":1397,"date":"2025-02-24T17:52:59","date_gmt":"2025-02-24T16:52:59","guid":{"rendered":"https:\/\/webstaging.spka.ch\/values-ethics\/"},"modified":"2025-10-08T01:19:45","modified_gmt":"2025-10-07T23:19:45","slug":"values-ethics","status":"publish","type":"page","link":"https:\/\/webstaging.spka.ch\/de\/values-ethics\/","title":{"rendered":"Werte und Ethik"},"content":{"rendered":"\n<div class=\"wp-block-cover alignfull has-parallax\"><div class=\"wp-block-cover__image-background wp-image-248 size-large has-parallax\" style=\"background-position:50% 50%;background-image:url(\/wp-content\/uploads\/Gros-SPTgenf_-36-1024x682.jpeg)\"><\/div><span aria-hidden=\"true\" class=\"wp-block-cover__background has-palette-color-3-background-color has-background-dim\"><\/span><div class=\"wp-block-cover__inner-container is-layout-constrained wp-block-cover-is-layout-constrained\">\n<p class=\"has-text-align-center has-palette-color-2-color has-text-color has-link-color has-x-large-font-size wp-elements-0f62743049d995ebc11cb452e12f0f54\"><strong>WERTE &amp; ETHIK<\/strong><\/p>\n<\/div><\/div>\n\n<blockquote class=\"wp-block-quote is-layout-flow wp-block-quote-is-layout-flow\">\n<p>&#8222;Die SPKA setzt sich vorbehaltlos f\u00fcr einen respektvollen, gesunden, fairen und erfolgreichen Sport ein.&#8220;<\/p>\n<\/blockquote>\n\n<p>Das <a href=\"https:\/\/www.swissolympic.ch\/verbaende\/werte-ethik\/ethik-statut\" target=\"_blank\" rel=\"noreferrer noopener\">Ethik-Statut des Schweizer Sports<\/a> hat eine einheitliche und grundlegende Basis f\u00fcr die Meldung, Untersuchung und Sanktionierung ethischer Vorf\u00e4lle geschaffen. Wir orientieren uns an diesen Regeln, denn das Statut basiert auf den olympischen Werten sowie auf der Ethik-Charta, an die wir uns im Bereich Youth+Sport halten. <\/p>\n\n<p>Die SPKA setzt sich daf\u00fcr ein, dass die Werte und ethischen Grundprinzipien in jedem Parkour-Club in der Schweiz und in jedem Parkour-Programm eingehalten werden. Auf diese Weise tr\u00e4gt jeder traceur zu einem nachhaltigen und wertvollen Sport bei.   <br\/>Wir dulden keine Verst\u00f6\u00dfe gegen die Ethik, sondern leben die Freundschaft und den Sport mit all seinen Facetten.<\/p>\n\n<h3 class=\"wp-block-heading\">Einen Vorfall melden<\/h3>\n\n<p>Meldungen \u00fcber ethische Vorf\u00e4lle und Dopingverst\u00f6\u00dfe im Sport k\u00f6nnen von jedermann so schnell wie m\u00f6glich an <a href=\"https:\/\/www.sportintegrity.ch\/\" target=\"_blank\" rel=\"noreferrer noopener\">Swiss Sport Integrity<\/a> weitergeleitet werden. Die Melde- und Untersuchungsstelle von Swiss Sport Integrity bearbeitet diese Meldungen unabh\u00e4ngig und vertraulich und erm\u00f6glicht bei Bedarf Anonymit\u00e4t. Personen, die derartige Vorf\u00e4lle im Sport beobachten, erleben oder davon Kenntnis erlangen, werden gebeten, diese an Swiss Sport Integrity zu melden. Personen mit einer Aufsichtsfunktion im Sport, wie Coaches, Trainer oder Betreuer, haben eine zus\u00e4tzliche Meldepflicht. Swiss Sport Integrity kann \u00fcber die Website <a href=\"https:\/\/www.sportintegrity.ch\/\" target=\"_blank\" rel=\"noreferrer noopener\">www.sportintegrity.ch<\/a> und die Telefonnummer <strong>031 550 21 31<\/strong> kontaktiert werden.    <\/p>\n","protected":false},"excerpt":{"rendered":"<p>&#8222;Die SPKA setzt sich vorbehaltlos f\u00fcr einen respektvollen, gesunden, fairen und erfolgreichen Sport ein.&#8220; Das Ethik-Statut des Schweizer Sports hat eine einheitliche und grundlegende Basis f\u00fcr die Meldung, Untersuchung und Sanktionierung ethischer Vorf\u00e4lle geschaffen. Wir orientieren uns an diesen Regeln, denn das Statut basiert auf den olympischen Werten sowie auf der Ethik-Charta, an die wir [&hellip;]<\/p>\n","protected":false},"author":2,"featured_media":0,"parent":0,"menu_order":0,"comment_status":"closed","ping_status":"closed","template":"","meta":{"footnotes":""},"class_list":["post-1397","page","type-page","status-publish","hentry"],"blocksy_meta":[],"yoast_head":"<!-- This site is optimized with the Yoast SEO plugin v27.2 - https:\/\/yoast.com\/product\/yoast-seo-wordpress\/ -->\n<title>Werte und Ethik - Swiss Parkour Association<\/title>\n<meta name=\"robots\" content=\"index, follow, max-snippet:-1, max-image-preview:large, max-video-preview:-1\" \/>\n<link rel=\"canonical\" href=\"https:\/\/webstaging.spka.ch\/de\/values-ethics\/\" \/>\n<meta property=\"og:locale\" content=\"de_DE\" \/>\n<meta property=\"og:type\" content=\"article\" \/>\n<meta property=\"og:title\" content=\"Werte und Ethik - Swiss Parkour Association\" \/>\n<meta property=\"og:description\" content=\"&#8222;Die SPKA setzt sich vorbehaltlos f\u00fcr einen respektvollen, gesunden, fairen und erfolgreichen Sport ein.&#8220; Das Ethik-Statut des Schweizer Sports hat eine einheitliche und grundlegende Basis f\u00fcr die Meldung, Untersuchung und Sanktionierung ethischer Vorf\u00e4lle geschaffen. Wir orientieren uns an diesen Regeln, denn das Statut basiert auf den olympischen Werten sowie auf der Ethik-Charta, an die wir [&hellip;]\" \/>\n<meta property=\"og:url\" content=\"https:\/\/webstaging.spka.ch\/de\/values-ethics\/\" \/>\n<meta property=\"og:site_name\" content=\"Swiss Parkour Association\" \/>\n<meta property=\"article:modified_time\" content=\"2025-10-07T23:19:45+00:00\" \/>\n<meta name=\"twitter:card\" content=\"summary_large_image\" \/>\n<meta name=\"twitter:label1\" content=\"Gesch\u00e4tzte Lesezeit\" \/>\n\t<meta name=\"twitter:data1\" content=\"1\u00a0Minute\" \/>\n<script type=\"application\/ld+json\" class=\"yoast-schema-graph\">{\"@context\":\"https:\/\/schema.org\",\"@graph\":[{\"@type\":\"WebPage\",\"@id\":\"https:\/\/webstaging.spka.ch\/de\/values-ethics\/\",\"url\":\"https:\/\/webstaging.spka.ch\/de\/values-ethics\/\",\"name\":\"Werte und Ethik - Swiss Parkour Association\",\"isPartOf\":{\"@id\":\"https:\/\/spka-wordpress-fhf0e0dzb2bveydb.switzerlandnorth-01.azurewebsites.net\/en\/#website\"},\"datePublished\":\"2025-02-24T16:52:59+00:00\",\"dateModified\":\"2025-10-07T23:19:45+00:00\",\"breadcrumb\":{\"@id\":\"https:\/\/webstaging.spka.ch\/de\/values-ethics\/#breadcrumb\"},\"inLanguage\":\"de\",\"potentialAction\":[{\"@type\":\"ReadAction\",\"target\":[\"https:\/\/webstaging.spka.ch\/de\/values-ethics\/\"]}]},{\"@type\":\"BreadcrumbList\",\"@id\":\"https:\/\/webstaging.spka.ch\/de\/values-ethics\/#breadcrumb\",\"itemListElement\":[{\"@type\":\"ListItem\",\"position\":1,\"name\":\"Home\",\"item\":\"https:\/\/spka.ch\/de\/\"},{\"@type\":\"ListItem\",\"position\":2,\"name\":\"Werte und Ethik\"}]},{\"@type\":\"WebSite\",\"@id\":\"https:\/\/spka-wordpress-fhf0e0dzb2bveydb.switzerlandnorth-01.azurewebsites.net\/en\/#website\",\"url\":\"https:\/\/spka-wordpress-fhf0e0dzb2bveydb.switzerlandnorth-01.azurewebsites.net\/en\/\",\"name\":\"Swiss Parkour Association\",\"description\":\"\",\"publisher\":{\"@id\":\"https:\/\/spka-wordpress-fhf0e0dzb2bveydb.switzerlandnorth-01.azurewebsites.net\/en\/#organization\"},\"potentialAction\":[{\"@type\":\"SearchAction\",\"target\":{\"@type\":\"EntryPoint\",\"urlTemplate\":\"https:\/\/spka-wordpress-fhf0e0dzb2bveydb.switzerlandnorth-01.azurewebsites.net\/en\/?s={search_term_string}\"},\"query-input\":{\"@type\":\"PropertyValueSpecification\",\"valueRequired\":true,\"valueName\":\"search_term_string\"}}],\"inLanguage\":\"de\"},{\"@type\":\"Organization\",\"@id\":\"https:\/\/spka-wordpress-fhf0e0dzb2bveydb.switzerlandnorth-01.azurewebsites.net\/en\/#organization\",\"name\":\"Swiss Parkour Association\",\"url\":\"https:\/\/spka-wordpress-fhf0e0dzb2bveydb.switzerlandnorth-01.azurewebsites.net\/en\/\",\"logo\":{\"@type\":\"ImageObject\",\"inLanguage\":\"de\",\"@id\":\"https:\/\/spka-wordpress-fhf0e0dzb2bveydb.switzerlandnorth-01.azurewebsites.net\/en\/#\/schema\/logo\/image\/\",\"url\":\"\/wp-content\/uploads\/logo-dark-circle.png\",\"contentUrl\":\"\/wp-content\/uploads\/logo-dark-circle.png\",\"width\":527,\"height\":527,\"caption\":\"Swiss Parkour Association\"},\"image\":{\"@id\":\"https:\/\/spka-wordpress-fhf0e0dzb2bveydb.switzerlandnorth-01.azurewebsites.net\/en\/#\/schema\/logo\/image\/\"},\"sameAs\":[\"https:\/\/www.instagram.com\/spka.swiss\/\"]}]}<\/script>\n<!-- \/ Yoast SEO plugin. -->","yoast_head_json":{"title":"Werte und Ethik - Swiss Parkour Association","robots":{"index":"index","follow":"follow","max-snippet":"max-snippet:-1","max-image-preview":"max-image-preview:large","max-video-preview":"max-video-preview:-1"},"canonical":"https:\/\/webstaging.spka.ch\/de\/values-ethics\/","og_locale":"de_DE","og_type":"article","og_title":"Werte und Ethik - Swiss Parkour Association","og_description":"&#8222;Die SPKA setzt sich vorbehaltlos f\u00fcr einen respektvollen, gesunden, fairen und erfolgreichen Sport ein.&#8220; Das Ethik-Statut des Schweizer Sports hat eine einheitliche und grundlegende Basis f\u00fcr die Meldung, Untersuchung und Sanktionierung ethischer Vorf\u00e4lle geschaffen. Wir orientieren uns an diesen Regeln, denn das Statut basiert auf den olympischen Werten sowie auf der Ethik-Charta, an die wir [&hellip;]","og_url":"https:\/\/webstaging.spka.ch\/de\/values-ethics\/","og_site_name":"Swiss Parkour Association","article_modified_time":"2025-10-07T23:19:45+00:00","twitter_card":"summary_large_image","twitter_misc":{"Gesch\u00e4tzte Lesezeit":"1\u00a0Minute"},"schema":{"@context":"https:\/\/schema.org","@graph":[{"@type":"WebPage","@id":"https:\/\/webstaging.spka.ch\/de\/values-ethics\/","url":"https:\/\/webstaging.spka.ch\/de\/values-ethics\/","name":"Werte und Ethik - Swiss Parkour Association","isPartOf":{"@id":"https:\/\/spka-wordpress-fhf0e0dzb2bveydb.switzerlandnorth-01.azurewebsites.net\/en\/#website"},"datePublished":"2025-02-24T16:52:59+00:00","dateModified":"2025-10-07T23:19:45+00:00","breadcrumb":{"@id":"https:\/\/webstaging.spka.ch\/de\/values-ethics\/#breadcrumb"},"inLanguage":"de","potentialAction":[{"@type":"ReadAction","target":["https:\/\/webstaging.spka.ch\/de\/values-ethics\/"]}]},{"@type":"BreadcrumbList","@id":"https:\/\/webstaging.spka.ch\/de\/values-ethics\/#breadcrumb","itemListElement":[{"@type":"ListItem","position":1,"name":"Home","item":"https:\/\/spka.ch\/de\/"},{"@type":"ListItem","position":2,"name":"Werte und Ethik"}]},{"@type":"WebSite","@id":"https:\/\/spka-wordpress-fhf0e0dzb2bveydb.switzerlandnorth-01.azurewebsites.net\/en\/#website","url":"https:\/\/spka-wordpress-fhf0e0dzb2bveydb.switzerlandnorth-01.azurewebsites.net\/en\/","name":"Swiss Parkour Association","description":"","publisher":{"@id":"https:\/\/spka-wordpress-fhf0e0dzb2bveydb.switzerlandnorth-01.azurewebsites.net\/en\/#organization"},"potentialAction":[{"@type":"SearchAction","target":{"@type":"EntryPoint","urlTemplate":"https:\/\/spka-wordpress-fhf0e0dzb2bveydb.switzerlandnorth-01.azurewebsites.net\/en\/?s={search_term_string}"},"query-input":{"@type":"PropertyValueSpecification","valueRequired":true,"valueName":"search_term_string"}}],"inLanguage":"de"},{"@type":"Organization","@id":"https:\/\/spka-wordpress-fhf0e0dzb2bveydb.switzerlandnorth-01.azurewebsites.net\/en\/#organization","name":"Swiss Parkour Association","url":"https:\/\/spka-wordpress-fhf0e0dzb2bveydb.switzerlandnorth-01.azurewebsites.net\/en\/","logo":{"@type":"ImageObject","inLanguage":"de","@id":"https:\/\/spka-wordpress-fhf0e0dzb2bveydb.switzerlandnorth-01.azurewebsites.net\/en\/#\/schema\/logo\/image\/","url":"\/wp-content\/uploads\/logo-dark-circle.png","contentUrl":"\/wp-content\/uploads\/logo-dark-circle.png","width":527,"height":527,"caption":"Swiss Parkour Association"},"image":{"@id":"https:\/\/spka-wordpress-fhf0e0dzb2bveydb.switzerlandnorth-01.azurewebsites.net\/en\/#\/schema\/logo\/image\/"},"sameAs":["https:\/\/www.instagram.com\/spka.swiss\/"]}]}},"jetpack_sharing_enabled":true,"jetpack_shortlink":"https:\/\/wp.me\/PgGha7-mx","_links":{"self":[{"href":"https:\/\/webstaging.spka.ch\/de\/wp-json\/wp\/v2\/pages\/1397","targetHints":{"allow":["GET"]}}],"collection":[{"href":"https:\/\/webstaging.spka.ch\/de\/wp-json\/wp\/v2\/pages"}],"about":[{"href":"https:\/\/webstaging.spka.ch\/de\/wp-json\/wp\/v2\/types\/page"}],"author":[{"embeddable":true,"href":"https:\/\/webstaging.spka.ch\/de\/wp-json\/wp\/v2\/users\/2"}],"replies":[{"embeddable":true,"href":"https:\/\/webstaging.spka.ch\/de\/wp-json\/wp\/v2\/comments?post=1397"}],"version-history":[{"count":2,"href":"https:\/\/webstaging.spka.ch\/de\/wp-json\/wp\/v2\/pages\/1397\/revisions"}],"predecessor-version":[{"id":1399,"href":"https:\/\/webstaging.spka.ch\/de\/wp-json\/wp\/v2\/pages\/1397\/revisions\/1399"}],"wp:attachment":[{"href":"https:\/\/webstaging.spka.ch\/de\/wp-json\/wp\/v2\/media?parent=1397"}],"curies":[{"name":"wp","href":"https:\/\/api.w.org\/{rel}","templated":true}]}}