{"id":1015,"date":"2025-02-24T17:51:11","date_gmt":"2025-02-24T16:51:11","guid":{"rendered":"https:\/\/webstaging.spka.ch\/fuer-organisationen\/"},"modified":"2025-09-03T13:42:42","modified_gmt":"2025-09-03T11:42:42","slug":"join-spka-organisation","status":"publish","type":"page","link":"https:\/\/webstaging.spka.ch\/de\/join-spka-organisation\/","title":{"rendered":"F\u00fcr Organisationen"},"content":{"rendered":"\n<h2 class=\"wp-block-heading\">Mitgliedschaft bei SPKA f\u00fcr Organisationen<strong><\/strong><\/h2>\n\n<p><strong>Vielen Dank f\u00fcr Ihr Interesse, Mitglied der Swiss Parkour Association zu werden. Dank Ihrer Unterst\u00fctzung w\u00e4chst die Bedeutung von Parkour im Bereich der Gesundheitsf\u00f6rderung, des Sports und der Kultur von Tag zu Tag.  Mit Ihrer Mitgliedschaft kann die SPKA den Sport langfristig f\u00f6rdern und neue sinnvolle Projekte organisieren.<\/strong><\/p>\n\n<p>Sie vertreten eine Organisation, die im Bereich Parkour aktiv ist und m\u00f6chten der SPKA beitreten? Dann sind Sie bei uns genau richtig. Die SPKA konzentriert sich auf ihre Mitgliedsorganisationen und wir m\u00f6chten gemeinsam mit Ihnen wachsen. Parkour w\u00e4chst und wir wollen daran teilhaben, deshalb ist es wichtig, neue Organisationen an Bord zu holen.   <\/p>\n\n<p>Mit einer Mitgliedschaft hat Ihre Organisation viele interessante Vorteile:<\/p>\n\n<ul class=\"wp-block-list\">\n<li>Ihre Organisation wird auf der Website von SPKA beworben<\/li>\n\n\n\n<li>Erm\u00e4\u00dfigte Teilnahmegeb\u00fchren f\u00fcr die Swiss Parkour Tour f\u00fcr Ihre aktiven Mitglieder<\/li>\n\n\n\n<li>Sie erhalten regelm\u00e4\u00dfig einen Newsletter \u00fcber die Arbeit von SPKA<\/li>\n\n\n\n<li>Sie haben eine Stimme bei der Jahreshauptversammlung<\/li>\n\n\n\n<li>Sie sind ein direkter Unterst\u00fctzer der Projekte von SPKA<\/li>\n\n\n\n<li>Sie haben die M\u00f6glichkeit, Ihre eigenen Projekte oder Veranstaltungen (mit Bezug zu Parkour) \u00fcber SPKA zu bewerben.<\/li>\n\n\n\n<li>Sie erhalten Unterst\u00fctzung im Bereich Youth+Sport und dessen Verwaltung<\/li>\n\n\n\n<li>Sie haben einen direkten Ansprechpartner f\u00fcr Fragen zu Ihrem Unternehmen<\/li>\n<\/ul>\n\n<p>Alle aktiven Mitglieder, die regelm\u00e4\u00dfig Parkour trainieren, zahlen einen Mitgliedsbeitrag von CHF 30 pro Kalenderjahr. Nach Erhalt Ihrer Angaben wird der Organisation am Ende eines jeden Kalenderjahres eine entsprechende Rechnung zugesandt. Mit der Bezahlung der Rechnung aktivieren Sie Ihre Mitgliedschaft f\u00fcr das folgende Jahr. Die Vorteile der Mitgliedschaft gelten dann f\u00fcr alle Mitglieder Ihrer Organisation (z.B. Rabatte auf Swiss Parkour Tour Tickets), ohne dass Sie jede einzelne \u00c4nderung der Mitgliedschaft melden m\u00fcssen.   <\/p>\n\n<p>Wenn Sie Fragen zum genauen Ablauf haben, z\u00f6gern Sie bitte nicht, uns zu kontaktieren.<\/p>\n\n<div class=\"wp-block-group alignfull is-layout-constrained wp-container-core-group-is-layout-d89aad35 wp-block-group-is-layout-constrained\" style=\"margin-top:0;margin-bottom:0;padding-top:var(--wp--preset--spacing--50);padding-right:var(--wp--preset--spacing--50);padding-bottom:var(--wp--preset--spacing--50);padding-left:var(--wp--preset--spacing--50)\">\n<div class=\"wp-block-group alignwide has-base-2-background-color has-background is-layout-constrained wp-container-core-group-is-layout-39412042 wp-block-group-is-layout-constrained\" style=\"border-radius:16px;padding-top:var(--wp--preset--spacing--40);padding-right:var(--wp--preset--spacing--50);padding-bottom:var(--wp--preset--spacing--40);padding-left:var(--wp--preset--spacing--50)\">\n<h2 class=\"wp-block-heading has-text-align-center has-x-large-font-size\">SPKA beitreten<\/h2>\n\n\n\n<div class=\"wp-block-buttons is-horizontal is-content-justification-center is-layout-flex wp-container-core-buttons-is-layout-03627597 wp-block-buttons-is-layout-flex\">\n<div class=\"wp-block-button has-custom-width wp-block-button__width-50\"><a class=\"wp-block-button__link has-text-color has-background wp-element-button\" href=\"https:\/\/forms.office.com\/e\/deu6kPjEM1\" style=\"border-radius:50px;color:#ffffff;background-color:#000000\">Jetzt als Organisation registrieren<\/a><\/div>\n<\/div>\n<\/div>\n<\/div>\n\n<p>Indem Sie Ihre Daten eingeben, erkl\u00e4rt sich Ihre Organisation bereit, sich unserer Vision und Mission anzuschlie\u00dfen und sich offiziell als Mitglied der SPKA zu registrieren.<\/p>\n\n<p>Sie werden vom SPKA-Vorstand eine R\u00fcckmeldung zur Genehmigung erhalten.<\/p>\n\n<h4 class=\"wp-block-heading\">Stornierung<\/h4>\n\n<p>Die K\u00fcndigung kann zum Ende des laufenden Kalenderjahres unter Einhaltung einer K\u00fcndigungsfrist von 30 Tagen erfolgen.<\/p>\n\n<p><\/p>\n","protected":false},"excerpt":{"rendered":"<p>Mitgliedschaft bei SPKA f\u00fcr Organisationen Vielen Dank f\u00fcr Ihr Interesse, Mitglied der Swiss Parkour Association zu werden. Dank Ihrer Unterst\u00fctzung w\u00e4chst die Bedeutung von Parkour im Bereich der Gesundheitsf\u00f6rderung, des Sports und der Kultur von Tag zu Tag. Mit Ihrer Mitgliedschaft kann die SPKA den Sport langfristig f\u00f6rdern und neue sinnvolle Projekte organisieren. Sie vertreten [&hellip;]<\/p>\n","protected":false},"author":2,"featured_media":711,"parent":0,"menu_order":0,"comment_status":"closed","ping_status":"closed","template":"","meta":{"footnotes":""},"class_list":["post-1015","page","type-page","status-publish","has-post-thumbnail","hentry"],"blocksy_meta":[],"yoast_head":"<!-- This site is optimized with the Yoast SEO plugin v27.2 - https:\/\/yoast.com\/product\/yoast-seo-wordpress\/ -->\n<title>F\u00fcr Organisationen - Swiss Parkour Association<\/title>\n<meta name=\"robots\" content=\"index, follow, max-snippet:-1, max-image-preview:large, max-video-preview:-1\" \/>\n<link rel=\"canonical\" href=\"https:\/\/webstaging.spka.ch\/de\/join-spka-organisation\/\" \/>\n<meta property=\"og:locale\" content=\"de_DE\" \/>\n<meta property=\"og:type\" content=\"article\" \/>\n<meta property=\"og:title\" content=\"F\u00fcr Organisationen - Swiss Parkour Association\" \/>\n<meta property=\"og:description\" content=\"Mitgliedschaft bei SPKA f\u00fcr Organisationen Vielen Dank f\u00fcr Ihr Interesse, Mitglied der Swiss Parkour Association zu werden. Dank Ihrer Unterst\u00fctzung w\u00e4chst die Bedeutung von Parkour im Bereich der Gesundheitsf\u00f6rderung, des Sports und der Kultur von Tag zu Tag. Mit Ihrer Mitgliedschaft kann die SPKA den Sport langfristig f\u00f6rdern und neue sinnvolle Projekte organisieren. Sie vertreten [&hellip;]\" \/>\n<meta property=\"og:url\" content=\"https:\/\/webstaging.spka.ch\/de\/join-spka-organisation\/\" \/>\n<meta property=\"og:site_name\" content=\"Swiss Parkour Association\" \/>\n<meta property=\"article:modified_time\" content=\"2025-09-03T11:42:42+00:00\" \/>\n<meta property=\"og:image\" content=\"https:\/\/webstaging.spka.ch\/wp-content\/uploads\/briefing-s.jpg\" \/>\n\t<meta property=\"og:image:width\" content=\"1000\" \/>\n\t<meta property=\"og:image:height\" content=\"667\" \/>\n\t<meta property=\"og:image:type\" content=\"image\/jpeg\" \/>\n<meta name=\"twitter:card\" content=\"summary_large_image\" \/>\n<meta name=\"twitter:label1\" content=\"Gesch\u00e4tzte Lesezeit\" \/>\n\t<meta name=\"twitter:data1\" content=\"2\u00a0Minuten\" \/>\n<script type=\"application\/ld+json\" class=\"yoast-schema-graph\">{\"@context\":\"https:\/\/schema.org\",\"@graph\":[{\"@type\":\"WebPage\",\"@id\":\"https:\/\/webstaging.spka.ch\/de\/join-spka-organisation\/\",\"url\":\"https:\/\/webstaging.spka.ch\/de\/join-spka-organisation\/\",\"name\":\"F\u00fcr Organisationen - Swiss Parkour Association\",\"isPartOf\":{\"@id\":\"https:\/\/spka-wordpress-fhf0e0dzb2bveydb.switzerlandnorth-01.azurewebsites.net\/en\/#website\"},\"primaryImageOfPage\":{\"@id\":\"https:\/\/webstaging.spka.ch\/de\/join-spka-organisation\/#primaryimage\"},\"image\":{\"@id\":\"https:\/\/webstaging.spka.ch\/de\/join-spka-organisation\/#primaryimage\"},\"thumbnailUrl\":\"\/wp-content\/uploads\/briefing-s.jpg\",\"datePublished\":\"2025-02-24T16:51:11+00:00\",\"dateModified\":\"2025-09-03T11:42:42+00:00\",\"breadcrumb\":{\"@id\":\"https:\/\/webstaging.spka.ch\/de\/join-spka-organisation\/#breadcrumb\"},\"inLanguage\":\"de\",\"potentialAction\":[{\"@type\":\"ReadAction\",\"target\":[\"https:\/\/webstaging.spka.ch\/de\/join-spka-organisation\/\"]}]},{\"@type\":\"ImageObject\",\"inLanguage\":\"de\",\"@id\":\"https:\/\/webstaging.spka.ch\/de\/join-spka-organisation\/#primaryimage\",\"url\":\"\/wp-content\/uploads\/briefing-s.jpg\",\"contentUrl\":\"\/wp-content\/uploads\/briefing-s.jpg\",\"width\":1000,\"height\":667},{\"@type\":\"BreadcrumbList\",\"@id\":\"https:\/\/webstaging.spka.ch\/de\/join-spka-organisation\/#breadcrumb\",\"itemListElement\":[{\"@type\":\"ListItem\",\"position\":1,\"name\":\"Home\",\"item\":\"https:\/\/spka.ch\/de\/\"},{\"@type\":\"ListItem\",\"position\":2,\"name\":\"F\u00fcr Organisationen\"}]},{\"@type\":\"WebSite\",\"@id\":\"https:\/\/spka-wordpress-fhf0e0dzb2bveydb.switzerlandnorth-01.azurewebsites.net\/en\/#website\",\"url\":\"https:\/\/spka-wordpress-fhf0e0dzb2bveydb.switzerlandnorth-01.azurewebsites.net\/en\/\",\"name\":\"Swiss Parkour Association\",\"description\":\"\",\"publisher\":{\"@id\":\"https:\/\/spka-wordpress-fhf0e0dzb2bveydb.switzerlandnorth-01.azurewebsites.net\/en\/#organization\"},\"potentialAction\":[{\"@type\":\"SearchAction\",\"target\":{\"@type\":\"EntryPoint\",\"urlTemplate\":\"https:\/\/spka-wordpress-fhf0e0dzb2bveydb.switzerlandnorth-01.azurewebsites.net\/en\/?s={search_term_string}\"},\"query-input\":{\"@type\":\"PropertyValueSpecification\",\"valueRequired\":true,\"valueName\":\"search_term_string\"}}],\"inLanguage\":\"de\"},{\"@type\":\"Organization\",\"@id\":\"https:\/\/spka-wordpress-fhf0e0dzb2bveydb.switzerlandnorth-01.azurewebsites.net\/en\/#organization\",\"name\":\"Swiss Parkour Association\",\"url\":\"https:\/\/spka-wordpress-fhf0e0dzb2bveydb.switzerlandnorth-01.azurewebsites.net\/en\/\",\"logo\":{\"@type\":\"ImageObject\",\"inLanguage\":\"de\",\"@id\":\"https:\/\/spka-wordpress-fhf0e0dzb2bveydb.switzerlandnorth-01.azurewebsites.net\/en\/#\/schema\/logo\/image\/\",\"url\":\"\/wp-content\/uploads\/logo-dark-circle.png\",\"contentUrl\":\"\/wp-content\/uploads\/logo-dark-circle.png\",\"width\":527,\"height\":527,\"caption\":\"Swiss Parkour Association\"},\"image\":{\"@id\":\"https:\/\/spka-wordpress-fhf0e0dzb2bveydb.switzerlandnorth-01.azurewebsites.net\/en\/#\/schema\/logo\/image\/\"},\"sameAs\":[\"https:\/\/www.instagram.com\/spka.swiss\/\"]}]}<\/script>\n<!-- \/ Yoast SEO plugin. -->","yoast_head_json":{"title":"F\u00fcr Organisationen - Swiss Parkour Association","robots":{"index":"index","follow":"follow","max-snippet":"max-snippet:-1","max-image-preview":"max-image-preview:large","max-video-preview":"max-video-preview:-1"},"canonical":"https:\/\/webstaging.spka.ch\/de\/join-spka-organisation\/","og_locale":"de_DE","og_type":"article","og_title":"F\u00fcr Organisationen - Swiss Parkour Association","og_description":"Mitgliedschaft bei SPKA f\u00fcr Organisationen Vielen Dank f\u00fcr Ihr Interesse, Mitglied der Swiss Parkour Association zu werden. Dank Ihrer Unterst\u00fctzung w\u00e4chst die Bedeutung von Parkour im Bereich der Gesundheitsf\u00f6rderung, des Sports und der Kultur von Tag zu Tag. Mit Ihrer Mitgliedschaft kann die SPKA den Sport langfristig f\u00f6rdern und neue sinnvolle Projekte organisieren. Sie vertreten [&hellip;]","og_url":"https:\/\/webstaging.spka.ch\/de\/join-spka-organisation\/","og_site_name":"Swiss Parkour Association","article_modified_time":"2025-09-03T11:42:42+00:00","og_image":[{"width":1000,"height":667,"url":"https:\/\/webstaging.spka.ch\/wp-content\/uploads\/briefing-s.jpg","type":"image\/jpeg"}],"twitter_card":"summary_large_image","twitter_misc":{"Gesch\u00e4tzte Lesezeit":"2\u00a0Minuten"},"schema":{"@context":"https:\/\/schema.org","@graph":[{"@type":"WebPage","@id":"https:\/\/webstaging.spka.ch\/de\/join-spka-organisation\/","url":"https:\/\/webstaging.spka.ch\/de\/join-spka-organisation\/","name":"F\u00fcr Organisationen - Swiss Parkour Association","isPartOf":{"@id":"https:\/\/spka-wordpress-fhf0e0dzb2bveydb.switzerlandnorth-01.azurewebsites.net\/en\/#website"},"primaryImageOfPage":{"@id":"https:\/\/webstaging.spka.ch\/de\/join-spka-organisation\/#primaryimage"},"image":{"@id":"https:\/\/webstaging.spka.ch\/de\/join-spka-organisation\/#primaryimage"},"thumbnailUrl":"\/wp-content\/uploads\/briefing-s.jpg","datePublished":"2025-02-24T16:51:11+00:00","dateModified":"2025-09-03T11:42:42+00:00","breadcrumb":{"@id":"https:\/\/webstaging.spka.ch\/de\/join-spka-organisation\/#breadcrumb"},"inLanguage":"de","potentialAction":[{"@type":"ReadAction","target":["https:\/\/webstaging.spka.ch\/de\/join-spka-organisation\/"]}]},{"@type":"ImageObject","inLanguage":"de","@id":"https:\/\/webstaging.spka.ch\/de\/join-spka-organisation\/#primaryimage","url":"\/wp-content\/uploads\/briefing-s.jpg","contentUrl":"\/wp-content\/uploads\/briefing-s.jpg","width":1000,"height":667},{"@type":"BreadcrumbList","@id":"https:\/\/webstaging.spka.ch\/de\/join-spka-organisation\/#breadcrumb","itemListElement":[{"@type":"ListItem","position":1,"name":"Home","item":"https:\/\/spka.ch\/de\/"},{"@type":"ListItem","position":2,"name":"F\u00fcr Organisationen"}]},{"@type":"WebSite","@id":"https:\/\/spka-wordpress-fhf0e0dzb2bveydb.switzerlandnorth-01.azurewebsites.net\/en\/#website","url":"https:\/\/spka-wordpress-fhf0e0dzb2bveydb.switzerlandnorth-01.azurewebsites.net\/en\/","name":"Swiss Parkour Association","description":"","publisher":{"@id":"https:\/\/spka-wordpress-fhf0e0dzb2bveydb.switzerlandnorth-01.azurewebsites.net\/en\/#organization"},"potentialAction":[{"@type":"SearchAction","target":{"@type":"EntryPoint","urlTemplate":"https:\/\/spka-wordpress-fhf0e0dzb2bveydb.switzerlandnorth-01.azurewebsites.net\/en\/?s={search_term_string}"},"query-input":{"@type":"PropertyValueSpecification","valueRequired":true,"valueName":"search_term_string"}}],"inLanguage":"de"},{"@type":"Organization","@id":"https:\/\/spka-wordpress-fhf0e0dzb2bveydb.switzerlandnorth-01.azurewebsites.net\/en\/#organization","name":"Swiss Parkour Association","url":"https:\/\/spka-wordpress-fhf0e0dzb2bveydb.switzerlandnorth-01.azurewebsites.net\/en\/","logo":{"@type":"ImageObject","inLanguage":"de","@id":"https:\/\/spka-wordpress-fhf0e0dzb2bveydb.switzerlandnorth-01.azurewebsites.net\/en\/#\/schema\/logo\/image\/","url":"\/wp-content\/uploads\/logo-dark-circle.png","contentUrl":"\/wp-content\/uploads\/logo-dark-circle.png","width":527,"height":527,"caption":"Swiss Parkour Association"},"image":{"@id":"https:\/\/spka-wordpress-fhf0e0dzb2bveydb.switzerlandnorth-01.azurewebsites.net\/en\/#\/schema\/logo\/image\/"},"sameAs":["https:\/\/www.instagram.com\/spka.swiss\/"]}]}},"jetpack_sharing_enabled":true,"jetpack_shortlink":"https:\/\/wp.me\/PgGha7-gn","_links":{"self":[{"href":"https:\/\/webstaging.spka.ch\/de\/wp-json\/wp\/v2\/pages\/1015","targetHints":{"allow":["GET"]}}],"collection":[{"href":"https:\/\/webstaging.spka.ch\/de\/wp-json\/wp\/v2\/pages"}],"about":[{"href":"https:\/\/webstaging.spka.ch\/de\/wp-json\/wp\/v2\/types\/page"}],"author":[{"embeddable":true,"href":"https:\/\/webstaging.spka.ch\/de\/wp-json\/wp\/v2\/users\/2"}],"replies":[{"embeddable":true,"href":"https:\/\/webstaging.spka.ch\/de\/wp-json\/wp\/v2\/comments?post=1015"}],"version-history":[{"count":5,"href":"https:\/\/webstaging.spka.ch\/de\/wp-json\/wp\/v2\/pages\/1015\/revisions"}],"predecessor-version":[{"id":1292,"href":"https:\/\/webstaging.spka.ch\/de\/wp-json\/wp\/v2\/pages\/1015\/revisions\/1292"}],"wp:featuredmedia":[{"embeddable":true,"href":"https:\/\/webstaging.spka.ch\/de\/wp-json\/wp\/v2\/media\/711"}],"wp:attachment":[{"href":"https:\/\/webstaging.spka.ch\/de\/wp-json\/wp\/v2\/media?parent=1015"}],"curies":[{"name":"wp","href":"https:\/\/api.w.org\/{rel}","templated":true}]}}