{"id":1014,"date":"2025-02-24T17:51:17","date_gmt":"2025-02-24T16:51:17","guid":{"rendered":"https:\/\/webstaging.spka.ch\/jugendsport\/fuer-parkour-lehrer\/"},"modified":"2026-03-24T23:04:35","modified_gmt":"2026-03-24T22:04:35","slug":"js-for-parkour-coaches","status":"publish","type":"page","link":"https:\/\/webstaging.spka.ch\/de\/js\/js-for-parkour-coaches\/","title":{"rendered":"F\u00fcr Parkour-Lehrer"},"content":{"rendered":"\n<h2 class=\"wp-block-heading\">F\u00fcr Parkour-Lehrer<\/h2>\n\n<figure class=\"wp-block-gallery alignfull has-nested-images columns-3 is-cropped wp-block-gallery-1 is-layout-flex wp-block-gallery-is-layout-flex\">\n<figure class=\"wp-block-image size-full\"><a href=\"\/wp-content\/uploads\/JS_Lager-17.jpeg\" target=\"_blank\"><img loading=\"lazy\" decoding=\"async\" width=\"800\" height=\"533\" data-id=\"171\" src=\"\/wp-content\/uploads\/JS_Lager-17.jpeg\" alt=\"\" class=\"wp-image-171\" srcset=\"\/wp-content\/uploads\/JS_Lager-17.jpeg 800w, \/wp-content\/uploads\/JS_Lager-17-300x200.jpeg 300w, \/wp-content\/uploads\/JS_Lager-17-768x512.jpeg 768w\" sizes=\"auto, (max-width: 800px) 100vw, 800px\" \/><\/a><\/figure>\n\n\n\n<figure class=\"wp-block-image size-full\"><a href=\"\/wp-content\/uploads\/JS_Lager-71.jpeg\" target=\"_blank\"><img loading=\"lazy\" decoding=\"async\" width=\"800\" height=\"533\" data-id=\"173\" src=\"\/wp-content\/uploads\/JS_Lager-71.jpeg\" alt=\"\" class=\"wp-image-173\" srcset=\"\/wp-content\/uploads\/JS_Lager-71.jpeg 800w, \/wp-content\/uploads\/JS_Lager-71-300x200.jpeg 300w, \/wp-content\/uploads\/JS_Lager-71-768x512.jpeg 768w\" sizes=\"auto, (max-width: 800px) 100vw, 800px\" \/><\/a><\/figure>\n\n\n\n<figure class=\"wp-block-image size-full\"><a href=\"\/wp-content\/uploads\/JS_Lager-70.jpeg\" target=\"_blank\"><img loading=\"lazy\" decoding=\"async\" width=\"800\" height=\"533\" data-id=\"172\" src=\"\/wp-content\/uploads\/JS_Lager-70.jpeg\" alt=\"\" class=\"wp-image-172\" srcset=\"\/wp-content\/uploads\/JS_Lager-70.jpeg 800w, \/wp-content\/uploads\/JS_Lager-70-300x200.jpeg 300w, \/wp-content\/uploads\/JS_Lager-70-768x512.jpeg 768w\" sizes=\"auto, (max-width: 800px) 100vw, 800px\" \/><\/a><\/figure>\n<\/figure>\n\n<h3 class=\"wp-block-heading\">Wie Sie ein J+S-Parkour Zertifikat erhalten<\/h3>\n\n<p><strong>Sie unterrichten Parkour in einem Club:<\/strong><\/p>\n\n<p>Pr\u00fcfen Sie zun\u00e4chst, ob Sie alle Zulassungsvoraussetzungen f\u00fcr einen J+S Parkour Instructor Kurs erf\u00fcllen. Gehen Sie zu dem Kurs, f\u00fcr den Sie sich anmelden m\u00f6chten, und klicken Sie ihn an, um die Zulassungsvoraussetzungen zu sehen: <\/p>\n\n<blockquote class=\"wp-block-quote is-layout-flow wp-block-quote-is-layout-flow\">\n<p><em><a href=\"https:\/\/www.nds.baspo.admin.ch\/publicArea\/cadreEducationStructure\/cadre\/education-structure\/1727794504771707254\/structure\" target=\"_blank\" rel=\"noreferrer noopener\">Zulassungsbedingungen<\/a> <\/em><\/p>\n<\/blockquote>\n\n<p>Um sich f\u00fcr einen Grundausbildungskurs oder andere J+S-Angebote anzumelden, ben\u00f6tigen Sie einen J+S-Coach. Fragen Sie Ihren Verein, wer Ihr J+S-Coach ist. Nur ein J+S-Coach kann Teilnehmer f\u00fcr Kurse anmelden. Suchen Sie im Jugend+Sport-Kursplan nach einem ausgeschriebenen Kurs, den Sie gerne besuchen m\u00f6chten, und bitten Sie Ihren J+S-Coach, Sie anzumelden. Achten Sie auf die Sprache, in der der Kurs abgehalten wird. Hier finden Sie den Kursplan.     <\/p>\n\n<blockquote class=\"wp-block-quote is-layout-flow wp-block-quote-is-layout-flow\">\n<p><a href=\"https:\/\/www.nds.baspo.admin.ch\/publicArea\/cadreEducationStructure\/cadre\/education-structure\/1727794504771707254\/schedule\"><em>Parkour<\/em> <em>Kursplan<\/em><\/a><\/p>\n<\/blockquote>\n\n<p><strong>Sie unterrichten Parkour selbstst\u00e4ndig:<\/strong><\/p>\n\n<p>Wenn Sie nicht in einem Verein unterrichten oder keinen Zugang zu einem J+S-Coach haben, k\u00f6nnen Sie sich direkt bei unserem Verbandscoach anmelden. Suchen Sie zun\u00e4chst im Jugend+Sport-Kursplan nach einem ausgeschriebenen Kurs, den Sie gerne besuchen m\u00f6chten. Achten Sie auf die Sprache, in der der Kurs abgehalten wird. Hier finden Sie den Kursplan.   <\/p>\n\n<blockquote class=\"wp-block-quote is-layout-flow wp-block-quote-is-layout-flow\">\n<p><a href=\"https:\/\/www.nds.baspo.admin.ch\/publicArea\/cadreEducationStructure\/cadre\/education-structure\/1727794504771707254\/schedule\"><em>Parkour<\/em> <em>Kursplan<\/em><\/a><\/p>\n<\/blockquote>\n\n<blockquote class=\"wp-block-quote is-layout-flow wp-block-quote-is-layout-flow\">\n<p><em>Mail Verband J+S-Coach: <a href=\"mailto:jesse.peveril@spka.ch\">jesse.peveril@spka.ch<\/a><\/em><\/p>\n<\/blockquote>\n\n<hr class=\"wp-block-separator has-alpha-channel-opacity is-style-dots\" style=\"margin-top:var(--wp--preset--spacing--20);margin-bottom:var(--wp--preset--spacing--20)\"\/>\n\n<p>Wenn Sie einen geeigneten Kurs gefunden haben, notieren Sie sich die Kursnummer (z.B. JS-CH 192965) und melden Sie ihn als Referenz an den Verband J+S-Coach zusammen mit den folgenden Informationen:<\/p>\n\n<ul class=\"wp-block-list\">\n<li>J+S Nummer (falls verf\u00fcgbar)<\/li>\n\n\n\n<li>Nachname\/Vorname<\/li>\n\n\n\n<li>Geschlecht<\/li>\n\n\n\n<li>AHV-Nr.<\/li>\n\n\n\n<li>Geburtsdatum<\/li>\n\n\n\n<li>Adresse \/ Stadt<\/li>\n\n\n\n<li>Wohnort \/ Postleitzahl<\/li>\n\n\n\n<li>E-Mail Adresse<\/li>\n\n\n\n<li>Erste Sprache \/ Zweite Sprache<\/li>\n\n\n\n<li>Nationalit\u00e4t<\/li>\n\n\n\n<li>Beruf<\/li>\n<\/ul>\n\n<p>Nach Ihrer Anmeldung erhalten Sie eine Anmeldebest\u00e4tigung. Ca. 2-4 Wochen vor Ihrem J+S Kurs erhalten Sie alle Informationen in der offiziellen Kurseinladung vom Kursveranstalter. Wenn Sie Fragen zu den Kursen oder zur Anmeldung haben, k\u00f6nnen Sie sich jederzeit an die f\u00fcr die Ausbildung zust\u00e4ndige Person wenden (julian.dutoit@spka.ch).   <\/p>\n\n<p>Wir freuen uns darauf, Sie bald in unserem Kurs begr\u00fc\u00dfen zu d\u00fcrfen!  <\/p>\n\n<h3 class=\"wp-block-heading\"><strong>Die J+S-Videothek ansehen<\/strong><\/h3>\n\n<figure class=\"wp-block-embed is-type-wp-embed is-provider-swiss-parkour-association wp-block-embed-swiss-parkour-association\"><div class=\"wp-block-embed__wrapper\">\n<blockquote class=\"wp-embedded-content\" data-secret=\"YqR0vZtJkr\"><a href=\"https:\/\/www.spka.ch\/de\/js\/parkour-coaching-library\/\">Parkour-Bewegungslehrbibliothek<\/a><\/blockquote><iframe loading=\"lazy\" class=\"wp-embedded-content\" sandbox=\"allow-scripts\" security=\"restricted\" style=\"position: absolute; visibility: hidden;\" title=\"&#8222;Parkour-Bewegungslehrbibliothek&#8220; &#8211; Swiss Parkour Association\" src=\"https:\/\/www.spka.ch\/de\/js\/parkour-coaching-library\/embed\/#?secret=amsAYiNO8r#?secret=YqR0vZtJkr\" data-secret=\"YqR0vZtJkr\" width=\"600\" height=\"338\" frameborder=\"0\" marginwidth=\"0\" marginheight=\"0\" scrolling=\"no\"><\/iframe>\n<\/div><\/figure>\n","protected":false},"excerpt":{"rendered":"<p>F\u00fcr Parkour-Lehrer Wie Sie ein J+S-Parkour Zertifikat erhalten Sie unterrichten Parkour in einem Club: Pr\u00fcfen Sie zun\u00e4chst, ob Sie alle Zulassungsvoraussetzungen f\u00fcr einen J+S Parkour Instructor Kurs erf\u00fcllen. Gehen Sie zu dem Kurs, f\u00fcr den Sie sich anmelden m\u00f6chten, und klicken Sie ihn an, um die Zulassungsvoraussetzungen zu sehen: Zulassungsbedingungen Um sich f\u00fcr einen Grundausbildungskurs [&hellip;]<\/p>\n","protected":false},"author":2,"featured_media":645,"parent":927,"menu_order":0,"comment_status":"closed","ping_status":"closed","template":"","meta":{"footnotes":""},"class_list":["post-1014","page","type-page","status-publish","has-post-thumbnail","hentry"],"blocksy_meta":[],"yoast_head":"<!-- This site is optimized with the Yoast SEO plugin v27.2 - https:\/\/yoast.com\/product\/yoast-seo-wordpress\/ -->\n<title>F\u00fcr Parkour-Lehrer - Swiss Parkour Association<\/title>\n<meta name=\"robots\" content=\"index, follow, max-snippet:-1, max-image-preview:large, max-video-preview:-1\" \/>\n<link rel=\"canonical\" href=\"https:\/\/webstaging.spka.ch\/de\/js\/js-for-parkour-coaches\/\" \/>\n<meta property=\"og:locale\" content=\"de_DE\" \/>\n<meta property=\"og:type\" content=\"article\" \/>\n<meta property=\"og:title\" content=\"F\u00fcr Parkour-Lehrer - Swiss Parkour Association\" \/>\n<meta property=\"og:description\" content=\"F\u00fcr Parkour-Lehrer Wie Sie ein J+S-Parkour Zertifikat erhalten Sie unterrichten Parkour in einem Club: Pr\u00fcfen Sie zun\u00e4chst, ob Sie alle Zulassungsvoraussetzungen f\u00fcr einen J+S Parkour Instructor Kurs erf\u00fcllen. Gehen Sie zu dem Kurs, f\u00fcr den Sie sich anmelden m\u00f6chten, und klicken Sie ihn an, um die Zulassungsvoraussetzungen zu sehen: Zulassungsbedingungen Um sich f\u00fcr einen Grundausbildungskurs [&hellip;]\" \/>\n<meta property=\"og:url\" content=\"https:\/\/webstaging.spka.ch\/de\/js\/js-for-parkour-coaches\/\" \/>\n<meta property=\"og:site_name\" content=\"Swiss Parkour Association\" \/>\n<meta property=\"article:modified_time\" content=\"2026-03-24T22:04:35+00:00\" \/>\n<meta property=\"og:image\" content=\"https:\/\/webstaging.spka.ch\/wp-content\/uploads\/JS_Lager-17.jpeg\" \/>\n\t<meta property=\"og:image:width\" content=\"800\" \/>\n\t<meta property=\"og:image:height\" content=\"533\" \/>\n\t<meta property=\"og:image:type\" content=\"image\/jpeg\" \/>\n<meta name=\"twitter:card\" content=\"summary_large_image\" \/>\n<meta name=\"twitter:label1\" content=\"Gesch\u00e4tzte Lesezeit\" \/>\n\t<meta name=\"twitter:data1\" content=\"2\u00a0Minuten\" \/>\n<script type=\"application\/ld+json\" class=\"yoast-schema-graph\">{\"@context\":\"https:\/\/schema.org\",\"@graph\":[{\"@type\":\"WebPage\",\"@id\":\"https:\/\/webstaging.spka.ch\/de\/js\/js-for-parkour-coaches\/\",\"url\":\"https:\/\/webstaging.spka.ch\/de\/js\/js-for-parkour-coaches\/\",\"name\":\"F\u00fcr Parkour-Lehrer - Swiss Parkour Association\",\"isPartOf\":{\"@id\":\"https:\/\/spka-wordpress-fhf0e0dzb2bveydb.switzerlandnorth-01.azurewebsites.net\/en\/#website\"},\"primaryImageOfPage\":{\"@id\":\"https:\/\/webstaging.spka.ch\/de\/js\/js-for-parkour-coaches\/#primaryimage\"},\"image\":{\"@id\":\"https:\/\/webstaging.spka.ch\/de\/js\/js-for-parkour-coaches\/#primaryimage\"},\"thumbnailUrl\":\"\/wp-content\/uploads\/JS_Lager-17.jpeg\",\"datePublished\":\"2025-02-24T16:51:17+00:00\",\"dateModified\":\"2026-03-24T22:04:35+00:00\",\"breadcrumb\":{\"@id\":\"https:\/\/webstaging.spka.ch\/de\/js\/js-for-parkour-coaches\/#breadcrumb\"},\"inLanguage\":\"de\",\"potentialAction\":[{\"@type\":\"ReadAction\",\"target\":[\"https:\/\/webstaging.spka.ch\/de\/js\/js-for-parkour-coaches\/\"]}]},{\"@type\":\"ImageObject\",\"inLanguage\":\"de\",\"@id\":\"https:\/\/webstaging.spka.ch\/de\/js\/js-for-parkour-coaches\/#primaryimage\",\"url\":\"\/wp-content\/uploads\/JS_Lager-17.jpeg\",\"contentUrl\":\"\/wp-content\/uploads\/JS_Lager-17.jpeg\",\"width\":800,\"height\":533},{\"@type\":\"BreadcrumbList\",\"@id\":\"https:\/\/webstaging.spka.ch\/de\/js\/js-for-parkour-coaches\/#breadcrumb\",\"itemListElement\":[{\"@type\":\"ListItem\",\"position\":1,\"name\":\"Home\",\"item\":\"https:\/\/spka.ch\/de\/\"},{\"@type\":\"ListItem\",\"position\":2,\"name\":\"Youth+Sport Allgemeine Informationen\",\"item\":\"https:\/\/webstaging.spka.ch\/de\/js\/\"},{\"@type\":\"ListItem\",\"position\":3,\"name\":\"F\u00fcr Parkour-Lehrer\"}]},{\"@type\":\"WebSite\",\"@id\":\"https:\/\/spka-wordpress-fhf0e0dzb2bveydb.switzerlandnorth-01.azurewebsites.net\/en\/#website\",\"url\":\"https:\/\/spka-wordpress-fhf0e0dzb2bveydb.switzerlandnorth-01.azurewebsites.net\/en\/\",\"name\":\"Swiss Parkour Association\",\"description\":\"\",\"publisher\":{\"@id\":\"https:\/\/spka-wordpress-fhf0e0dzb2bveydb.switzerlandnorth-01.azurewebsites.net\/en\/#organization\"},\"potentialAction\":[{\"@type\":\"SearchAction\",\"target\":{\"@type\":\"EntryPoint\",\"urlTemplate\":\"https:\/\/spka-wordpress-fhf0e0dzb2bveydb.switzerlandnorth-01.azurewebsites.net\/en\/?s={search_term_string}\"},\"query-input\":{\"@type\":\"PropertyValueSpecification\",\"valueRequired\":true,\"valueName\":\"search_term_string\"}}],\"inLanguage\":\"de\"},{\"@type\":\"Organization\",\"@id\":\"https:\/\/spka-wordpress-fhf0e0dzb2bveydb.switzerlandnorth-01.azurewebsites.net\/en\/#organization\",\"name\":\"Swiss Parkour Association\",\"url\":\"https:\/\/spka-wordpress-fhf0e0dzb2bveydb.switzerlandnorth-01.azurewebsites.net\/en\/\",\"logo\":{\"@type\":\"ImageObject\",\"inLanguage\":\"de\",\"@id\":\"https:\/\/spka-wordpress-fhf0e0dzb2bveydb.switzerlandnorth-01.azurewebsites.net\/en\/#\/schema\/logo\/image\/\",\"url\":\"\/wp-content\/uploads\/logo-dark-circle.png\",\"contentUrl\":\"\/wp-content\/uploads\/logo-dark-circle.png\",\"width\":527,\"height\":527,\"caption\":\"Swiss Parkour Association\"},\"image\":{\"@id\":\"https:\/\/spka-wordpress-fhf0e0dzb2bveydb.switzerlandnorth-01.azurewebsites.net\/en\/#\/schema\/logo\/image\/\"},\"sameAs\":[\"https:\/\/www.instagram.com\/spka.swiss\/\"]}]}<\/script>\n<!-- \/ Yoast SEO plugin. -->","yoast_head_json":{"title":"F\u00fcr Parkour-Lehrer - Swiss Parkour Association","robots":{"index":"index","follow":"follow","max-snippet":"max-snippet:-1","max-image-preview":"max-image-preview:large","max-video-preview":"max-video-preview:-1"},"canonical":"https:\/\/webstaging.spka.ch\/de\/js\/js-for-parkour-coaches\/","og_locale":"de_DE","og_type":"article","og_title":"F\u00fcr Parkour-Lehrer - Swiss Parkour Association","og_description":"F\u00fcr Parkour-Lehrer Wie Sie ein J+S-Parkour Zertifikat erhalten Sie unterrichten Parkour in einem Club: Pr\u00fcfen Sie zun\u00e4chst, ob Sie alle Zulassungsvoraussetzungen f\u00fcr einen J+S Parkour Instructor Kurs erf\u00fcllen. Gehen Sie zu dem Kurs, f\u00fcr den Sie sich anmelden m\u00f6chten, und klicken Sie ihn an, um die Zulassungsvoraussetzungen zu sehen: Zulassungsbedingungen Um sich f\u00fcr einen Grundausbildungskurs [&hellip;]","og_url":"https:\/\/webstaging.spka.ch\/de\/js\/js-for-parkour-coaches\/","og_site_name":"Swiss Parkour Association","article_modified_time":"2026-03-24T22:04:35+00:00","og_image":[{"width":800,"height":533,"url":"https:\/\/webstaging.spka.ch\/wp-content\/uploads\/JS_Lager-17.jpeg","type":"image\/jpeg"}],"twitter_card":"summary_large_image","twitter_misc":{"Gesch\u00e4tzte Lesezeit":"2\u00a0Minuten"},"schema":{"@context":"https:\/\/schema.org","@graph":[{"@type":"WebPage","@id":"https:\/\/webstaging.spka.ch\/de\/js\/js-for-parkour-coaches\/","url":"https:\/\/webstaging.spka.ch\/de\/js\/js-for-parkour-coaches\/","name":"F\u00fcr Parkour-Lehrer - Swiss Parkour Association","isPartOf":{"@id":"https:\/\/spka-wordpress-fhf0e0dzb2bveydb.switzerlandnorth-01.azurewebsites.net\/en\/#website"},"primaryImageOfPage":{"@id":"https:\/\/webstaging.spka.ch\/de\/js\/js-for-parkour-coaches\/#primaryimage"},"image":{"@id":"https:\/\/webstaging.spka.ch\/de\/js\/js-for-parkour-coaches\/#primaryimage"},"thumbnailUrl":"\/wp-content\/uploads\/JS_Lager-17.jpeg","datePublished":"2025-02-24T16:51:17+00:00","dateModified":"2026-03-24T22:04:35+00:00","breadcrumb":{"@id":"https:\/\/webstaging.spka.ch\/de\/js\/js-for-parkour-coaches\/#breadcrumb"},"inLanguage":"de","potentialAction":[{"@type":"ReadAction","target":["https:\/\/webstaging.spka.ch\/de\/js\/js-for-parkour-coaches\/"]}]},{"@type":"ImageObject","inLanguage":"de","@id":"https:\/\/webstaging.spka.ch\/de\/js\/js-for-parkour-coaches\/#primaryimage","url":"\/wp-content\/uploads\/JS_Lager-17.jpeg","contentUrl":"\/wp-content\/uploads\/JS_Lager-17.jpeg","width":800,"height":533},{"@type":"BreadcrumbList","@id":"https:\/\/webstaging.spka.ch\/de\/js\/js-for-parkour-coaches\/#breadcrumb","itemListElement":[{"@type":"ListItem","position":1,"name":"Home","item":"https:\/\/spka.ch\/de\/"},{"@type":"ListItem","position":2,"name":"Youth+Sport Allgemeine Informationen","item":"https:\/\/webstaging.spka.ch\/de\/js\/"},{"@type":"ListItem","position":3,"name":"F\u00fcr Parkour-Lehrer"}]},{"@type":"WebSite","@id":"https:\/\/spka-wordpress-fhf0e0dzb2bveydb.switzerlandnorth-01.azurewebsites.net\/en\/#website","url":"https:\/\/spka-wordpress-fhf0e0dzb2bveydb.switzerlandnorth-01.azurewebsites.net\/en\/","name":"Swiss Parkour Association","description":"","publisher":{"@id":"https:\/\/spka-wordpress-fhf0e0dzb2bveydb.switzerlandnorth-01.azurewebsites.net\/en\/#organization"},"potentialAction":[{"@type":"SearchAction","target":{"@type":"EntryPoint","urlTemplate":"https:\/\/spka-wordpress-fhf0e0dzb2bveydb.switzerlandnorth-01.azurewebsites.net\/en\/?s={search_term_string}"},"query-input":{"@type":"PropertyValueSpecification","valueRequired":true,"valueName":"search_term_string"}}],"inLanguage":"de"},{"@type":"Organization","@id":"https:\/\/spka-wordpress-fhf0e0dzb2bveydb.switzerlandnorth-01.azurewebsites.net\/en\/#organization","name":"Swiss Parkour Association","url":"https:\/\/spka-wordpress-fhf0e0dzb2bveydb.switzerlandnorth-01.azurewebsites.net\/en\/","logo":{"@type":"ImageObject","inLanguage":"de","@id":"https:\/\/spka-wordpress-fhf0e0dzb2bveydb.switzerlandnorth-01.azurewebsites.net\/en\/#\/schema\/logo\/image\/","url":"\/wp-content\/uploads\/logo-dark-circle.png","contentUrl":"\/wp-content\/uploads\/logo-dark-circle.png","width":527,"height":527,"caption":"Swiss Parkour Association"},"image":{"@id":"https:\/\/spka-wordpress-fhf0e0dzb2bveydb.switzerlandnorth-01.azurewebsites.net\/en\/#\/schema\/logo\/image\/"},"sameAs":["https:\/\/www.instagram.com\/spka.swiss\/"]}]}},"jetpack_sharing_enabled":true,"jetpack_shortlink":"https:\/\/wp.me\/PgGha7-gm","_links":{"self":[{"href":"https:\/\/webstaging.spka.ch\/de\/wp-json\/wp\/v2\/pages\/1014","targetHints":{"allow":["GET"]}}],"collection":[{"href":"https:\/\/webstaging.spka.ch\/de\/wp-json\/wp\/v2\/pages"}],"about":[{"href":"https:\/\/webstaging.spka.ch\/de\/wp-json\/wp\/v2\/types\/page"}],"author":[{"embeddable":true,"href":"https:\/\/webstaging.spka.ch\/de\/wp-json\/wp\/v2\/users\/2"}],"replies":[{"embeddable":true,"href":"https:\/\/webstaging.spka.ch\/de\/wp-json\/wp\/v2\/comments?post=1014"}],"version-history":[{"count":7,"href":"https:\/\/webstaging.spka.ch\/de\/wp-json\/wp\/v2\/pages\/1014\/revisions"}],"predecessor-version":[{"id":1863,"href":"https:\/\/webstaging.spka.ch\/de\/wp-json\/wp\/v2\/pages\/1014\/revisions\/1863"}],"up":[{"embeddable":true,"href":"https:\/\/webstaging.spka.ch\/de\/wp-json\/wp\/v2\/pages\/927"}],"wp:featuredmedia":[{"embeddable":true,"href":"https:\/\/webstaging.spka.ch\/de\/wp-json\/wp\/v2\/media\/645"}],"wp:attachment":[{"href":"https:\/\/webstaging.spka.ch\/de\/wp-json\/wp\/v2\/media?parent=1014"}],"curies":[{"name":"wp","href":"https:\/\/api.w.org\/{rel}","templated":true}]}}